{"id":1011,"date":"2013-09-03T15:44:53","date_gmt":"2013-09-03T15:44:53","guid":{"rendered":"https:\/\/imgcontainerchassis.com\/es\/?page_id=1011"},"modified":"2016-07-24T17:34:19","modified_gmt":"2016-07-24T17:34:19","slug":"chassis-porta-contenedores-nuevos-para-contenedores-40-pies","status":"publish","type":"page","link":"https:\/\/www.imgcontainerchassis.com\/es\/chassis-porta-contenedores-nuevos-para-contenedores-40-pies\/","title":{"rendered":"Chassis Porta Contenedores Nuevos Para Contenedores 40 Pies"},"content":{"rendered":"<pre><div class=\"demo-sep sep-none\" style=\"margin-top:-60px;\"><\/div><\/pre>\n<h1 style=\"text-align: center;\"><strong><span style=\"color: #0000ff;\">Chassis Porta Contenedores Nuevos Para Contenedores 40 Pies<\/span><\/strong><\/h1>\n<pre><div class=\"demo-sep sep-none\" style=\"margin-top:-20px;\"><\/div><\/pre>\n<p style=\"text-align: center;\"><img decoding=\"async\" class=\"aligncenter size-full wp-image-4522\" alt=\"cheetah-chassis-logo\" src=\"https:\/\/www.imgcontainerchassis.com\/wp-content\/uploads\/2013\/03\/cheetah-chassis-logo.png\" \/><\/p>\n<pre><div class=\"demo-sep sep-none\" style=\"margin-top:-20px;\"><\/div><\/pre>\n<h2 style=\"text-align: center;\"><span style=\"color: #0000ff;\"><strong>Cheetah es el nuevo nombre de los chassis marca Strick.<\/strong><\/span><\/h2>\n<pre><div class=\"demo-sep sep-none\" style=\"margin-top:-20px;\"><\/div><\/pre>\n<h2 style=\"text-align: center;\">Chassis con cuello de ganzo, chassis con estructura recta, chassis con ejes fijos, chassis con ejes re-corredizos, chassis extensibles, chassis combo con 8 pins o chassis combo con 12 pins, chassis para ISO tanques, dollies, chassis con dos ejes o chassis con 5 ejes.<\/h2>\n<hr \/>\n<h2 style=\"text-align: center;\"><span style=\"color: #0000ff;\">Transporte sus contenedores usando el mejor chassis \u201cCheetah Chassis\u201d.<\/span><\/h2>\n<div class=\"flexslider\" style=\"overflow:hidden;max-width:100%;height:100%;\"><ul class=\"slides\">\n<li class=\"image\"><img decoding=\"async\" src=\"https:\/\/imgcontainerchassis.com\/es\/wp-content\/uploads\/2013\/08\/chassis-nuevos-porta-contenedores-cheetah-1.jpg\" alt=\"\" \/><\/li>\n<li class=\"image\"><img decoding=\"async\" src=\"https:\/\/imgcontainerchassis.com\/es\/wp-content\/uploads\/2013\/08\/chassis-nuevos-porta-contenedores-cheetah-2.jpg\" alt=\"\" \/><\/li>\n<li class=\"image\"><img decoding=\"async\" src=\"https:\/\/imgcontainerchassis.com\/es\/wp-content\/uploads\/2013\/08\/chassis-nuevos-porta-contenedores-cheetah-3.jpg\" alt=\"\" \/><\/li>\n<li class=\"image\"><img decoding=\"async\" src=\"https:\/\/imgcontainerchassis.com\/es\/wp-content\/uploads\/2013\/08\/chassis-nuevos-porta-contenedores-cheetah-4.jpg\" alt=\"\" \/><\/li>\n<li class=\"image\"><img decoding=\"async\" src=\"https:\/\/imgcontainerchassis.com\/es\/wp-content\/uploads\/2013\/08\/chassis-nuevos-porta-contenedores-cheetah-5.jpg\" alt=\"\" \/><\/li>\n<li class=\"image\"><img decoding=\"async\" src=\"https:\/\/imgcontainerchassis.com\/es\/wp-content\/uploads\/2013\/08\/chassis-nuevos-porta-contenedores-cheetah-6.jpg\" alt=\"\" \/><\/li><\/ul><\/div>\n<pre><div class=\"demo-sep sep-none\" style=\"margin-top:-40px;\"><\/div><\/pre>\n<p><a href=\"https:\/\/www.imgcontainerchassis.com\/es\/chassis-porta-contenedor-40-pies-cuello-ganzo-dos-ejes\/\"><img loading=\"lazy\" decoding=\"async\" class=\"alignleft size-full wp-image-6331\" alt=\"chas\" src=\"https:\/\/www.imgcontainerchassis.com\/wp-content\/uploads\/2013\/06\/New-40\u2019-Gooseneck-Container-Chassis-Tandem.jpg\" width=\"171\" height=\"102\" \/><\/a><\/p>\n<h2><strong><a href=\"https:\/\/www.imgcontainerchassis.com\/es\/chassis-porta-contenedor-40-pies-cuello-ganzo-dos-ejes\/\"><span style=\"color: #0000ff;\">Chassis portacontenedor de 40\u2019 con cuello de ganzo de dos ejes<\/span><\/a><\/strong><\/h2>\n<pre><div class=\"demo-sep sep-none\" style=\"margin-top:-15px;\"><\/div><\/pre>\n<p>Este es el chassis m\u00e1s conocido y utilizado, est\u00e1 dise\u00f1ado para transportar un Contenedor High Cube de 40\u2019 pies con altura m\u00e1xima de 9\u20196\u201d. Chassis pesa aproximadamente 6,600 lbs.<\/p>\n<p style=\"text-align: right;\"><em><a title=\"Click For Details.\" href=\"https:\/\/www.imgcontainerchassis.com\/es\/chassis-porta-contenedor-40-pies-cuello-ganzo-dos-ejes\/\"><span style=\"color: #1e67b1;\"><strong>&#8212;&gt;<\/strong> Detalles t\u00e9cnicos<\/span><\/a><\/em><\/p>\n<hr \/>\n<p><a href=\"https:\/\/www.imgcontainerchassis.com\/es\/chassis-porta-contenedor-liviano-40-pies-cuello-ganzo-dos-ejes\/\"><img loading=\"lazy\" decoding=\"async\" class=\"alignleft size-full wp-image-6331\" alt=\"chas\" src=\"https:\/\/www.imgcontainerchassis.com\/wp-content\/uploads\/2013\/06\/New-40\u2019-Gooseneck-Lightweight.jpg\" width=\"171\" height=\"102\" \/><\/a><\/p>\n<h2><strong><a href=\"https:\/\/www.imgcontainerchassis.com\/es\/chassis-porta-contenedor-liviano-40-pies-cuello-ganzo-dos-ejes\/\"><span style=\"color: #0000ff;\"> Chassis portacontenedor Liviano de 40\u2019 con cuello de ganzo de dos ejes<\/span><\/a><\/strong><\/h2>\n<pre><div class=\"demo-sep sep-none\" style=\"margin-top:-15px;\"><\/div><\/pre>\n<p>Chassis pesa solo 5,150 lbs, fue dise\u00f1ado para transportar contenedores de 40 pies con carga m\u00e1s pesada<\/p>\n<p style=\"text-align: right;\"><em><a title=\"Click For Details.\" href=\"https:\/\/www.imgcontainerchassis.com\/es\/chassis-porta-contenedor-liviano-40-pies-cuello-ganzo-dos-ejes\/\"><span style=\"color: #1e67b1;\"><strong>&#8212;&gt;<\/strong> Detalles t\u00e9cnicos<\/span><\/a><\/em><\/p>\n<hr \/>\n<p><a href=\"https:\/\/www.imgcontainerchassis.com\/es\/chassis-porta-contenedor-nuevo-40-pies-cuello-ganzo-tres-ejes\/\"><img loading=\"lazy\" decoding=\"async\" class=\"alignleft size-full wp-image-6331\" alt=\"chas\" src=\"https:\/\/www.imgcontainerchassis.com\/wp-content\/uploads\/2013\/06\/New-40\u2019-Gooseneck-Chassis-Tridem.jpg\" width=\"171\" height=\"102\" \/><\/a><\/p>\n<h2><strong><a href=\"https:\/\/www.imgcontainerchassis.com\/es\/chassis-porta-contenedor-nuevo-40-pies-cuello-ganzo-tres-ejes\/\"><span style=\"color: #0000ff;\">Chassis portacontenedor nuevo de 40\u2019 con cuello de ganzo de tres ejes   <\/span><\/a><\/strong><\/h2>\n<pre><div class=\"demo-sep sep-none\" style=\"margin-top:-15px;\"><\/div><\/pre>\n<p>Este chassis con tres ejes incrementa la capacidad de carga (carga (La f\u00f3rmula del Puente en USA).<\/p>\n<p style=\"text-align: right;\"><em><a title=\"Click For Details.\" href=\"https:\/\/www.imgcontainerchassis.com\/es\/chassis-porta-contenedor-nuevo-40-pies-cuello-ganzo-tres-ejes\/\"><span style=\"color: #1e67b1;\"><strong>&#8212;&gt;<\/strong> Detalles t\u00e9cnicos<\/span><\/a><\/em><\/p>\n<hr \/>\n<p><a href=\"https:\/\/www.imgcontainerchassis.com\/es\/chassis-porta-contenedor-nuevo-heavy-duty-40-pies-cuello-ganzo-8-pins\/\"><img loading=\"lazy\" decoding=\"async\" class=\"alignleft size-full wp-image-6331\" alt=\"chas\" src=\"https:\/\/www.imgcontainerchassis.com\/wp-content\/uploads\/2013\/06\/New-40\u2019-Tandem-Axle-HD-Eight-Pin-Chassis.jpg\" width=\"171\" height=\"102\" \/><\/a><\/p>\n<h2><strong><a href=\"https:\/\/www.imgcontainerchassis.com\/es\/chassis-porta-contenedor-nuevo-heavy-duty-40-pies-cuello-ganzo-8-pins\/\"><span style=\"color: #0000ff;\">  Chassis portacontenedor nuevo heavy duty de 40\u2019 pies con cuello de ganzo con 8 pins (modelo combo).  <\/span><\/a><\/strong><\/h2>\n<pre><div class=\"demo-sep sep-none\" style=\"margin-top:-15px;\"><\/div><\/pre>\n<p>Dise\u00f1ado para transportar un contenedor de 40\u2019, dos contenedores vac\u00edos de 20 pies o un contenedor de 20 pies con carga liviana.<\/p>\n<p style=\"text-align: right;\"><em><a title=\"Click For Details.\" href=\"https:\/\/www.imgcontainerchassis.com\/es\/chassis-porta-contenedor-nuevo-heavy-duty-40-pies-cuello-ganzo-8-pins\/\"><span style=\"color: #1e67b1;\"><strong>&#8212;&gt;<\/strong> Detalles t\u00e9cnicos<\/span><\/a><\/em><\/p>\n<hr \/>\n<p><a href=\"https:\/\/www.imgcontainerchassis.com\/es\/chassis-porta-contenedor-nuevo-43-pies-cuello-ganzo-para-industria-aire-o-gas\/\"><img loading=\"lazy\" decoding=\"async\" class=\"alignleft size-full wp-image-6331\" alt=\"chas\" src=\"https:\/\/www.imgcontainerchassis.com\/wp-content\/uploads\/2013\/06\/New-43\u2019-Air-Gas-Industry-Gooseneck-Chassis.jpg\" width=\"171\" height=\"102\" \/><\/a><\/p>\n<h2><strong><a href=\"https:\/\/www.imgcontainerchassis.com\/es\/chassis-porta-contenedor-nuevo-43-pies-cuello-ganzo-para-industria-aire-o-gas\/\"><span style=\"color: #0000ff;\"> Chassis portacontenedor nuevo de 43\u2019 pies con cuello de ganzo para la industria del Aire o Gas.  <\/span><\/a><\/strong><\/h2>\n<pre><div class=\"demo-sep sep-none\" style=\"margin-top:-15px;\"><\/div><\/pre>\n<p>Chassis tiene gradas en la parte de atr\u00e1s, para f\u00e1cil acceso a la parte posterior del contenedor de 40 pies.<\/p>\n<p style=\"text-align: right;\"><em><a title=\"Click For Details.\" href=\"https:\/\/www.imgcontainerchassis.com\/es\/chassis-porta-contenedor-nuevo-43-pies-cuello-ganzo-para-industria-aire-o-gas\/\"><span style=\"color: #1e67b1;\"><strong>&#8212;&gt;<\/strong> Detalles t\u00e9cnicos<\/span><\/a><\/em><\/p>\n<hr \/>\n<p><a href=\"https:\/\/www.imgcontainerchassis.com\/es\/chassis-porta-contenedor-nuevo-extensible-46-55-pies-cuello-ganzo-4-ejes\/\"><img loading=\"lazy\" decoding=\"async\" class=\"alignleft size-full wp-image-6331\" alt=\"chas\" src=\"https:\/\/www.imgcontainerchassis.com\/wp-content\/uploads\/2013\/06\/New-46\u2019-55\u2019-Extension-Slide-Quad-Axle-Gooseneck.jpg\" width=\"171\" height=\"102\" \/><\/a><\/p>\n<h2><strong><a href=\"https:\/\/www.imgcontainerchassis.com\/es\/chassis-porta-contenedor-nuevo-extensible-46-55-pies-cuello-ganzo-4-ejes\/\"><span style=\"color: #0000ff;\">Chassis portacontenedor nuevo extensible de 46\u2019-55\u2019 cuello de ganzo con 4 ejes  <\/span><\/a><\/strong><\/h2>\n<pre><div class=\"demo-sep sep-none\" style=\"margin-top:-15px;\"><\/div><\/pre>\n<p>Dise\u00f1ado para transportar un contenedor de 40\u2019 pies, chassis cumple la f\u00f3rmula del puente en el Noroeste del Pacifico.<\/p>\n<p style=\"text-align: right;\"><em><a title=\"Click For Details.\" href=\"https:\/\/www.imgcontainerchassis.com\/es\/chassis-porta-contenedor-nuevo-extensible-46-55-pies-cuello-ganzo-4-ejes\/\"><span style=\"color: #1e67b1;\"><strong>&#8212;&gt;<\/strong> Detalles t\u00e9cnicos<\/span><\/a><\/em><\/p>\n<hr \/>\n<h2 style=\"text-align: center;\"><em><strong><span style=\"color: #000000;\">Click Below To See More New Cheetah Chassis Models<\/span><\/strong><\/em><\/h2>\n<div class=\"one_half\">\n<h2><a href=\"https:\/\/www.imgcontainerchassis.com\/es\/chassis-porta-contenedores-nuevos-para-contenedores-20-pies\/\"><span style=\"background-color: #c5c7c6;\"><strong><span style=\"color: #ffffff;\">Chassis Nuevos 20&#8242; Pies<\/span><\/strong><\/span><\/a><\/h2>\n<h2><a href=\"https:\/\/www.imgcontainerchassis.com\/es\/chassis-porta-contenedores-nuevos-para-contenedores-40-pies\/\"><span style=\"background-color: #c5c7c6;\"><strong><span style=\"color: #ffffff;\">Chassis Nuevos 40&#8242; Pies<\/span><\/strong><\/span><\/a><\/h2>\n<h2><a href=\"https:\/\/www.imgcontainerchassis.com\/es\/chassis-porta-contenedores-nuevos-ejes-deslizables-para-contenedores-20-40-pies\/\"><span style=\"background-color: #c5c7c6;\"><strong><span style=\"color: #ffffff;\">Chassis Ejes Deslizables 20-40&#8242;<\/span><\/strong><\/span><\/a><\/h2>\n<h2><a href=\"https:\/\/www.imgcontainerchassis.com\/es\/chassis-porta-contenedores-nuevos-estructura-extensible\/\"><span style=\"background-color: #c5c7c6;\"><strong><span style=\"color: #ffffff;\">Chassis Estructura Extensible<\/span><\/strong><\/span><\/a><\/h2>\n<h2><a href=\"https:\/\/www.imgcontainerchassis.com\/es\/chassis-porta-contenedores-nuevos-para-contenedores-53-pies\/\"><span style=\"background-color: #c5c7c6;\"><strong><span style=\"color: #ffffff;\">Chassis Nuevos 53&#8242; Pies<\/span><\/strong><\/span><\/a><\/h2>\n<\/div>\n<div class=\"one_half last\">\n<h2><a href=\"https:\/\/www.imgcontainerchassis.com\/es\/chassis-nuevos-para-iso-tanque-contenedor-20-pies\/\"><span style=\"background-color: #c5c7c6;\"><strong><span style=\"color: #ffffff;\">Chassis  Nuevos ISO Tanque 20&#8242;<\/span><\/strong><\/span><\/a><\/h2>\n<h2><a href=\"https:\/\/www.imgcontainerchassis.com\/es\/chassis-nuevos-iso-generadores-30-pies\/\"><span style=\"background-color: #c5c7c6;\"><strong><span style=\"color: #ffffff;\">Chassis ISO Generadores 30&#8242; Pies<\/span><\/strong><\/span><\/a><\/h2>\n<h2><a href=\"https:\/\/www.imgcontainerchassis.com\/es\/chassis-nuevos-b-train-para-contenedores-20-pies\/\"><span style=\"background-color: #c5c7c6;\"><strong><span style=\"color: #ffffff;\">Chassis B-train para 20&#8242; Pies<\/span><\/strong><\/span><\/a><\/h2>\n<h2><a href=\"https:\/\/www.imgcontainerchassis.com\/es\/plataformas-nuevas\/\"><span style=\"background-color: #c5c7c6;\"><strong><span style=\"color: #ffffff;\">Plataformas Nuevas<\/span><\/strong><\/span><\/a><\/h2>\n<h2><a href=\"https:\/\/www.imgcontainerchassis.com\/es\/otros-chassis-trailers\/\"><span style=\"background-color: #c5c7c6;\"><strong><span style=\"color: #ffffff;\">Otros Chassis Trailers<\/span><\/strong><\/span><\/a><\/h2>\n<\/div><div class=\"clearboth\"><\/div>\n<pre><img loading=\"lazy\" decoding=\"async\" class=\"aligncenter size-full wp-image-4721\" alt=\"img-commerce-co-portacontenedores\" src=\"https:\/\/www.imgcontainerchassis.com\/es\/wp-content\/uploads\/2013\/08\/img-commerce-co-portacontenedores.jpg\" width=\"942\" height=\"150\" \/><\/p>\n","protected":false},"excerpt":{"rendered":"<p>Chassis Porta Contenedores Nuevos Para Contenedores 40 Pies Cheetah es el nuevo nombre de los chassis marca Strick. Chassis con cuello de ganzo, chassis con estructura recta, chassis con ejes fijos, chassis con ejes re-corredizos, chassis extensibles, chassis combo con 8 pins o chassis combo con 12 pins, chassis para [&hellip;]<\/p>\n","protected":false},"author":5,"featured_media":0,"parent":0,"menu_order":0,"comment_status":"closed","ping_status":"closed","template":"","meta":{"_exactmetrics_skip_tracking":false,"_exactmetrics_sitenote_active":false,"_exactmetrics_sitenote_note":"","_exactmetrics_sitenote_category":0,"footnotes":""},"class_list":["post-1011","page","type-page","status-publish","hentry"],"yoast_head":"<!-- This site is optimized with the Yoast SEO plugin v27.4 - https:\/\/yoast.com\/product\/yoast-seo-wordpress\/ -->\n<title>Chassis Porta Contenedores Nuevos Para Contenedores 40 Pies -<\/title>\n<meta name=\"robots\" content=\"noindex, follow\" \/>\n<meta property=\"og:locale\" content=\"en_US\" \/>\n<meta property=\"og:type\" content=\"article\" \/>\n<meta property=\"og:title\" content=\"Chassis Porta Contenedores Nuevos Para Contenedores 40 Pies -\" \/>\n<meta property=\"og:description\" content=\"Chassis Porta Contenedores Nuevos Para Contenedores 40 Pies Cheetah es el nuevo nombre de los chassis marca Strick. Chassis con cuello de ganzo, chassis con estructura recta, chassis con ejes fijos, chassis con ejes re-corredizos, chassis extensibles, chassis combo con 8 pins o chassis combo con 12 pins, chassis para [&hellip;]\" \/>\n<meta property=\"og:url\" content=\"https:\/\/www.imgcontainerchassis.com\/es\/chassis-porta-contenedores-nuevos-para-contenedores-40-pies\/\" \/>\n<meta property=\"article:modified_time\" content=\"2016-07-24T17:34:19+00:00\" \/>\n<meta property=\"og:image\" content=\"https:\/\/www.imgcontainerchassis.com\/wp-content\/uploads\/2013\/03\/cheetah-chassis-logo.png\" \/>\n<meta name=\"twitter:label1\" content=\"Est. reading time\" \/>\n\t<meta name=\"twitter:data1\" content=\"2 minutes\" \/>\n<script type=\"application\/ld+json\" class=\"yoast-schema-graph\">{\"@context\":\"https:\\\/\\\/schema.org\",\"@graph\":[{\"@type\":\"WebPage\",\"@id\":\"https:\\\/\\\/www.imgcontainerchassis.com\\\/es\\\/chassis-porta-contenedores-nuevos-para-contenedores-40-pies\\\/\",\"url\":\"https:\\\/\\\/www.imgcontainerchassis.com\\\/es\\\/chassis-porta-contenedores-nuevos-para-contenedores-40-pies\\\/\",\"name\":\"Chassis Porta Contenedores Nuevos Para Contenedores 40 Pies -\",\"isPartOf\":{\"@id\":\"https:\\\/\\\/www.imgcontainerchassis.com\\\/es\\\/#website\"},\"primaryImageOfPage\":{\"@id\":\"https:\\\/\\\/www.imgcontainerchassis.com\\\/es\\\/chassis-porta-contenedores-nuevos-para-contenedores-40-pies\\\/#primaryimage\"},\"image\":{\"@id\":\"https:\\\/\\\/www.imgcontainerchassis.com\\\/es\\\/chassis-porta-contenedores-nuevos-para-contenedores-40-pies\\\/#primaryimage\"},\"thumbnailUrl\":\"https:\\\/\\\/www.imgcontainerchassis.com\\\/wp-content\\\/uploads\\\/2013\\\/03\\\/cheetah-chassis-logo.png\",\"datePublished\":\"2013-09-03T15:44:53+00:00\",\"dateModified\":\"2016-07-24T17:34:19+00:00\",\"breadcrumb\":{\"@id\":\"https:\\\/\\\/www.imgcontainerchassis.com\\\/es\\\/chassis-porta-contenedores-nuevos-para-contenedores-40-pies\\\/#breadcrumb\"},\"inLanguage\":\"en-US\",\"potentialAction\":[{\"@type\":\"ReadAction\",\"target\":[\"https:\\\/\\\/www.imgcontainerchassis.com\\\/es\\\/chassis-porta-contenedores-nuevos-para-contenedores-40-pies\\\/\"]}]},{\"@type\":\"ImageObject\",\"inLanguage\":\"en-US\",\"@id\":\"https:\\\/\\\/www.imgcontainerchassis.com\\\/es\\\/chassis-porta-contenedores-nuevos-para-contenedores-40-pies\\\/#primaryimage\",\"url\":\"https:\\\/\\\/www.imgcontainerchassis.com\\\/wp-content\\\/uploads\\\/2013\\\/03\\\/cheetah-chassis-logo.png\",\"contentUrl\":\"https:\\\/\\\/www.imgcontainerchassis.com\\\/wp-content\\\/uploads\\\/2013\\\/03\\\/cheetah-chassis-logo.png\"},{\"@type\":\"BreadcrumbList\",\"@id\":\"https:\\\/\\\/www.imgcontainerchassis.com\\\/es\\\/chassis-porta-contenedores-nuevos-para-contenedores-40-pies\\\/#breadcrumb\",\"itemListElement\":[{\"@type\":\"ListItem\",\"position\":1,\"name\":\"Home\",\"item\":\"https:\\\/\\\/www.imgcontainerchassis.com\\\/es\\\/\"},{\"@type\":\"ListItem\",\"position\":2,\"name\":\"Chassis Porta Contenedores Nuevos Para Contenedores 40 Pies\"}]},{\"@type\":\"WebSite\",\"@id\":\"https:\\\/\\\/www.imgcontainerchassis.com\\\/es\\\/#website\",\"url\":\"https:\\\/\\\/www.imgcontainerchassis.com\\\/es\\\/\",\"name\":\"\",\"description\":\"\",\"potentialAction\":[{\"@type\":\"SearchAction\",\"target\":{\"@type\":\"EntryPoint\",\"urlTemplate\":\"https:\\\/\\\/www.imgcontainerchassis.com\\\/es\\\/?s={search_term_string}\"},\"query-input\":{\"@type\":\"PropertyValueSpecification\",\"valueRequired\":true,\"valueName\":\"search_term_string\"}}],\"inLanguage\":\"en-US\"}]}<\/script>\n<!-- \/ Yoast SEO plugin. -->","yoast_head_json":{"title":"Chassis Porta Contenedores Nuevos Para Contenedores 40 Pies -","robots":{"index":"noindex","follow":"follow"},"og_locale":"en_US","og_type":"article","og_title":"Chassis Porta Contenedores Nuevos Para Contenedores 40 Pies -","og_description":"Chassis Porta Contenedores Nuevos Para Contenedores 40 Pies Cheetah es el nuevo nombre de los chassis marca Strick. Chassis con cuello de ganzo, chassis con estructura recta, chassis con ejes fijos, chassis con ejes re-corredizos, chassis extensibles, chassis combo con 8 pins o chassis combo con 12 pins, chassis para [&hellip;]","og_url":"https:\/\/www.imgcontainerchassis.com\/es\/chassis-porta-contenedores-nuevos-para-contenedores-40-pies\/","article_modified_time":"2016-07-24T17:34:19+00:00","og_image":[{"url":"https:\/\/www.imgcontainerchassis.com\/wp-content\/uploads\/2013\/03\/cheetah-chassis-logo.png","type":"","width":"","height":""}],"twitter_misc":{"Est. reading time":"2 minutes"},"schema":{"@context":"https:\/\/schema.org","@graph":[{"@type":"WebPage","@id":"https:\/\/www.imgcontainerchassis.com\/es\/chassis-porta-contenedores-nuevos-para-contenedores-40-pies\/","url":"https:\/\/www.imgcontainerchassis.com\/es\/chassis-porta-contenedores-nuevos-para-contenedores-40-pies\/","name":"Chassis Porta Contenedores Nuevos Para Contenedores 40 Pies -","isPartOf":{"@id":"https:\/\/www.imgcontainerchassis.com\/es\/#website"},"primaryImageOfPage":{"@id":"https:\/\/www.imgcontainerchassis.com\/es\/chassis-porta-contenedores-nuevos-para-contenedores-40-pies\/#primaryimage"},"image":{"@id":"https:\/\/www.imgcontainerchassis.com\/es\/chassis-porta-contenedores-nuevos-para-contenedores-40-pies\/#primaryimage"},"thumbnailUrl":"https:\/\/www.imgcontainerchassis.com\/wp-content\/uploads\/2013\/03\/cheetah-chassis-logo.png","datePublished":"2013-09-03T15:44:53+00:00","dateModified":"2016-07-24T17:34:19+00:00","breadcrumb":{"@id":"https:\/\/www.imgcontainerchassis.com\/es\/chassis-porta-contenedores-nuevos-para-contenedores-40-pies\/#breadcrumb"},"inLanguage":"en-US","potentialAction":[{"@type":"ReadAction","target":["https:\/\/www.imgcontainerchassis.com\/es\/chassis-porta-contenedores-nuevos-para-contenedores-40-pies\/"]}]},{"@type":"ImageObject","inLanguage":"en-US","@id":"https:\/\/www.imgcontainerchassis.com\/es\/chassis-porta-contenedores-nuevos-para-contenedores-40-pies\/#primaryimage","url":"https:\/\/www.imgcontainerchassis.com\/wp-content\/uploads\/2013\/03\/cheetah-chassis-logo.png","contentUrl":"https:\/\/www.imgcontainerchassis.com\/wp-content\/uploads\/2013\/03\/cheetah-chassis-logo.png"},{"@type":"BreadcrumbList","@id":"https:\/\/www.imgcontainerchassis.com\/es\/chassis-porta-contenedores-nuevos-para-contenedores-40-pies\/#breadcrumb","itemListElement":[{"@type":"ListItem","position":1,"name":"Home","item":"https:\/\/www.imgcontainerchassis.com\/es\/"},{"@type":"ListItem","position":2,"name":"Chassis Porta Contenedores Nuevos Para Contenedores 40 Pies"}]},{"@type":"WebSite","@id":"https:\/\/www.imgcontainerchassis.com\/es\/#website","url":"https:\/\/www.imgcontainerchassis.com\/es\/","name":"","description":"","potentialAction":[{"@type":"SearchAction","target":{"@type":"EntryPoint","urlTemplate":"https:\/\/www.imgcontainerchassis.com\/es\/?s={search_term_string}"},"query-input":{"@type":"PropertyValueSpecification","valueRequired":true,"valueName":"search_term_string"}}],"inLanguage":"en-US"}]}},"_links":{"self":[{"href":"https:\/\/www.imgcontainerchassis.com\/es\/wp-json\/wp\/v2\/pages\/1011","targetHints":{"allow":["GET"]}}],"collection":[{"href":"https:\/\/www.imgcontainerchassis.com\/es\/wp-json\/wp\/v2\/pages"}],"about":[{"href":"https:\/\/www.imgcontainerchassis.com\/es\/wp-json\/wp\/v2\/types\/page"}],"author":[{"embeddable":true,"href":"https:\/\/www.imgcontainerchassis.com\/es\/wp-json\/wp\/v2\/users\/5"}],"replies":[{"embeddable":true,"href":"https:\/\/www.imgcontainerchassis.com\/es\/wp-json\/wp\/v2\/comments?post=1011"}],"version-history":[{"count":0,"href":"https:\/\/www.imgcontainerchassis.com\/es\/wp-json\/wp\/v2\/pages\/1011\/revisions"}],"wp:attachment":[{"href":"https:\/\/www.imgcontainerchassis.com\/es\/wp-json\/wp\/v2\/media?parent=1011"}],"curies":[{"name":"wp","href":"https:\/\/api.w.org\/{rel}","templated":true}]}}