{"id":106,"date":"2013-08-13T15:39:48","date_gmt":"2013-08-13T15:39:48","guid":{"rendered":"https:\/\/imgcontainerchassis.com\/es\/?page_id=106"},"modified":"2016-07-24T16:30:57","modified_gmt":"2016-07-24T16:30:57","slug":"logistica","status":"publish","type":"page","link":"https:\/\/www.imgcontainerchassis.com\/es\/logistica\/","title":{"rendered":"Log\u00edstica"},"content":{"rendered":"<pre><div class=\"demo-sep sep-none\" style=\"margin-top:-60px;\"><\/div><\/pre>\n<h3><span class=\"dropcap\">IMG<\/span><strong>International Commerce Co,<\/strong> vende y exporta chassis porta contenedores usados y otros equipos de transporte intermodal a clientes en los Estados Unidos y a clientes alrededor del mundo. Nosotros mantenemos un inventario grande de chassis porta contenedores usados en el patio en Miami, Florida y en el patio de Laredo, Texas, nosotros tambi\u00e9n mantenemos un gran inventario en otras ciudades en Estados Unidos<\/h3>\n<div class=\"flexslider\" style=\"overflow:hidden;max-width:100%;height:100%;\"><ul class=\"slides\">\n<li class=\"image\"><img decoding=\"async\" src=\"https:\/\/imgcontainerchassis.com\/es\/wp-content\/uploads\/2013\/08\/img-commerce-co-logistica.jpg\" alt=\"\" \/><\/li>\n<li class=\"image\"><img decoding=\"async\" src=\"https:\/\/imgcontainerchassis.com\/es\/wp-content\/uploads\/2013\/08\/img-commerce-co-logistica-01.jpg\" alt=\"\" \/><\/li>\n<li class=\"image\"><img decoding=\"async\" src=\"https:\/\/imgcontainerchassis.com\/es\/wp-content\/uploads\/2013\/08\/img-commerce-co-logistica-02.jpg\" alt=\"\" \/><\/li>\n<li class=\"image\"><img decoding=\"async\" src=\"https:\/\/imgcontainerchassis.com\/es\/wp-content\/uploads\/2013\/08\/img-commerce-co-logistica.jpg\" alt=\"\" \/><\/li>\n<li class=\"image\"><img decoding=\"async\" src=\"https:\/\/imgcontainerchassis.com\/es\/wp-content\/uploads\/2013\/08\/img-commerce-co-logistica-04.jpg\" alt=\"\" \/><\/li>\n<li class=\"image\"><img decoding=\"async\" src=\"https:\/\/imgcontainerchassis.com\/es\/wp-content\/uploads\/2013\/08\/img-commerce-co-logistica-05.jpg\" alt=\"\" \/><\/li>\n<li class=\"image\"><img decoding=\"async\" src=\"https:\/\/imgcontainerchassis.com\/es\/wp-content\/uploads\/2013\/08\/img-commerce-co-logistica.jpg\" alt=\"\" \/><\/li>\n<li class=\"image\"><img decoding=\"async\" src=\"https:\/\/imgcontainerchassis.com\/es\/wp-content\/uploads\/2013\/08\/img-commerce-co-logistica-05.jpg\" alt=\"\" \/><\/li>\n<li class=\"image\"><img decoding=\"async\" src=\"https:\/\/imgcontainerchassis.com\/es\/wp-content\/uploads\/2013\/08\/img-commerce-co-logistica-06.jpg\" alt=\"\" \/><\/li><\/ul><\/div>\n<pre><div class=\"demo-sep sep-none\" style=\"margin-top:-40px;\"><\/div><\/pre>\n<blockquote>\n<h3>IMG International Commerce Co, se compromete a coordinar el transporte y embarque de los chassis porta contenedores y otros trailers para que lleguen a la ciudad o puerto de destino a tiempo y en muy buenas condiciones. <\/h3>\n<\/blockquote>\n<h3>Los clientes extranjeros siempre se preguntan: como ser\u00e1n transportados los chassis porta contenedores desde nuestros patios en los Estados Unidos hacia los Puertos de embarque o embarcados hasta el Puerto de destino.  Este es un proceso complejo y delicado, que necesita experiencia para hacerlo bien. Nosotros somos expertos en esta \u00e1rea, adem\u00e1s de saber c\u00f3mo hacerlo contamos con compa\u00f1\u00edas de log\u00edstica calificadas trabajando para nosotros. Escogeremos la v\u00eda m\u00e1s econ\u00f3mica y segura para transportar los chassis portacontenedores que usted nos compre. Los chassis porta contenedores o tr\u00e1iler ser\u00e1n movidos, ya sea por carretera, por tren, barco o por un sistema intermodal combinado.<\/h3>\n<h3>Al momento de cotizar los chassis o trailers que necesite, nosotros siempre le ofrecemos el flete terrestre o flete mar\u00edtimo m\u00e1s econ\u00f3mico y seguro, Como resultado de esto, el costo final de su importaci\u00f3n ser\u00e1 m\u00e1s econ\u00f3mico.<\/h3>\n<h3><strong>IMG International Commerce Co,<\/strong> vende chassis portacontenedores y trailers a clientes ubicados en los Estados Unidos y en todo el mundo, actualmente estamos exportando chassis portacontenedores a Rep\u00fablica Dominicana, Puerto Rico, Bahamas, todas las Islas del Caribe, M\u00e9xico, Costa Rica, Guatemala, Honduras, Nicaragua, Panam\u00e1, Venezuela, Colombia, Ecuador, Per\u00fa, Chile, Bolivia, Uruguay, Paraguay, Angola, Nigeria, Costa de Marfil, Kenia, Rusia, Canad\u00e1, Camboya, Vietnam, etc.<\/h3>\n<div class=\"one_third\"><div class=\"accordian\"><\/div>\n<h4><strong>IMG INTERNATIONAL CO. &#8211; CHASSIS<\/strong><\/h4>\n\n<ul class=\"list-icon circle-yes list-icon-color-light list-icon-arrow\">\n<li>Chassis Portacontenedores y ChassisTrailers. <\/li>\n<li>Equipos Nuevos y Usados.<\/li>\n<li>Todo Tipo de Chassis Porta Contenedores. <\/li>\n<\/ul>\n\n<\/div>\n<p style=\"text-align: center;\"><div class=\"one_third\">\n<div class=\"accordian\"><h5 class=\"toggle \"><a href=\"#\"><span class=\"arrow\"><\/span>ENGLISH CONTENT<\/a><\/h5><div class=\"toggle-content \" style=\"\">You can find all this content in English. <a href=\"https:\/\/www.imgcontainerchassis.com\"><strong>Learn More.<\/strong><\/a><\/div>\n<h5 class=\"toggle active\"><a href=\"#\"><span class=\"arrow\"><\/span>INVENTARIO PARA LA VENTA<\/a><\/h5><div class=\"toggle-content default-open\" style=\"display: block;\">Vendemos y exportamos portacontenedores y tr\u00e1ilers usados en excelentes condiciones. Gran cantidad de inventario para la venta. <a href=\"https:\/\/www.imgcontainerchassis.com\/es\/chassis-porta-contenedores-usados-para-venta\/\"><strong>Leer M\u00e1s<\/strong><\/a><\/div>\n<\/div>\n<\/div>\n<div class=\"one_third last\"><img loading=\"lazy\" decoding=\"async\" class=\"aligncenter size-full wp-image-4718\" alt=\"img-commerce-co-logistica\" src=\"https:\/\/imgcontainerchassis.com\/es\/wp-content\/uploads\/2013\/08\/img-commerce-co-logistica-small.jpg\" width=\"290\" height=\"162\" \/><\/p>\n<\/div><div class=\"clearboth\"><\/div>\n<div class=\"demo-sep sep-none\" style=\"margin-top:-20px;\"><\/div>\n<pre><img loading=\"lazy\" decoding=\"async\" class=\"aligncenter size-full wp-image-4721\" alt=\"img-commerce-co-portacontenedores\" src=\"https:\/\/imgcontainerchassis.com\/es\/wp-content\/uploads\/2013\/08\/img-commerce-co-portacontenedores.jpg\" width=\"942\" height=\"150\" \/>\r\n<div class=\"demo-sep sep-none\" style=\"margin-top:-40px;\"><\/div><\/pre>\n","protected":false},"excerpt":{"rendered":"<p>International Commerce Co, vende y exporta chassis porta contenedores usados y otros equipos de transporte intermodal a clientes en los Estados Unidos y a clientes alrededor del mundo. Nosotros mantenemos un inventario grande de chassis porta contenedores usados en el patio en Miami, Florida y en el patio de Laredo, [&hellip;]<\/p>\n","protected":false},"author":5,"featured_media":0,"parent":0,"menu_order":0,"comment_status":"closed","ping_status":"closed","template":"full-width.php","meta":{"_exactmetrics_skip_tracking":false,"_exactmetrics_sitenote_active":false,"_exactmetrics_sitenote_note":"","_exactmetrics_sitenote_category":0,"footnotes":""},"class_list":["post-106","page","type-page","status-publish","hentry"],"yoast_head":"<!-- This site is optimized with the Yoast SEO plugin v27.4 - https:\/\/yoast.com\/product\/yoast-seo-wordpress\/ -->\n<title>Log\u00edstica - IMG International Commerce CO. Exportador Cheetah Chassis<\/title>\n<meta name=\"description\" content=\"Log\u00edstica - Distribuidor Autorizado y Exportador de Chassis Porta Contenedores nuevos y usados como Cheetah, Evans y Strick. Venta Chassis usados y nuevos\" \/>\n<meta name=\"robots\" content=\"index, follow, max-snippet:-1, max-image-preview:large, max-video-preview:-1\" \/>\n<link rel=\"canonical\" href=\"https:\/\/www.imgcontainerchassis.com\/es\/logistica\/\" \/>\n<meta property=\"og:locale\" content=\"en_US\" \/>\n<meta property=\"og:type\" content=\"article\" \/>\n<meta property=\"og:title\" content=\"Log\u00edstica - IMG International Commerce CO. Exportador Cheetah Chassis\" \/>\n<meta property=\"og:description\" content=\"Log\u00edstica - Distribuidor Autorizado y Exportador de Chassis Porta Contenedores nuevos y usados como Cheetah, Evans y Strick. Venta Chassis usados y nuevos\" \/>\n<meta property=\"og:url\" content=\"https:\/\/www.imgcontainerchassis.com\/es\/logistica\/\" \/>\n<meta property=\"article:modified_time\" content=\"2016-07-24T16:30:57+00:00\" \/>\n<meta property=\"og:image\" content=\"https:\/\/imgcontainerchassis.com\/es\/wp-content\/uploads\/2013\/08\/img-commerce-co-logistica-small.jpg\" \/>\n<meta name=\"twitter:label1\" content=\"Est. reading time\" \/>\n\t<meta name=\"twitter:data1\" content=\"3 minutes\" \/>\n<script type=\"application\/ld+json\" class=\"yoast-schema-graph\">{\"@context\":\"https:\\\/\\\/schema.org\",\"@graph\":[{\"@type\":\"WebPage\",\"@id\":\"https:\\\/\\\/www.imgcontainerchassis.com\\\/es\\\/logistica\\\/\",\"url\":\"https:\\\/\\\/www.imgcontainerchassis.com\\\/es\\\/logistica\\\/\",\"name\":\"Log\u00edstica - IMG International Commerce CO. Exportador Cheetah Chassis\",\"isPartOf\":{\"@id\":\"https:\\\/\\\/www.imgcontainerchassis.com\\\/es\\\/#website\"},\"primaryImageOfPage\":{\"@id\":\"https:\\\/\\\/www.imgcontainerchassis.com\\\/es\\\/logistica\\\/#primaryimage\"},\"image\":{\"@id\":\"https:\\\/\\\/www.imgcontainerchassis.com\\\/es\\\/logistica\\\/#primaryimage\"},\"thumbnailUrl\":\"https:\\\/\\\/imgcontainerchassis.com\\\/es\\\/wp-content\\\/uploads\\\/2013\\\/08\\\/img-commerce-co-logistica-small.jpg\",\"datePublished\":\"2013-08-13T15:39:48+00:00\",\"dateModified\":\"2016-07-24T16:30:57+00:00\",\"description\":\"Log\u00edstica - Distribuidor Autorizado y Exportador de Chassis Porta Contenedores nuevos y usados como Cheetah, Evans y Strick. Venta Chassis usados y nuevos\",\"breadcrumb\":{\"@id\":\"https:\\\/\\\/www.imgcontainerchassis.com\\\/es\\\/logistica\\\/#breadcrumb\"},\"inLanguage\":\"en-US\",\"potentialAction\":[{\"@type\":\"ReadAction\",\"target\":[\"https:\\\/\\\/www.imgcontainerchassis.com\\\/es\\\/logistica\\\/\"]}]},{\"@type\":\"ImageObject\",\"inLanguage\":\"en-US\",\"@id\":\"https:\\\/\\\/www.imgcontainerchassis.com\\\/es\\\/logistica\\\/#primaryimage\",\"url\":\"https:\\\/\\\/imgcontainerchassis.com\\\/es\\\/wp-content\\\/uploads\\\/2013\\\/08\\\/img-commerce-co-logistica-small.jpg\",\"contentUrl\":\"https:\\\/\\\/imgcontainerchassis.com\\\/es\\\/wp-content\\\/uploads\\\/2013\\\/08\\\/img-commerce-co-logistica-small.jpg\"},{\"@type\":\"BreadcrumbList\",\"@id\":\"https:\\\/\\\/www.imgcontainerchassis.com\\\/es\\\/logistica\\\/#breadcrumb\",\"itemListElement\":[{\"@type\":\"ListItem\",\"position\":1,\"name\":\"Home\",\"item\":\"https:\\\/\\\/www.imgcontainerchassis.com\\\/es\\\/\"},{\"@type\":\"ListItem\",\"position\":2,\"name\":\"Log\u00edstica\"}]},{\"@type\":\"WebSite\",\"@id\":\"https:\\\/\\\/www.imgcontainerchassis.com\\\/es\\\/#website\",\"url\":\"https:\\\/\\\/www.imgcontainerchassis.com\\\/es\\\/\",\"name\":\"\",\"description\":\"\",\"potentialAction\":[{\"@type\":\"SearchAction\",\"target\":{\"@type\":\"EntryPoint\",\"urlTemplate\":\"https:\\\/\\\/www.imgcontainerchassis.com\\\/es\\\/?s={search_term_string}\"},\"query-input\":{\"@type\":\"PropertyValueSpecification\",\"valueRequired\":true,\"valueName\":\"search_term_string\"}}],\"inLanguage\":\"en-US\"}]}<\/script>\n<!-- \/ Yoast SEO plugin. -->","yoast_head_json":{"title":"Log\u00edstica - IMG International Commerce CO. Exportador Cheetah Chassis","description":"Log\u00edstica - Distribuidor Autorizado y Exportador de Chassis Porta Contenedores nuevos y usados como Cheetah, Evans y Strick. Venta Chassis usados y nuevos","robots":{"index":"index","follow":"follow","max-snippet":"max-snippet:-1","max-image-preview":"max-image-preview:large","max-video-preview":"max-video-preview:-1"},"canonical":"https:\/\/www.imgcontainerchassis.com\/es\/logistica\/","og_locale":"en_US","og_type":"article","og_title":"Log\u00edstica - IMG International Commerce CO. Exportador Cheetah Chassis","og_description":"Log\u00edstica - Distribuidor Autorizado y Exportador de Chassis Porta Contenedores nuevos y usados como Cheetah, Evans y Strick. Venta Chassis usados y nuevos","og_url":"https:\/\/www.imgcontainerchassis.com\/es\/logistica\/","article_modified_time":"2016-07-24T16:30:57+00:00","og_image":[{"url":"https:\/\/imgcontainerchassis.com\/es\/wp-content\/uploads\/2013\/08\/img-commerce-co-logistica-small.jpg","type":"","width":"","height":""}],"twitter_misc":{"Est. reading time":"3 minutes"},"schema":{"@context":"https:\/\/schema.org","@graph":[{"@type":"WebPage","@id":"https:\/\/www.imgcontainerchassis.com\/es\/logistica\/","url":"https:\/\/www.imgcontainerchassis.com\/es\/logistica\/","name":"Log\u00edstica - IMG International Commerce CO. Exportador Cheetah Chassis","isPartOf":{"@id":"https:\/\/www.imgcontainerchassis.com\/es\/#website"},"primaryImageOfPage":{"@id":"https:\/\/www.imgcontainerchassis.com\/es\/logistica\/#primaryimage"},"image":{"@id":"https:\/\/www.imgcontainerchassis.com\/es\/logistica\/#primaryimage"},"thumbnailUrl":"https:\/\/imgcontainerchassis.com\/es\/wp-content\/uploads\/2013\/08\/img-commerce-co-logistica-small.jpg","datePublished":"2013-08-13T15:39:48+00:00","dateModified":"2016-07-24T16:30:57+00:00","description":"Log\u00edstica - Distribuidor Autorizado y Exportador de Chassis Porta Contenedores nuevos y usados como Cheetah, Evans y Strick. Venta Chassis usados y nuevos","breadcrumb":{"@id":"https:\/\/www.imgcontainerchassis.com\/es\/logistica\/#breadcrumb"},"inLanguage":"en-US","potentialAction":[{"@type":"ReadAction","target":["https:\/\/www.imgcontainerchassis.com\/es\/logistica\/"]}]},{"@type":"ImageObject","inLanguage":"en-US","@id":"https:\/\/www.imgcontainerchassis.com\/es\/logistica\/#primaryimage","url":"https:\/\/imgcontainerchassis.com\/es\/wp-content\/uploads\/2013\/08\/img-commerce-co-logistica-small.jpg","contentUrl":"https:\/\/imgcontainerchassis.com\/es\/wp-content\/uploads\/2013\/08\/img-commerce-co-logistica-small.jpg"},{"@type":"BreadcrumbList","@id":"https:\/\/www.imgcontainerchassis.com\/es\/logistica\/#breadcrumb","itemListElement":[{"@type":"ListItem","position":1,"name":"Home","item":"https:\/\/www.imgcontainerchassis.com\/es\/"},{"@type":"ListItem","position":2,"name":"Log\u00edstica"}]},{"@type":"WebSite","@id":"https:\/\/www.imgcontainerchassis.com\/es\/#website","url":"https:\/\/www.imgcontainerchassis.com\/es\/","name":"","description":"","potentialAction":[{"@type":"SearchAction","target":{"@type":"EntryPoint","urlTemplate":"https:\/\/www.imgcontainerchassis.com\/es\/?s={search_term_string}"},"query-input":{"@type":"PropertyValueSpecification","valueRequired":true,"valueName":"search_term_string"}}],"inLanguage":"en-US"}]}},"_links":{"self":[{"href":"https:\/\/www.imgcontainerchassis.com\/es\/wp-json\/wp\/v2\/pages\/106","targetHints":{"allow":["GET"]}}],"collection":[{"href":"https:\/\/www.imgcontainerchassis.com\/es\/wp-json\/wp\/v2\/pages"}],"about":[{"href":"https:\/\/www.imgcontainerchassis.com\/es\/wp-json\/wp\/v2\/types\/page"}],"author":[{"embeddable":true,"href":"https:\/\/www.imgcontainerchassis.com\/es\/wp-json\/wp\/v2\/users\/5"}],"replies":[{"embeddable":true,"href":"https:\/\/www.imgcontainerchassis.com\/es\/wp-json\/wp\/v2\/comments?post=106"}],"version-history":[{"count":0,"href":"https:\/\/www.imgcontainerchassis.com\/es\/wp-json\/wp\/v2\/pages\/106\/revisions"}],"wp:attachment":[{"href":"https:\/\/www.imgcontainerchassis.com\/es\/wp-json\/wp\/v2\/media?parent=106"}],"curies":[{"name":"wp","href":"https:\/\/api.w.org\/{rel}","templated":true}]}}