{"id":13,"date":"2013-08-07T19:50:33","date_gmt":"2013-08-07T19:50:33","guid":{"rendered":"https:\/\/imgcontainerchassis.com\/es\/?page_id=13"},"modified":"2016-07-23T16:44:09","modified_gmt":"2016-07-23T16:44:09","slug":"home","status":"publish","type":"page","link":"https:\/\/www.imgcontainerchassis.com\/es\/","title":{"rendered":"Inicio"},"content":{"rendered":"<pre><div class=\"demo-sep sep-none\" style=\"margin-top:-70px;\"><\/div><\/pre>\n<h1 style=\"text-align: center;\"><span style=\"color: #0000ff;\">Distribuidor Autorizado y Exportador de<\/span><\/h1>\n<pre><div class=\"demo-sep sep-none\" style=\"margin-top:-30px;\"><\/div><\/pre>\n<h1 style=\"text-align: center;\"><span style=\"color: #0000ff;\">Chassis Porta Contenedores Cheetah (Strick)<\/span><\/h1>\n<pre><div class=\"demo-sep sep-none\" style=\"margin-top:-20px;\"><\/div><\/pre>\n<p style=\"text-align: center;\"><img decoding=\"async\" class=\"aligncenter size-full wp-image-4522\" alt=\"logotipo-cheetah-chassis\" src=\"https:\/\/www.imgcontainerchassis.com\/es\/wp-content\/uploads\/2014\/01\/cheetah-chassis-logo.png\" \/><\/p>\n<pre><div class=\"demo-sep sep-none\" style=\"margin-top:-30px;\"><\/div><\/pre>\n<h1 style=\"text-align: center;\"><strong>IMG International Commerce Co.<\/strong><\/h1>\n<pre><div class=\"demo-sep sep-none\" style=\"margin-top:-30px;\"><\/div><\/pre>\n<h2 style=\"text-align: center;\"><strong>Venta de Chassis y Equipos de Transporte Intermodal.<\/strong><br \/>\n<strong>Chassis Portacontenedores, Dollies &amp; Plataformas Nuevos y Usados. Generadores (Gen sets),<br \/>\nTrailers Refrigerados, Ejes usados y otros Equipos de Transporte.<\/strong><\/h2>\n<p style=\"text-align: center;\"><img loading=\"lazy\" decoding=\"async\" class=\"size-full wp-image-4720 aligncenter\" alt=\"img-commerce-co-portacontenedores-inicio\" src=\"https:\/\/www.imgcontainerchassis.com\/es\/wp-content\/uploads\/2013\/08\/img-commerce-co-portacontenedores-inicio.jpg\" width=\"704\" height=\"391\" \/><\/p>\n<h3><span class=\"dropcap\">N<\/span>osotros somos vendemos y exportamos al por mayor y menor, Chassis Porta Contenedores Nuevos y Usados. Chassis Porta contenedores son trailers para transportar contenedores de 20\u2019, 40\u2019, 48\u2019, 45\u2019 o 53\u2019 pies, nosotros vendemos todo tipo de chassis, tales como chassis de 20\u2019 pies, chassis de 40\u2019 pies, chassis expandibles de 20\u2019- 40\u2019 pies, chassis extendibles de 40\u2019-45\u2019-48\u2019-53\u2019 pies, chassis combos con 8 pins, chassis ISO tanque, tenemos chassis de dos ejes o chassis de tres ejes.<\/h3>\n<h3>IMG International Commerce Co, es el Dealer Autorizado para vender chassis porta contenedores nuevos marca CHEETAH, los chassis Cheetah son fabricados en Estados Unidos. &#8220;Cheetah Chassis&#8221; es el fabricante m\u00e1s grande en USA. Nosotros somos tambi\u00e9n Dealer para Trailers marca STRICK (Cajas Secas o Dry Vans y Dollies) y tambi\u00e9n para trailers marca EVANS (Plataformas y Camas Bajas).<\/h3>\n<h3>Nosotros vendemos chassis porta contendores usados \u201ctal como est\u00e1n\u201d o chassis ya remanufacturados. En inventario tenemos chassis portacontenedores usados de varios manufacturadores como Strick, Cheetah, Hyundai, Monon, Stoughton, Manac, Loadcraft, Dorsey, Wabash, Bertolini, Ajax, etc.<\/h3>\n<h3>Nuestro inventario no est\u00e1 limitado a chassis portacontenedores, tambi\u00e9n vendemos Dollies nuevos y usados. Generadores (gensets) marcas Carrier, Taylor o Thermo King.<\/h3>\n<blockquote><p><strong>Nosotros mantenemos un inventario grande de chassis portacontenedores y otros equipos en Miami, Florida tambi\u00e9n en Laredo, Texas. IMG International Commerce Co mantiene un gran inventario en otras ciudades de Estados Unidos.<\/strong><\/p><\/blockquote>\n<h3>Nosotros exportamos a todos los pa\u00edses del mundo. Actualmente, hacemos negocios con clientes de Rep\u00fablica Dominicana, Puerto Rico, Bahamas, todas las Islas del Caribe, M\u00e9xico, Costa Rica, Guatemala, Honduras, Nicaragua, Panam\u00e1, Venezuela, Colombia, Ecuador, Per\u00fa, Chile, Bolivia, Uruguay, Paraguay, Angola, Nigeria, Costa de Marfil, Kenya, Rusia, Canad\u00e1, Cambodia, etc.<\/h3>\n<p>&nbsp;<\/p>\n<div class=\"one_third\"><div class=\"accordian\">\n<h5 class=\"toggle active\"><a href=\"#\"><span class=\"arrow\"><\/span>CHASSIS PORTA CONTENEDORES USADOS<\/a><\/h5><div class=\"toggle-content default-open\" style=\"display: block;\">Vendemos chassis portacontenedores en muy buenas condiciones. IMG International Commerce Co mantiene un gran inventario. <strong><a href=\"https:\/\/www.imgcontainerchassis.com\/es\/chassis-porta-contenedores-usados\/\">Leer M\u00e1s<\/a><\/strong><\/div>\n<h5 class=\"toggle \"><a href=\"#\"><span class=\"arrow\"><\/span>PLATAFORMAS USADAS<\/a><\/h5><div class=\"toggle-content \" style=\"\">Vendemos plataformas usadas en muy buenas condici\u00f3nes. IMG International Commerce Co mantiene un gran inventario. <a href=\"https:\/\/www.imgcontainerchassis.com\/es\/plataformas-usadas\/\"><strong>Leer M\u00e1s<\/strong><\/a><\/div>\n<h5 class=\"toggle \"><a href=\"#\"><span class=\"arrow\"><\/span>GEN-SETS USADOS<\/a><\/h5><div class=\"toggle-content \" style=\"\">Vendemos gen sets usados en muy buenas condici\u00f3nes. IMG International Commerce Co mantiene un gran inventario. <a href=\"https:\/\/www.imgcontainerchassis.com\/es\/gensets-usados\/\"><strong>Leer M\u00e1s<\/strong><\/a><\/div>\n<h5 class=\"toggle \"><a href=\"#\"><span class=\"arrow\"><\/span>TRAILER SECOS USADOS<\/a><\/h5><div class=\"toggle-content \" style=\"\">Vendemos tr\u00e1iler secos usados en muy buenas condici\u00f3nes. IMG International Commerce Co mantiene un gran inventario. <a href=\"https:\/\/www.imgcontainerchassis.com\/es\/trailers-secos-usados\/\"><strong>Leer M\u00e1s<\/strong><\/a><\/div>\n<h5 class=\"toggle \"><a href=\"#\"><span class=\"arrow\"><\/span>INVENTARIO PARA LA VENTA <\/a><\/h5><div class=\"toggle-content \" style=\"\">Vendemos y exportamos chassis y tr\u00e1iler usados en buenas condiciones. IMG International Commerce Co mantiene un gran inventario para la venta. <a href=\"https:\/\/www.imgcontainerchassis.com\/es\/chassis-porta-contenedores-usados-para-venta\/\"><strong>Leer M\u00e1s<\/strong><\/a><\/div>\n<p style=\"text-align: center;\"><\/div><\/div>\n<div class=\"one_third\">\n<div class=\"flexslider\" style=\"overflow:hidden;max-width:100%;height:100%;\"><ul class=\"slides\">\n<li class=\"image\"><img decoding=\"async\" src=\"https:\/\/www.imgcontainerchassis.com\/wp-content\/uploads\/2013\/06\/40-Foot-Gooseneck-Container-Chassis.jpg\" alt=\"\" \/><\/li>\n<li class=\"image\"><img decoding=\"async\" src=\"https:\/\/imgcontainerchassis.com\/wp-content\/uploads\/2013\/02\/289-28912.jpg\" alt=\"\" \/><\/li>\n<li class=\"image\"><img decoding=\"async\" src=\"https:\/\/imgcontainerchassis.com\/wp-content\/uploads\/2013\/02\/289-28922.jpg\" alt=\"\" \/><\/li>\n<li class=\"image\"><img decoding=\"async\" src=\"https:\/\/imgcontainerchassis.com\/wp-content\/uploads\/2013\/02\/289-28932.jpg\" alt=\"\" \/><\/li>\n<li class=\"image\"><img decoding=\"async\" src=\"https:\/\/imgcontainerchassis.com\/wp-content\/uploads\/2013\/02\/289-28942.jpg\" alt=\"\" \/><\/li><\/ul><\/div>\n<\/div>\n<div class=\"one_third last\"><div class=\"accordian\">\n<h5 class=\"toggle active\"><a href=\"#\"><span class=\"arrow\"><\/span>CHASSIS PORTACONTENEDORES NUEVOS<\/a><\/h5><div class=\"toggle-content default-open\" style=\"display: block;\">Vendemos y exportamos chassis porta contenedores nuevos marca CHEETAH. Y Trailers Evans y Strick. Ll\u00e1menos para m\u00e1s informaci\u00f3n. <strong><a title=\"Go To Flat Bed Trailers Description\" href=\"https:\/\/www.imgcontainerchassis.com\/es\/chassis-porta-contenedores-nuevos\/\">Leer M\u00e1s<\/a><\/strong><\/div>\n<h5 class=\"toggle \"><a href=\"#\"><span class=\"arrow\"><\/span>CHASSIS NUEVOS MARCA CHEETAH<\/a><\/h5><div class=\"toggle-content \" style=\"\">Vendemos y exportamos chassis porta contenedores nuevos marca CHEETAH. Ll\u00e1menos para m\u00e1s informaci\u00f3n. <a href=\"https:\/\/www.imgcontainerchassis.com\/es\/chassis-porta-contenedores-nuevos-cheetah-para-la-venta\/\"><strong>Learn More<\/strong><\/a><\/div>\n<h5 class=\"toggle \"><a href=\"#\"><span class=\"arrow\"><\/span>TRAILER NUEVOS MARCA EVANS<\/a><\/h5><div class=\"toggle-content \" style=\"\">Vendemos y exportamos Trailer nuevos marca Evans. Ll\u00e1menos para m\u00e1s informaci\u00f3n. <a href=\"https:\/\/www.imgcontainerchassis.com\/es\/chassis-nuevos-evans-trailers\/\"><strong>Learn More<\/strong><\/a><\/div>\n<h5 class=\"toggle \"><a href=\"#\"><span class=\"arrow\"><\/span>TRAILER NUEVOS MARCA STRICK<\/a><\/h5><div class=\"toggle-content \" style=\"\">Vendemos y exportamos Trailer nuevos marca Strick. Ll\u00e1menos para m\u00e1s informaci\u00f3n. <a href=\"https:\/\/www.imgcontainerchassis.com\/es\/chassis-nuevos-strick-trailers\/\"><strong>Learn More<\/strong><\/a><\/div>\n<h5 class=\"toggle \"><a href=\"#\"><span class=\"arrow\"><\/span>ENGLISH CONTENT<\/a><\/h5><div class=\"toggle-content \" style=\"\">You can find all this content in English. <a href=\"https:\/\/www.imgcontainerchassis.com\/\"><strong>Read More<\/strong><\/a><\/div>\n<p style=\"text-align: center;\"><\/div><\/div><div class=\"clearboth\"><\/div>\n<div class=\"flexslider\" style=\"overflow:hidden;max-width:100%;height:100%;\"><ul class=\"slides\">\n<li class=\"image\"><img decoding=\"async\" src=\"https:\/\/www.imgcontainerchassis.com\/wp-content\/uploads\/2013\/07\/inventory-1.jpg\" alt=\"\" \/><\/li>\n<li class=\"image\"><img decoding=\"async\" src=\"https:\/\/www.imgcontainerchassis.com\/wp-content\/uploads\/2013\/07\/inventory-2.jpg\" alt=\"\" \/><\/li>\n<li class=\"image\"><img decoding=\"async\" src=\"https:\/\/www.imgcontainerchassis.com\/wp-content\/uploads\/2013\/07\/inventory-3.jpg\" alt=\"\" \/><\/li>\n<li class=\"image\"><img decoding=\"async\" src=\"https:\/\/www.imgcontainerchassis.com\/wp-content\/uploads\/2013\/07\/inventory4.jpg\" alt=\"\" \/><\/li>\n<li class=\"image\"><img decoding=\"async\" src=\"https:\/\/www.imgcontainerchassis.com\/wp-content\/uploads\/2013\/08\/inventory-5.jpg\" alt=\"\" \/><\/li>\n<li class=\"image\"><img decoding=\"async\" src=\"https:\/\/www.imgcontainerchassis.com\/wp-content\/uploads\/2013\/08\/inventory-6.jpg\" alt=\"\" \/><\/li><\/ul><\/div>\n<div class=\"demo-sep sep-none\" style=\"margin-top:-20px;\"><\/div>\n<pre><img loading=\"lazy\" decoding=\"async\" class=\"aligncenter size-full wp-image-4721\" alt=\"img-commerce-co-portacontenedores\" src=\"https:\/\/www.imgcontainerchassis.com\/es\/wp-content\/uploads\/2013\/08\/img-commerce-co-portacontenedores.jpg\" width=\"942\" height=\"150\" \/>\r\n<div class=\"demo-sep sep-none\" style=\"margin-top:-40px;\"><\/div><\/pre>\n","protected":false},"excerpt":{"rendered":"<p>Distribuidor Autorizado y Exportador de Chassis Porta Contenedores Cheetah (Strick) IMG International Commerce Co. Venta de Chassis y Equipos de Transporte Intermodal. Chassis Portacontenedores, Dollies &amp; Plataformas Nuevos y Usados. Generadores (Gen sets), Trailers Refrigerados, Ejes usados y otros Equipos de Transporte. osotros somos vendemos y exportamos al por mayor [&hellip;]<\/p>\n","protected":false},"author":5,"featured_media":0,"parent":0,"menu_order":0,"comment_status":"closed","ping_status":"closed","template":"full-width.php","meta":{"_exactmetrics_skip_tracking":false,"_exactmetrics_sitenote_active":false,"_exactmetrics_sitenote_note":"","_exactmetrics_sitenote_category":0,"footnotes":""},"class_list":["post-13","page","type-page","status-publish","hentry"],"yoast_head":"<!-- This site is optimized with the Yoast SEO plugin v27.4 - https:\/\/yoast.com\/product\/yoast-seo-wordpress\/ -->\n<title>IMG Commerce Co Chassis Porta Contendores Distribuidor Cheetah Chassis<\/title>\n<meta name=\"description\" content=\"Chassis porta contendores. Distribuidor Autorizado y Exportador de Chassis Porta Contenedores nuevos y usados como Cheetah Chassis, Evans trailers y Strick\" \/>\n<meta name=\"robots\" content=\"index, follow, max-snippet:-1, max-image-preview:large, max-video-preview:-1\" \/>\n<link rel=\"canonical\" href=\"https:\/\/www.imgcontainerchassis.com\/es\/\" \/>\n<meta property=\"og:locale\" content=\"en_US\" \/>\n<meta property=\"og:type\" content=\"article\" \/>\n<meta property=\"og:title\" content=\"IMG Commerce Co Chassis Porta Contendores Distribuidor Cheetah Chassis\" \/>\n<meta property=\"og:description\" content=\"Chassis porta contendores. Distribuidor Autorizado y Exportador de Chassis Porta Contenedores nuevos y usados como Cheetah Chassis, Evans trailers y Strick\" \/>\n<meta property=\"og:url\" content=\"https:\/\/www.imgcontainerchassis.com\/es\/\" \/>\n<meta property=\"article:modified_time\" content=\"2016-07-23T16:44:09+00:00\" \/>\n<meta property=\"og:image\" content=\"https:\/\/www.imgcontainerchassis.com\/es\/wp-content\/uploads\/2014\/01\/cheetah-chassis-logo.png\" \/>\n<meta name=\"twitter:label1\" content=\"Est. reading time\" \/>\n\t<meta name=\"twitter:data1\" content=\"4 minutes\" \/>\n<script type=\"application\/ld+json\" class=\"yoast-schema-graph\">{\"@context\":\"https:\\\/\\\/schema.org\",\"@graph\":[{\"@type\":\"WebPage\",\"@id\":\"https:\\\/\\\/www.imgcontainerchassis.com\\\/es\\\/\",\"url\":\"https:\\\/\\\/www.imgcontainerchassis.com\\\/es\\\/\",\"name\":\"IMG Commerce Co Chassis Porta Contendores Distribuidor Cheetah Chassis\",\"isPartOf\":{\"@id\":\"https:\\\/\\\/www.imgcontainerchassis.com\\\/es\\\/#website\"},\"primaryImageOfPage\":{\"@id\":\"https:\\\/\\\/www.imgcontainerchassis.com\\\/es\\\/#primaryimage\"},\"image\":{\"@id\":\"https:\\\/\\\/www.imgcontainerchassis.com\\\/es\\\/#primaryimage\"},\"thumbnailUrl\":\"https:\\\/\\\/www.imgcontainerchassis.com\\\/es\\\/wp-content\\\/uploads\\\/2014\\\/01\\\/cheetah-chassis-logo.png\",\"datePublished\":\"2013-08-07T19:50:33+00:00\",\"dateModified\":\"2016-07-23T16:44:09+00:00\",\"description\":\"Chassis porta contendores. Distribuidor Autorizado y Exportador de Chassis Porta Contenedores nuevos y usados como Cheetah Chassis, Evans trailers y Strick\",\"breadcrumb\":{\"@id\":\"https:\\\/\\\/www.imgcontainerchassis.com\\\/es\\\/#breadcrumb\"},\"inLanguage\":\"en-US\",\"potentialAction\":[{\"@type\":\"ReadAction\",\"target\":[\"https:\\\/\\\/www.imgcontainerchassis.com\\\/es\\\/\"]}]},{\"@type\":\"ImageObject\",\"inLanguage\":\"en-US\",\"@id\":\"https:\\\/\\\/www.imgcontainerchassis.com\\\/es\\\/#primaryimage\",\"url\":\"https:\\\/\\\/www.imgcontainerchassis.com\\\/es\\\/wp-content\\\/uploads\\\/2014\\\/01\\\/cheetah-chassis-logo.png\",\"contentUrl\":\"https:\\\/\\\/www.imgcontainerchassis.com\\\/es\\\/wp-content\\\/uploads\\\/2014\\\/01\\\/cheetah-chassis-logo.png\",\"width\":160,\"height\":50},{\"@type\":\"BreadcrumbList\",\"@id\":\"https:\\\/\\\/www.imgcontainerchassis.com\\\/es\\\/#breadcrumb\",\"itemListElement\":[{\"@type\":\"ListItem\",\"position\":1,\"name\":\"Home\",\"item\":\"https:\\\/\\\/www.imgcontainerchassis.com\\\/es\\\/\"},{\"@type\":\"ListItem\",\"position\":2,\"name\":\"Inicio\"}]},{\"@type\":\"WebSite\",\"@id\":\"https:\\\/\\\/www.imgcontainerchassis.com\\\/es\\\/#website\",\"url\":\"https:\\\/\\\/www.imgcontainerchassis.com\\\/es\\\/\",\"name\":\"\",\"description\":\"\",\"potentialAction\":[{\"@type\":\"SearchAction\",\"target\":{\"@type\":\"EntryPoint\",\"urlTemplate\":\"https:\\\/\\\/www.imgcontainerchassis.com\\\/es\\\/?s={search_term_string}\"},\"query-input\":{\"@type\":\"PropertyValueSpecification\",\"valueRequired\":true,\"valueName\":\"search_term_string\"}}],\"inLanguage\":\"en-US\"}]}<\/script>\n<!-- \/ Yoast SEO plugin. -->","yoast_head_json":{"title":"IMG Commerce Co Chassis Porta Contendores Distribuidor Cheetah Chassis","description":"Chassis porta contendores. Distribuidor Autorizado y Exportador de Chassis Porta Contenedores nuevos y usados como Cheetah Chassis, Evans trailers y Strick","robots":{"index":"index","follow":"follow","max-snippet":"max-snippet:-1","max-image-preview":"max-image-preview:large","max-video-preview":"max-video-preview:-1"},"canonical":"https:\/\/www.imgcontainerchassis.com\/es\/","og_locale":"en_US","og_type":"article","og_title":"IMG Commerce Co Chassis Porta Contendores Distribuidor Cheetah Chassis","og_description":"Chassis porta contendores. Distribuidor Autorizado y Exportador de Chassis Porta Contenedores nuevos y usados como Cheetah Chassis, Evans trailers y Strick","og_url":"https:\/\/www.imgcontainerchassis.com\/es\/","article_modified_time":"2016-07-23T16:44:09+00:00","og_image":[{"url":"https:\/\/www.imgcontainerchassis.com\/es\/wp-content\/uploads\/2014\/01\/cheetah-chassis-logo.png","type":"","width":"","height":""}],"twitter_misc":{"Est. reading time":"4 minutes"},"schema":{"@context":"https:\/\/schema.org","@graph":[{"@type":"WebPage","@id":"https:\/\/www.imgcontainerchassis.com\/es\/","url":"https:\/\/www.imgcontainerchassis.com\/es\/","name":"IMG Commerce Co Chassis Porta Contendores Distribuidor Cheetah Chassis","isPartOf":{"@id":"https:\/\/www.imgcontainerchassis.com\/es\/#website"},"primaryImageOfPage":{"@id":"https:\/\/www.imgcontainerchassis.com\/es\/#primaryimage"},"image":{"@id":"https:\/\/www.imgcontainerchassis.com\/es\/#primaryimage"},"thumbnailUrl":"https:\/\/www.imgcontainerchassis.com\/es\/wp-content\/uploads\/2014\/01\/cheetah-chassis-logo.png","datePublished":"2013-08-07T19:50:33+00:00","dateModified":"2016-07-23T16:44:09+00:00","description":"Chassis porta contendores. Distribuidor Autorizado y Exportador de Chassis Porta Contenedores nuevos y usados como Cheetah Chassis, Evans trailers y Strick","breadcrumb":{"@id":"https:\/\/www.imgcontainerchassis.com\/es\/#breadcrumb"},"inLanguage":"en-US","potentialAction":[{"@type":"ReadAction","target":["https:\/\/www.imgcontainerchassis.com\/es\/"]}]},{"@type":"ImageObject","inLanguage":"en-US","@id":"https:\/\/www.imgcontainerchassis.com\/es\/#primaryimage","url":"https:\/\/www.imgcontainerchassis.com\/es\/wp-content\/uploads\/2014\/01\/cheetah-chassis-logo.png","contentUrl":"https:\/\/www.imgcontainerchassis.com\/es\/wp-content\/uploads\/2014\/01\/cheetah-chassis-logo.png","width":160,"height":50},{"@type":"BreadcrumbList","@id":"https:\/\/www.imgcontainerchassis.com\/es\/#breadcrumb","itemListElement":[{"@type":"ListItem","position":1,"name":"Home","item":"https:\/\/www.imgcontainerchassis.com\/es\/"},{"@type":"ListItem","position":2,"name":"Inicio"}]},{"@type":"WebSite","@id":"https:\/\/www.imgcontainerchassis.com\/es\/#website","url":"https:\/\/www.imgcontainerchassis.com\/es\/","name":"","description":"","potentialAction":[{"@type":"SearchAction","target":{"@type":"EntryPoint","urlTemplate":"https:\/\/www.imgcontainerchassis.com\/es\/?s={search_term_string}"},"query-input":{"@type":"PropertyValueSpecification","valueRequired":true,"valueName":"search_term_string"}}],"inLanguage":"en-US"}]}},"_links":{"self":[{"href":"https:\/\/www.imgcontainerchassis.com\/es\/wp-json\/wp\/v2\/pages\/13","targetHints":{"allow":["GET"]}}],"collection":[{"href":"https:\/\/www.imgcontainerchassis.com\/es\/wp-json\/wp\/v2\/pages"}],"about":[{"href":"https:\/\/www.imgcontainerchassis.com\/es\/wp-json\/wp\/v2\/types\/page"}],"author":[{"embeddable":true,"href":"https:\/\/www.imgcontainerchassis.com\/es\/wp-json\/wp\/v2\/users\/5"}],"replies":[{"embeddable":true,"href":"https:\/\/www.imgcontainerchassis.com\/es\/wp-json\/wp\/v2\/comments?post=13"}],"version-history":[{"count":0,"href":"https:\/\/www.imgcontainerchassis.com\/es\/wp-json\/wp\/v2\/pages\/13\/revisions"}],"wp:attachment":[{"href":"https:\/\/www.imgcontainerchassis.com\/es\/wp-json\/wp\/v2\/media?parent=13"}],"curies":[{"name":"wp","href":"https:\/\/api.w.org\/{rel}","templated":true}]}}