{"id":185,"date":"2013-08-14T19:46:09","date_gmt":"2013-08-14T19:46:09","guid":{"rendered":"https:\/\/imgcontainerchassis.com\/es\/?page_id=185"},"modified":"2016-07-24T17:04:45","modified_gmt":"2016-07-24T17:04:45","slug":"chassis-porta-contenedores-usados-estructura-recta-plana-40-pies","status":"publish","type":"page","link":"https:\/\/www.imgcontainerchassis.com\/es\/chassis-porta-contenedores-usados-estructura-recta-plana-40-pies\/","title":{"rendered":"Chassis Porta Contenedores Usados Estructura Recta Plana 40 Pies"},"content":{"rendered":"<pre><div class=\"demo-sep sep-none\" style=\"margin-top:-60px;\"><\/div><\/pre>\n<h1 style=\"text-align: center;\"><span style=\"color: #0000ff;\">Chassis Porta Contenedores Usados Estructura Recta Plana 40 Pies<\/span><\/h1>\n<pre><div class=\"demo-sep sep-none\" style=\"margin-top:-20px;\"><\/div><\/pre>\n<h2 style=\"text-align: center;\">Chassis Porta Contenedores Usados, Generadores (Gen Sets), Plataformas, Dollies, Ejes, Trailers Refrigerados y todo Equipo de Transporte Intermodal. <\/h2>\n<hr \/>\n<h3><span class=\"dropcap\">IMG<\/span><strong>International Commerce Co,<\/strong> vende y exporta Chassis Porta Contenedores Usados Estructura Recta Plana 40 Pies, este chassis portacontenedor tiene la estructura recta \u2013plana es decir no es un chassis con cuello de ganzo (en Ingl\u00e9s se llama 40 ft straight frame chassis). Este chassis se utiliza para transportar principalmente un contenedor de 40 pies standard<\/h3>\n<div class=\"flexslider\" style=\"overflow:hidden;max-width:100%;height:100%;\"><ul class=\"slides\">\n<li class=\"image\"><img decoding=\"async\" src=\"https:\/\/imgcontainerchassis.com\/es\/wp-content\/uploads\/2013\/08\/chiassis-usados-40-pies-recto-01.jpg\" alt=\"\" \/><\/li>\n<li class=\"image\"><img decoding=\"async\" src=\"https:\/\/imgcontainerchassis.com\/es\/wp-content\/uploads\/2013\/08\/chiassis-usados-40-pies-recto-02.jpg\" alt=\"\" \/><\/li><\/ul><\/div>\n<div class=\"demo-sep sep-none\" style=\"margin-top:-50px;\"><\/div>\n<div class=\"flexslider\" style=\"overflow:hidden;max-width:100%;height:100%;\"><ul class=\"slides\">\n<li class=\"image\"><img decoding=\"async\" src=\"https:\/\/imgcontainerchassis.com\/es\/wp-content\/uploads\/2013\/08\/chiassis-usados-40-pies-recto-1.jpg\" alt=\"\" \/><\/li>\n<li class=\"image\"><img decoding=\"async\" src=\"https:\/\/imgcontainerchassis.com\/es\/wp-content\/uploads\/2013\/08\/chiassis-usados-40-pies-recto-2.jpg\" alt=\"\" \/><\/li><\/ul><\/div>\n<pre><div class=\"demo-sep sep-none\" style=\"margin-top:-60px;\"><\/div><\/pre>\n<blockquote>\n<h3>IMG International Commerce Co, vende y exporta Chassis Porta Contenedores Usados Estructura Recta Plana 40 Pies (modelo estructura recta -plana), \u201cchassis usados tal y como est\u00e1n\u201d o \u201cchassis usados ya remanufacturados\u201d.<\/h3>\n<\/blockquote>\n<h3>Este chassis tiene dos ejes fijos, chassis mide 40 \u00bd pies de largo, 96\u201d de ancho, el king pin est\u00e1 situado a 30 \u00bd\u201d desde el frente del chassis, las rieles o vigas principales son de 12\u201d de alto, el chassis pesa aproximadamente 6,600 libras, su capacidad de carga es  GVWR 65,000 Lbs. Chassis cumple con todas las especificaciones de DOT, TOFC, AAR, FMVSS, ANSI, SAE y TTMA<\/h3>\n<h3>En inventario tenemos chassis de 40 pies usados con aros de disco (10 tuercas) y neum\u00e1ticos 11R22.5. Tambi\u00e9n tenemos chassis de 40 pies usados con aros artilleros (de estrella-5 puntas) con neum\u00e1ticos 10.00&#215;20\u201d<\/h3>\n<h3>Los chassis usualmente se venden en paquetes o bultos de 5 chassis.<\/h3>\n<h3><strong>IMG International Commerce Co.<\/strong> vende y exporta Chassis Porta Contenedores Usados Estructura Recta Plana 40 Pies, \u201cchassis usados tal y como est\u00e1n\u201d  o \u201cchassis usados ya remanufacturados\u201d.<\/h3>\n<h3><strong>\u201cTal y como est\u00e1n\u201d:<\/strong> Un chassis porta contenedor usado que necesita m\u00ednima reparaci\u00f3n o necesita ser pintado. Algunos chassis portacontenedores pueden tener la certificaci\u00f3n FHWA.  <\/h3>\n<h3><strong>\u201cReconstruido o Remanufacturado\u201d:<\/strong> Un chassis que ya ha sido reparado y\/o repintado, es decir listo para ponerlo a trabajar, estos chassis podr\u00edan tener la certificaci\u00f3n FHWA.<\/h3>\n<div class=\"one_third\"><div class=\"accordian\"><\/div>\n<h4><strong>IMG INTERNATIONAL CO.<\/strong><\/h4>\n\n<ul class=\"list-icon circle-yes list-icon-color-light list-icon-arrow\">\n<li>Chassis Portacontenedores y Chassis Trailers. <\/li>\n<li>Equipos Nuevos y Usados.<\/li>\n<li>Todo Tipo de Chassis Porta Contenedores. <\/li>\n<\/ul>\n\n<\/div>\n<p style=\"text-align: center;\"><div class=\"one_third\">\n<div class=\"accordian\"><h5 class=\"toggle \"><a href=\"#\"><span class=\"arrow\"><\/span>ENGLISH CONTENT<\/a><\/h5><div class=\"toggle-content \" style=\"\">You can find all this content in English. <a href=\"https:\/\/www.imgcontainerchassis.com\"><strong>Learn More.<\/strong><\/a><\/div>\n<h5 class=\"toggle active\"><a href=\"#\"><span class=\"arrow\"><\/span>NUESTRO INVENTARIO<\/a><\/h5><div class=\"toggle-content default-open\" style=\"display: block;\">Vendemos y exportamos porta contenedores y tr\u00e1ilers usados en excelentes condiciones. <a href=\"https:\/\/www.imgcontainerchassis.com\/es\/chassis-porta-contenedores-usados-para-venta\/\"><strong>Leer M\u00e1s<\/strong><\/a><\/div>\n<\/div>\n<\/div>\n<div class=\"one_third last\"><img loading=\"lazy\" decoding=\"async\" class=\"aligncenter size-full wp-image-4718\" alt=\"img-commerce-co-nosotros\" src=\"https:\/\/www.imgcontainerchassis.com\/wp-content\/uploads\/2013\/08\/img-portacontenedores-chassis-4.jpg\" width=\"290\" height=\"162\" \/><\/p>\n<\/div><div class=\"clearboth\"><\/div>\n<div class=\"demo-sep sep-none\" style=\"margin-top:-20px;\"><\/div>\n<pre><img loading=\"lazy\" decoding=\"async\" class=\"aligncenter size-full wp-image-4721\" alt=\"img-commerce-co-portacontenedores\" src=\"https:\/\/imgcontainerchassis.com\/es\/wp-content\/uploads\/2013\/08\/img-commerce-co-portacontenedores.jpg\" width=\"942\" height=\"150\" \/>\r\n<div class=\"demo-sep sep-none\" style=\"margin-top:-40px;\"><\/div><\/pre>\n","protected":false},"excerpt":{"rendered":"<p>Chassis Porta Contenedores Usados Estructura Recta Plana 40 Pies Chassis Porta Contenedores Usados, Generadores (Gen Sets), Plataformas, Dollies, Ejes, Trailers Refrigerados y todo Equipo de Transporte Intermodal. International Commerce Co, vende y exporta Chassis Porta Contenedores Usados Estructura Recta Plana 40 Pies, este chassis portacontenedor tiene la estructura recta \u2013plana [&hellip;]<\/p>\n","protected":false},"author":5,"featured_media":0,"parent":0,"menu_order":0,"comment_status":"closed","ping_status":"closed","template":"","meta":{"_exactmetrics_skip_tracking":false,"_exactmetrics_sitenote_active":false,"_exactmetrics_sitenote_note":"","_exactmetrics_sitenote_category":0,"footnotes":""},"class_list":["post-185","page","type-page","status-publish","hentry"],"yoast_head":"<!-- This site is optimized with the Yoast SEO plugin v27.4 - https:\/\/yoast.com\/product\/yoast-seo-wordpress\/ -->\n<title>Chassis Porta Contenedores Usados Estructura Recta Plana 40 Pies -<\/title>\n<meta name=\"robots\" content=\"noindex, follow\" \/>\n<meta property=\"og:locale\" content=\"en_US\" \/>\n<meta property=\"og:type\" content=\"article\" \/>\n<meta property=\"og:title\" content=\"Chassis Porta Contenedores Usados Estructura Recta Plana 40 Pies -\" \/>\n<meta property=\"og:description\" content=\"Chassis Porta Contenedores Usados Estructura Recta Plana 40 Pies Chassis Porta Contenedores Usados, Generadores (Gen Sets), Plataformas, Dollies, Ejes, Trailers Refrigerados y todo Equipo de Transporte Intermodal. International Commerce Co, vende y exporta Chassis Porta Contenedores Usados Estructura Recta Plana 40 Pies, este chassis portacontenedor tiene la estructura recta \u2013plana [&hellip;]\" \/>\n<meta property=\"og:url\" content=\"https:\/\/www.imgcontainerchassis.com\/es\/chassis-porta-contenedores-usados-estructura-recta-plana-40-pies\/\" \/>\n<meta property=\"article:modified_time\" content=\"2016-07-24T17:04:45+00:00\" \/>\n<meta property=\"og:image\" content=\"https:\/\/www.imgcontainerchassis.com\/wp-content\/uploads\/2013\/08\/img-portacontenedores-chassis-4.jpg\" \/>\n<meta name=\"twitter:label1\" content=\"Est. reading time\" \/>\n\t<meta name=\"twitter:data1\" content=\"2 minutes\" \/>\n<script type=\"application\/ld+json\" class=\"yoast-schema-graph\">{\"@context\":\"https:\\\/\\\/schema.org\",\"@graph\":[{\"@type\":\"WebPage\",\"@id\":\"https:\\\/\\\/www.imgcontainerchassis.com\\\/es\\\/chassis-porta-contenedores-usados-estructura-recta-plana-40-pies\\\/\",\"url\":\"https:\\\/\\\/www.imgcontainerchassis.com\\\/es\\\/chassis-porta-contenedores-usados-estructura-recta-plana-40-pies\\\/\",\"name\":\"Chassis Porta Contenedores Usados Estructura Recta Plana 40 Pies -\",\"isPartOf\":{\"@id\":\"https:\\\/\\\/www.imgcontainerchassis.com\\\/es\\\/#website\"},\"primaryImageOfPage\":{\"@id\":\"https:\\\/\\\/www.imgcontainerchassis.com\\\/es\\\/chassis-porta-contenedores-usados-estructura-recta-plana-40-pies\\\/#primaryimage\"},\"image\":{\"@id\":\"https:\\\/\\\/www.imgcontainerchassis.com\\\/es\\\/chassis-porta-contenedores-usados-estructura-recta-plana-40-pies\\\/#primaryimage\"},\"thumbnailUrl\":\"https:\\\/\\\/www.imgcontainerchassis.com\\\/wp-content\\\/uploads\\\/2013\\\/08\\\/img-portacontenedores-chassis-4.jpg\",\"datePublished\":\"2013-08-14T19:46:09+00:00\",\"dateModified\":\"2016-07-24T17:04:45+00:00\",\"breadcrumb\":{\"@id\":\"https:\\\/\\\/www.imgcontainerchassis.com\\\/es\\\/chassis-porta-contenedores-usados-estructura-recta-plana-40-pies\\\/#breadcrumb\"},\"inLanguage\":\"en-US\",\"potentialAction\":[{\"@type\":\"ReadAction\",\"target\":[\"https:\\\/\\\/www.imgcontainerchassis.com\\\/es\\\/chassis-porta-contenedores-usados-estructura-recta-plana-40-pies\\\/\"]}]},{\"@type\":\"ImageObject\",\"inLanguage\":\"en-US\",\"@id\":\"https:\\\/\\\/www.imgcontainerchassis.com\\\/es\\\/chassis-porta-contenedores-usados-estructura-recta-plana-40-pies\\\/#primaryimage\",\"url\":\"https:\\\/\\\/www.imgcontainerchassis.com\\\/wp-content\\\/uploads\\\/2013\\\/08\\\/img-portacontenedores-chassis-4.jpg\",\"contentUrl\":\"https:\\\/\\\/www.imgcontainerchassis.com\\\/wp-content\\\/uploads\\\/2013\\\/08\\\/img-portacontenedores-chassis-4.jpg\"},{\"@type\":\"BreadcrumbList\",\"@id\":\"https:\\\/\\\/www.imgcontainerchassis.com\\\/es\\\/chassis-porta-contenedores-usados-estructura-recta-plana-40-pies\\\/#breadcrumb\",\"itemListElement\":[{\"@type\":\"ListItem\",\"position\":1,\"name\":\"Home\",\"item\":\"https:\\\/\\\/www.imgcontainerchassis.com\\\/es\\\/\"},{\"@type\":\"ListItem\",\"position\":2,\"name\":\"Chassis Porta Contenedores Usados Estructura Recta Plana 40 Pies\"}]},{\"@type\":\"WebSite\",\"@id\":\"https:\\\/\\\/www.imgcontainerchassis.com\\\/es\\\/#website\",\"url\":\"https:\\\/\\\/www.imgcontainerchassis.com\\\/es\\\/\",\"name\":\"\",\"description\":\"\",\"potentialAction\":[{\"@type\":\"SearchAction\",\"target\":{\"@type\":\"EntryPoint\",\"urlTemplate\":\"https:\\\/\\\/www.imgcontainerchassis.com\\\/es\\\/?s={search_term_string}\"},\"query-input\":{\"@type\":\"PropertyValueSpecification\",\"valueRequired\":true,\"valueName\":\"search_term_string\"}}],\"inLanguage\":\"en-US\"}]}<\/script>\n<!-- \/ Yoast SEO plugin. -->","yoast_head_json":{"title":"Chassis Porta Contenedores Usados Estructura Recta Plana 40 Pies -","robots":{"index":"noindex","follow":"follow"},"og_locale":"en_US","og_type":"article","og_title":"Chassis Porta Contenedores Usados Estructura Recta Plana 40 Pies -","og_description":"Chassis Porta Contenedores Usados Estructura Recta Plana 40 Pies Chassis Porta Contenedores Usados, Generadores (Gen Sets), Plataformas, Dollies, Ejes, Trailers Refrigerados y todo Equipo de Transporte Intermodal. International Commerce Co, vende y exporta Chassis Porta Contenedores Usados Estructura Recta Plana 40 Pies, este chassis portacontenedor tiene la estructura recta \u2013plana [&hellip;]","og_url":"https:\/\/www.imgcontainerchassis.com\/es\/chassis-porta-contenedores-usados-estructura-recta-plana-40-pies\/","article_modified_time":"2016-07-24T17:04:45+00:00","og_image":[{"url":"https:\/\/www.imgcontainerchassis.com\/wp-content\/uploads\/2013\/08\/img-portacontenedores-chassis-4.jpg","type":"","width":"","height":""}],"twitter_misc":{"Est. reading time":"2 minutes"},"schema":{"@context":"https:\/\/schema.org","@graph":[{"@type":"WebPage","@id":"https:\/\/www.imgcontainerchassis.com\/es\/chassis-porta-contenedores-usados-estructura-recta-plana-40-pies\/","url":"https:\/\/www.imgcontainerchassis.com\/es\/chassis-porta-contenedores-usados-estructura-recta-plana-40-pies\/","name":"Chassis Porta Contenedores Usados Estructura Recta Plana 40 Pies -","isPartOf":{"@id":"https:\/\/www.imgcontainerchassis.com\/es\/#website"},"primaryImageOfPage":{"@id":"https:\/\/www.imgcontainerchassis.com\/es\/chassis-porta-contenedores-usados-estructura-recta-plana-40-pies\/#primaryimage"},"image":{"@id":"https:\/\/www.imgcontainerchassis.com\/es\/chassis-porta-contenedores-usados-estructura-recta-plana-40-pies\/#primaryimage"},"thumbnailUrl":"https:\/\/www.imgcontainerchassis.com\/wp-content\/uploads\/2013\/08\/img-portacontenedores-chassis-4.jpg","datePublished":"2013-08-14T19:46:09+00:00","dateModified":"2016-07-24T17:04:45+00:00","breadcrumb":{"@id":"https:\/\/www.imgcontainerchassis.com\/es\/chassis-porta-contenedores-usados-estructura-recta-plana-40-pies\/#breadcrumb"},"inLanguage":"en-US","potentialAction":[{"@type":"ReadAction","target":["https:\/\/www.imgcontainerchassis.com\/es\/chassis-porta-contenedores-usados-estructura-recta-plana-40-pies\/"]}]},{"@type":"ImageObject","inLanguage":"en-US","@id":"https:\/\/www.imgcontainerchassis.com\/es\/chassis-porta-contenedores-usados-estructura-recta-plana-40-pies\/#primaryimage","url":"https:\/\/www.imgcontainerchassis.com\/wp-content\/uploads\/2013\/08\/img-portacontenedores-chassis-4.jpg","contentUrl":"https:\/\/www.imgcontainerchassis.com\/wp-content\/uploads\/2013\/08\/img-portacontenedores-chassis-4.jpg"},{"@type":"BreadcrumbList","@id":"https:\/\/www.imgcontainerchassis.com\/es\/chassis-porta-contenedores-usados-estructura-recta-plana-40-pies\/#breadcrumb","itemListElement":[{"@type":"ListItem","position":1,"name":"Home","item":"https:\/\/www.imgcontainerchassis.com\/es\/"},{"@type":"ListItem","position":2,"name":"Chassis Porta Contenedores Usados Estructura Recta Plana 40 Pies"}]},{"@type":"WebSite","@id":"https:\/\/www.imgcontainerchassis.com\/es\/#website","url":"https:\/\/www.imgcontainerchassis.com\/es\/","name":"","description":"","potentialAction":[{"@type":"SearchAction","target":{"@type":"EntryPoint","urlTemplate":"https:\/\/www.imgcontainerchassis.com\/es\/?s={search_term_string}"},"query-input":{"@type":"PropertyValueSpecification","valueRequired":true,"valueName":"search_term_string"}}],"inLanguage":"en-US"}]}},"_links":{"self":[{"href":"https:\/\/www.imgcontainerchassis.com\/es\/wp-json\/wp\/v2\/pages\/185","targetHints":{"allow":["GET"]}}],"collection":[{"href":"https:\/\/www.imgcontainerchassis.com\/es\/wp-json\/wp\/v2\/pages"}],"about":[{"href":"https:\/\/www.imgcontainerchassis.com\/es\/wp-json\/wp\/v2\/types\/page"}],"author":[{"embeddable":true,"href":"https:\/\/www.imgcontainerchassis.com\/es\/wp-json\/wp\/v2\/users\/5"}],"replies":[{"embeddable":true,"href":"https:\/\/www.imgcontainerchassis.com\/es\/wp-json\/wp\/v2\/comments?post=185"}],"version-history":[{"count":0,"href":"https:\/\/www.imgcontainerchassis.com\/es\/wp-json\/wp\/v2\/pages\/185\/revisions"}],"wp:attachment":[{"href":"https:\/\/www.imgcontainerchassis.com\/es\/wp-json\/wp\/v2\/media?parent=185"}],"curies":[{"name":"wp","href":"https:\/\/api.w.org\/{rel}","templated":true}]}}