{"id":435,"date":"2013-08-27T19:43:13","date_gmt":"2013-08-27T19:43:13","guid":{"rendered":"https:\/\/imgcontainerchassis.com\/es\/?page_id=435"},"modified":"2016-07-24T16:55:51","modified_gmt":"2016-07-24T16:55:51","slug":"trailers-refrigerados-usados","status":"publish","type":"page","link":"https:\/\/www.imgcontainerchassis.com\/es\/trailers-refrigerados-usados\/","title":{"rendered":"Trailers Refrigerados Usados"},"content":{"rendered":"<pre><div class=\"demo-sep sep-none\" style=\"margin-top:-60px;\"><\/div><\/pre>\n<h1 style=\"text-align: center;\"><span style=\"color: #0000ff;\">Trailers Refrigerados Usados<\/span><\/h1>\n<pre><div class=\"demo-sep sep-none\" style=\"margin-top:-20px;\"><\/div><\/pre>\n<h2 style=\"text-align: center;\">Trailers Refrigerados Usados con unidad de refrigeraci\u00f3n marca Thermo King o Carrier.<\/h2>\n<hr \/>\n<h3><span class=\"dropcap\">IMG<\/span><span style=\"color: #000000;\"><strong>International Commerce Co.<\/strong><\/span> vende y exporta Trailers Refrigerados Usados en muy buenas condiciones, estos trailer son conocidos como C\u00e1maras Frigor\u00edficas, Reefers, Trailer Frigor\u00edfico, etc. Los trailers refrigerados se utilizan para transportar productos perecibles como congelados, productos l\u00e1cteos, vegetales, frutos, flores, etc.<br \/>\nPara la venta tenemos Trailers Refrigerados de 53 pies de largo y Trailers Refrigerados de 48 pies. En inventario tenemos trailers refrigerados marca Great Dane, Utility, Wabash, Dorsey, Hyundai, Kidron, Trial Mobile todos los trailers con Unidad de Refrigeracion Thermo King or Carrier. <\/h3>\n<div class=\"flexslider\" style=\"overflow:hidden;max-width:100%;height:100%;\"><ul class=\"slides\">\n<li class=\"image\"><img decoding=\"async\" src=\"https:\/\/imgcontainerchassis.com\/es\/wp-content\/uploads\/2013\/08\/trailers-refrigerados-usados-1.jpg\" alt=\"\" \/><\/li>\n<li class=\"image\"><img decoding=\"async\" src=\"https:\/\/imgcontainerchassis.com\/es\/wp-content\/uploads\/2013\/08\/trailers-refrigerados-usados-2.jpg\" alt=\"\" \/><\/li>\n<li class=\"image\"><img decoding=\"async\" src=\"https:\/\/imgcontainerchassis.com\/es\/wp-content\/uploads\/2013\/08\/trailers-refrigerados-usados-3.jpg\" alt=\"\" \/><\/li>\n<li class=\"image\"><img decoding=\"async\" src=\"https:\/\/imgcontainerchassis.com\/es\/wp-content\/uploads\/2013\/08\/trailers-refrigerados-usados-4.jpg\" alt=\"\" \/><\/li>\n<li class=\"image\"><img decoding=\"async\" src=\"https:\/\/imgcontainerchassis.com\/es\/wp-content\/uploads\/2013\/08\/trailers-refrigerados-usados-5.jpg\" alt=\"\" \/><\/li>\n<li class=\"image\"><img decoding=\"async\" src=\"https:\/\/imgcontainerchassis.com\/es\/wp-content\/uploads\/2013\/08\/trailers-refrigerados-usados-6.jpg\" alt=\"\" \/><\/li>\n<li class=\"image\"><img decoding=\"async\" src=\"https:\/\/imgcontainerchassis.com\/es\/wp-content\/uploads\/2013\/08\/trailers-refrigerados-usados-7.jpg\" alt=\"\" \/><\/li><\/ul><\/div>\n<pre><div class=\"demo-sep sep-none\" style=\"margin-top:-40px;\"><\/div><\/pre>\n<blockquote>\n<h3>Tenemos una gran selecci\u00f3n de Trailers Refrigerados listos para trabajar, trailers refrigerados marca   Great Dane, Utility, Wabash, Dorsey, Hyundai, Kidron, Trailmobile.<\/h3>\n<\/blockquote>\n<h3>Somos una compa\u00f1\u00eda profesional sirviendo a clientes en Estados Unidos y en todo el mundo, actualmente estamos exportando Trailers Refrigerados Usados a Chile, Ecuador, Per\u00fa, Bolivia, Paraguay, Rep\u00fablica Dominicana, Puerto Rico, Bahamas, Islas del Caribe, M\u00e9xico, Costa Rica, Guatemala, Honduras, Nicaragua, Panam\u00e1, Colombia,  Angola, Nigeria, Costa de Marfil, Kenya, Saud\u00ed Arabia, etc.<\/h3>\n<blockquote>\n<h3>Nosotros vendemos Trailers Refrigerados de 48 pies y Trailers Refrigerados de 53 pies de largo en muy buenas condiciones, trailers con unidades de refrigeraci\u00f3n marca Thermo king o Carrier. <\/h3>\n<\/blockquote>\n<p style=\"text-align: center;\"><strong>\u00a0<\/strong><\/p>\n<\/h3>\n<div class=\"one_third\"><div class=\"accordian\"><\/div>\n\n<ul class=\"list-icon circle-yes list-icon-color-light list-icon-arrow\">\n<li>Trailer Refrigerado de 48 pies o de 53 pies.<\/li>\n<li>Trailer Refrigerado  de 96 de ancho o de 102\u201d.<\/li>\n<li>Trailer Refrigerado  de 96 de ancho o de 102\u201d.<\/li>\n<li>Unidad de refrigeraci\u00f3n Thermo King o Carrier.<\/li>\n<\/ul>\n\n<\/div>\n<p style=\"text-align: center;\"><div class=\"one_third\">\n<div class=\"accordian\"><h5 class=\"toggle \"><a href=\"#\"><span class=\"arrow\"><\/span>ENGLISH CONTENT<\/a><\/h5><div class=\"toggle-content \" style=\"\">You can find all this content in English. <a href=\"https:\/\/www.imgcontainerchassis.com\"><strong>Learn More.<\/strong><\/a><\/div>\n<h5 class=\"toggle active\"><a href=\"#\"><span class=\"arrow\"><\/span>INVENTARIO PARA VENTA<\/a><\/h5><div class=\"toggle-content default-open\" style=\"display: block;\">Vendemos y exportamos porta contenedores y tr\u00e1ilers usados en muy buenas condiciones. Conozca mas sobre nuestro amplio Inventario <a href=\"https:\/\/www.imgcontainerchassis.com\/es\/chassis-porta-contenedores-usados-para-venta\/\"><strong>Leer M\u00e1s<\/strong><\/a><\/div>\n<\/div>\n<\/div>\n<div class=\"one_third last\"><img loading=\"lazy\" decoding=\"async\" class=\"aligncenter size-full wp-image-4718\" alt=\"img-commerce-co-logistica\" src=\"https:\/\/imgcontainerchassis.com\/es\/wp-content\/uploads\/2013\/08\/fotocentro3.jpg\" width=\"704\" height=\"391\" \/><\/p>\n<\/div><div class=\"clearboth\"><\/div>\n<div class=\"demo-sep sep-none\" style=\"margin-top:-20px;\"><\/div>\n<pre><img loading=\"lazy\" decoding=\"async\" class=\"aligncenter size-full wp-image-4721\" alt=\"img-commerce-co-portacontenedores\" src=\"https:\/\/imgcontainerchassis.com\/es\/wp-content\/uploads\/2013\/08\/img-commerce-co-portacontenedores.jpg\" width=\"942\" height=\"150\" \/>\r\n<div class=\"demo-sep sep-none\" style=\"margin-top:-40px;\"><\/div><\/pre>\n","protected":false},"excerpt":{"rendered":"<p>Trailers Refrigerados Usados Trailers Refrigerados Usados con unidad de refrigeraci\u00f3n marca Thermo King o Carrier. International Commerce Co. vende y exporta Trailers Refrigerados Usados en muy buenas condiciones, estos trailer son conocidos como C\u00e1maras Frigor\u00edficas, Reefers, Trailer Frigor\u00edfico, etc. Los trailers refrigerados se utilizan para transportar productos perecibles como congelados, [&hellip;]<\/p>\n","protected":false},"author":5,"featured_media":0,"parent":0,"menu_order":0,"comment_status":"closed","ping_status":"closed","template":"","meta":{"_exactmetrics_skip_tracking":false,"_exactmetrics_sitenote_active":false,"_exactmetrics_sitenote_note":"","_exactmetrics_sitenote_category":0,"footnotes":""},"class_list":["post-435","page","type-page","status-publish","hentry"],"yoast_head":"<!-- This site is optimized with the Yoast SEO plugin v27.4 - https:\/\/yoast.com\/product\/yoast-seo-wordpress\/ -->\n<title>Trailers Refrigerados Usados -<\/title>\n<meta name=\"robots\" content=\"noindex, follow\" \/>\n<meta property=\"og:locale\" content=\"en_US\" \/>\n<meta property=\"og:type\" content=\"article\" \/>\n<meta property=\"og:title\" content=\"Trailers Refrigerados Usados -\" \/>\n<meta property=\"og:description\" content=\"Trailers Refrigerados Usados Trailers Refrigerados Usados con unidad de refrigeraci\u00f3n marca Thermo King o Carrier. International Commerce Co. vende y exporta Trailers Refrigerados Usados en muy buenas condiciones, estos trailer son conocidos como C\u00e1maras Frigor\u00edficas, Reefers, Trailer Frigor\u00edfico, etc. Los trailers refrigerados se utilizan para transportar productos perecibles como congelados, [&hellip;]\" \/>\n<meta property=\"og:url\" content=\"https:\/\/www.imgcontainerchassis.com\/es\/trailers-refrigerados-usados\/\" \/>\n<meta property=\"article:modified_time\" content=\"2016-07-24T16:55:51+00:00\" \/>\n<meta property=\"og:image\" content=\"https:\/\/imgcontainerchassis.com\/es\/wp-content\/uploads\/2013\/08\/fotocentro3.jpg\" \/>\n<meta name=\"twitter:label1\" content=\"Est. reading time\" \/>\n\t<meta name=\"twitter:data1\" content=\"2 minutes\" \/>\n<script type=\"application\/ld+json\" class=\"yoast-schema-graph\">{\"@context\":\"https:\\\/\\\/schema.org\",\"@graph\":[{\"@type\":\"WebPage\",\"@id\":\"https:\\\/\\\/www.imgcontainerchassis.com\\\/es\\\/trailers-refrigerados-usados\\\/\",\"url\":\"https:\\\/\\\/www.imgcontainerchassis.com\\\/es\\\/trailers-refrigerados-usados\\\/\",\"name\":\"Trailers Refrigerados Usados -\",\"isPartOf\":{\"@id\":\"https:\\\/\\\/www.imgcontainerchassis.com\\\/es\\\/#website\"},\"primaryImageOfPage\":{\"@id\":\"https:\\\/\\\/www.imgcontainerchassis.com\\\/es\\\/trailers-refrigerados-usados\\\/#primaryimage\"},\"image\":{\"@id\":\"https:\\\/\\\/www.imgcontainerchassis.com\\\/es\\\/trailers-refrigerados-usados\\\/#primaryimage\"},\"thumbnailUrl\":\"https:\\\/\\\/imgcontainerchassis.com\\\/es\\\/wp-content\\\/uploads\\\/2013\\\/08\\\/fotocentro3.jpg\",\"datePublished\":\"2013-08-27T19:43:13+00:00\",\"dateModified\":\"2016-07-24T16:55:51+00:00\",\"breadcrumb\":{\"@id\":\"https:\\\/\\\/www.imgcontainerchassis.com\\\/es\\\/trailers-refrigerados-usados\\\/#breadcrumb\"},\"inLanguage\":\"en-US\",\"potentialAction\":[{\"@type\":\"ReadAction\",\"target\":[\"https:\\\/\\\/www.imgcontainerchassis.com\\\/es\\\/trailers-refrigerados-usados\\\/\"]}]},{\"@type\":\"ImageObject\",\"inLanguage\":\"en-US\",\"@id\":\"https:\\\/\\\/www.imgcontainerchassis.com\\\/es\\\/trailers-refrigerados-usados\\\/#primaryimage\",\"url\":\"https:\\\/\\\/imgcontainerchassis.com\\\/es\\\/wp-content\\\/uploads\\\/2013\\\/08\\\/fotocentro3.jpg\",\"contentUrl\":\"https:\\\/\\\/imgcontainerchassis.com\\\/es\\\/wp-content\\\/uploads\\\/2013\\\/08\\\/fotocentro3.jpg\"},{\"@type\":\"BreadcrumbList\",\"@id\":\"https:\\\/\\\/www.imgcontainerchassis.com\\\/es\\\/trailers-refrigerados-usados\\\/#breadcrumb\",\"itemListElement\":[{\"@type\":\"ListItem\",\"position\":1,\"name\":\"Home\",\"item\":\"https:\\\/\\\/www.imgcontainerchassis.com\\\/es\\\/\"},{\"@type\":\"ListItem\",\"position\":2,\"name\":\"Trailers Refrigerados Usados\"}]},{\"@type\":\"WebSite\",\"@id\":\"https:\\\/\\\/www.imgcontainerchassis.com\\\/es\\\/#website\",\"url\":\"https:\\\/\\\/www.imgcontainerchassis.com\\\/es\\\/\",\"name\":\"\",\"description\":\"\",\"potentialAction\":[{\"@type\":\"SearchAction\",\"target\":{\"@type\":\"EntryPoint\",\"urlTemplate\":\"https:\\\/\\\/www.imgcontainerchassis.com\\\/es\\\/?s={search_term_string}\"},\"query-input\":{\"@type\":\"PropertyValueSpecification\",\"valueRequired\":true,\"valueName\":\"search_term_string\"}}],\"inLanguage\":\"en-US\"}]}<\/script>\n<!-- \/ Yoast SEO plugin. -->","yoast_head_json":{"title":"Trailers Refrigerados Usados -","robots":{"index":"noindex","follow":"follow"},"og_locale":"en_US","og_type":"article","og_title":"Trailers Refrigerados Usados -","og_description":"Trailers Refrigerados Usados Trailers Refrigerados Usados con unidad de refrigeraci\u00f3n marca Thermo King o Carrier. International Commerce Co. vende y exporta Trailers Refrigerados Usados en muy buenas condiciones, estos trailer son conocidos como C\u00e1maras Frigor\u00edficas, Reefers, Trailer Frigor\u00edfico, etc. Los trailers refrigerados se utilizan para transportar productos perecibles como congelados, [&hellip;]","og_url":"https:\/\/www.imgcontainerchassis.com\/es\/trailers-refrigerados-usados\/","article_modified_time":"2016-07-24T16:55:51+00:00","og_image":[{"url":"https:\/\/imgcontainerchassis.com\/es\/wp-content\/uploads\/2013\/08\/fotocentro3.jpg","type":"","width":"","height":""}],"twitter_misc":{"Est. reading time":"2 minutes"},"schema":{"@context":"https:\/\/schema.org","@graph":[{"@type":"WebPage","@id":"https:\/\/www.imgcontainerchassis.com\/es\/trailers-refrigerados-usados\/","url":"https:\/\/www.imgcontainerchassis.com\/es\/trailers-refrigerados-usados\/","name":"Trailers Refrigerados Usados -","isPartOf":{"@id":"https:\/\/www.imgcontainerchassis.com\/es\/#website"},"primaryImageOfPage":{"@id":"https:\/\/www.imgcontainerchassis.com\/es\/trailers-refrigerados-usados\/#primaryimage"},"image":{"@id":"https:\/\/www.imgcontainerchassis.com\/es\/trailers-refrigerados-usados\/#primaryimage"},"thumbnailUrl":"https:\/\/imgcontainerchassis.com\/es\/wp-content\/uploads\/2013\/08\/fotocentro3.jpg","datePublished":"2013-08-27T19:43:13+00:00","dateModified":"2016-07-24T16:55:51+00:00","breadcrumb":{"@id":"https:\/\/www.imgcontainerchassis.com\/es\/trailers-refrigerados-usados\/#breadcrumb"},"inLanguage":"en-US","potentialAction":[{"@type":"ReadAction","target":["https:\/\/www.imgcontainerchassis.com\/es\/trailers-refrigerados-usados\/"]}]},{"@type":"ImageObject","inLanguage":"en-US","@id":"https:\/\/www.imgcontainerchassis.com\/es\/trailers-refrigerados-usados\/#primaryimage","url":"https:\/\/imgcontainerchassis.com\/es\/wp-content\/uploads\/2013\/08\/fotocentro3.jpg","contentUrl":"https:\/\/imgcontainerchassis.com\/es\/wp-content\/uploads\/2013\/08\/fotocentro3.jpg"},{"@type":"BreadcrumbList","@id":"https:\/\/www.imgcontainerchassis.com\/es\/trailers-refrigerados-usados\/#breadcrumb","itemListElement":[{"@type":"ListItem","position":1,"name":"Home","item":"https:\/\/www.imgcontainerchassis.com\/es\/"},{"@type":"ListItem","position":2,"name":"Trailers Refrigerados Usados"}]},{"@type":"WebSite","@id":"https:\/\/www.imgcontainerchassis.com\/es\/#website","url":"https:\/\/www.imgcontainerchassis.com\/es\/","name":"","description":"","potentialAction":[{"@type":"SearchAction","target":{"@type":"EntryPoint","urlTemplate":"https:\/\/www.imgcontainerchassis.com\/es\/?s={search_term_string}"},"query-input":{"@type":"PropertyValueSpecification","valueRequired":true,"valueName":"search_term_string"}}],"inLanguage":"en-US"}]}},"_links":{"self":[{"href":"https:\/\/www.imgcontainerchassis.com\/es\/wp-json\/wp\/v2\/pages\/435","targetHints":{"allow":["GET"]}}],"collection":[{"href":"https:\/\/www.imgcontainerchassis.com\/es\/wp-json\/wp\/v2\/pages"}],"about":[{"href":"https:\/\/www.imgcontainerchassis.com\/es\/wp-json\/wp\/v2\/types\/page"}],"author":[{"embeddable":true,"href":"https:\/\/www.imgcontainerchassis.com\/es\/wp-json\/wp\/v2\/users\/5"}],"replies":[{"embeddable":true,"href":"https:\/\/www.imgcontainerchassis.com\/es\/wp-json\/wp\/v2\/comments?post=435"}],"version-history":[{"count":0,"href":"https:\/\/www.imgcontainerchassis.com\/es\/wp-json\/wp\/v2\/pages\/435\/revisions"}],"wp:attachment":[{"href":"https:\/\/www.imgcontainerchassis.com\/es\/wp-json\/wp\/v2\/media?parent=435"}],"curies":[{"name":"wp","href":"https:\/\/api.w.org\/{rel}","templated":true}]}}