{"id":451,"date":"2013-08-27T19:54:53","date_gmt":"2013-08-27T19:54:53","guid":{"rendered":"https:\/\/imgcontainerchassis.com\/es\/?page_id=451"},"modified":"2016-07-24T16:44:27","modified_gmt":"2016-07-24T16:44:27","slug":"chassis-nuevos-evans-trailers","status":"publish","type":"page","link":"https:\/\/www.imgcontainerchassis.com\/es\/chassis-nuevos-evans-trailers\/","title":{"rendered":"Chassis Nuevos Evans Trailers"},"content":{"rendered":"<pre><div class=\"demo-sep sep-none\" style=\"margin-top:-60px;\"><\/div><\/pre>\n<h1 style=\"text-align: center;\"><span style=\"color: #0000ff;\">Distribuidor y Exportador Autorizado de Trailers marca Evans<\/span><\/h1>\n<pre><div class=\"demo-sep sep-none\" style=\"margin-top:-30px;\"><\/div><\/pre>\n<h2 style=\"text-align: center;\"><strong>Plataformas (Flatbed trailers) y Camas bajas (Lowboy Trailers) <\/strong><\/h2>\n<div class=\"flexslider\" style=\"overflow:hidden;max-width:100%;height:100%;\"><ul class=\"slides\">\n<li class=\"image\"><img decoding=\"async\" src=\"https:\/\/imgcontainerchassis.com\/es\/wp-content\/uploads\/2013\/08\/evans-trailers-1.jpg\" alt=\"\" \/><\/li>\n<li class=\"image\"><img decoding=\"async\" src=\"https:\/\/imgcontainerchassis.com\/es\/wp-content\/uploads\/2013\/08\/evans-trailers-2.jpg\" alt=\"\" \/><\/li>\n<li class=\"image\"><img decoding=\"async\" src=\"https:\/\/imgcontainerchassis.com\/es\/wp-content\/uploads\/2013\/08\/evans-trailers-3.jpg\" alt=\"\" \/><\/li>\n<li class=\"image\"><img decoding=\"async\" src=\"https:\/\/imgcontainerchassis.com\/es\/wp-content\/uploads\/2013\/08\/evans-trailers-4.jpg\" alt=\"\" \/><\/li>\n<li class=\"image\"><img decoding=\"async\" src=\"https:\/\/imgcontainerchassis.com\/es\/wp-content\/uploads\/2013\/08\/evans-trailers-5.jpg\" alt=\"\" \/><\/li>\n<li class=\"image\"><img decoding=\"async\" src=\"https:\/\/imgcontainerchassis.com\/es\/wp-content\/uploads\/2013\/08\/evans-trailers-6.jpg\" alt=\"\" \/><\/li><\/ul><\/div>\n<pre><div class=\"demo-sep sep-none\" style=\"margin-top:-30px;\"><\/div><\/pre>\n<h3><span class=\"dropcap\">IMG<\/span><span style=\"color: #000000;\"><strong>International Commerce Co.<\/strong><\/span> es un dealer &#8211; distribuidor autorizado de trailers marca EVANS.<\/h3>\n<p>Los modelos de nuestras plataformas rectas y plataformas drop deck, ofrecen a nuestros clientes la mayor productividad al menor costo. Nosotros fabricamos las plataformas a la medida y gusto del cliente. Para esas cargas altas, disponemos de plataformas con piso bajo (drop deck), las cuales ofrecen versatilidad a su flota de trailers. Nuestro modelo standard de plataformas se extienden de 48 pies a 80 pies, estas plataformas son usadas para carga extra larga. Claro, que tambi\u00e9n tenemos las plataformas que se extienden de 53 pies a 73 pies.<br \/>\nEvans Trailers tambi\u00e9n produce una variedad de Camas Bajas (Low Boys) para la industria de la construcci\u00f3n. Nosotros podemos fabricar su equipo pesado con varias capacidades de peso, ancho, suspensi\u00f3n y opciones de altura.<br \/>\n<div class=\"one_half\">\n<h2><strong><span style=\"color: #0000ff;\">Trailers Nuevos Evans<\/span><\/strong><\/h2>\n<p>Desde 1919, el personal de Evans Trailers, ha venido fabricando una gran variedad de trailers hechos a la medida del cliente, nosotros estamos listos para atender sus necesidades espec\u00edficas en sus trailers, Evans Trailers est\u00e1 ubicado en Sumter, South Carolina.<br \/>\nPara la industria maderera, proporcionamos una l\u00ednea de trailers de peso ligero, fabricados de acero de alta resistencia.<br \/>\n<\/div>\n<div class=\"one_half last\">\n<h3 style=\"text-align: center;\"><span style=\"background-color: #c5c7c6;\"><strong><span style=\"color: #ffffff;\">Puede Revisar los Enlaces de Abajo<\/span><\/strong><\/span><\/h3>\n<ul>\n<li><a href=\"https:\/\/www.imgcontainerchassis.com\/es\/plataforma-nueva-de-dos-ejes\/\">Plataforma nueva de dos ejes<\/a><\/li>\n<li><a href=\"https:\/\/www.imgcontainerchassis.com\/es\/plataforma-nueva-drop-deck\/\">Plataforma nueva Drop Deck<\/a><\/li>\n<li><a href=\"https:\/\/www.imgcontainerchassis.com\/es\/plataforma-nueva-expandible-40-48-pies\/\">Plataforma nueva expandible 40-48 pies<\/a><\/li>\n<li><a href=\"https:\/\/www.imgcontainerchassis.com\/es\/plataforma-nueva-expandible-53-73-pies-drop-deck\/\">Plataforma expandible 53-73 pies Drop Deck<\/a><\/li>\n<li><a href=\"https:\/\/www.imgcontainerchassis.com\/es\/cama-baja-nueva-55-ton-cuello-detachable-hidraulico\/\">Cama baja 55 ton cuello detachable hidra\u00falico<\/a><\/li>\n<li><a href=\"https:\/\/www.imgcontainerchassis.com\/es\/cama-baja-nueva-35-ton-cuello-detachable-hidraulico\/\">Cama baja 35 ton cuello detachable hidra\u00falico<\/a><\/li>\n<li><a href=\"https:\/\/www.imgcontainerchassis.com\/es\/cama-baja-nueva-con-cuello-fijo\/\">Cama baja nueva con cuello fijo<\/a><\/li>\n<\/ul>\n<\/div><div class=\"clearboth\"><\/div>\n<pre><img loading=\"lazy\" decoding=\"async\" class=\"aligncenter size-full wp-image-4721\" alt=\"img-commerce-co-portacontenedores\" src=\"https:\/\/www.imgcontainerchassis.com\/es\/wp-content\/uploads\/2013\/08\/img-commerce-co-portacontenedores.jpg\" width=\"942\" height=\"150\" \/>\r\n<div class=\"demo-sep sep-none\" style=\"margin-top:-40px;\"><\/div><\/pre>\n","protected":false},"excerpt":{"rendered":"<p>Distribuidor y Exportador Autorizado de Trailers marca Evans Plataformas (Flatbed trailers) y Camas bajas (Lowboy Trailers) International Commerce Co. es un dealer &#8211; distribuidor autorizado de trailers marca EVANS. Los modelos de nuestras plataformas rectas y plataformas drop deck, ofrecen a nuestros clientes la mayor productividad al menor costo. Nosotros [&hellip;]<\/p>\n","protected":false},"author":5,"featured_media":0,"parent":0,"menu_order":0,"comment_status":"closed","ping_status":"closed","template":"","meta":{"_exactmetrics_skip_tracking":false,"_exactmetrics_sitenote_active":false,"_exactmetrics_sitenote_note":"","_exactmetrics_sitenote_category":0,"footnotes":""},"class_list":["post-451","page","type-page","status-publish","hentry"],"yoast_head":"<!-- This site is optimized with the Yoast SEO plugin v27.4 - https:\/\/yoast.com\/product\/yoast-seo-wordpress\/ -->\n<title>Chassis Nuevos Evans Trailers -<\/title>\n<meta name=\"robots\" content=\"noindex, follow\" \/>\n<meta property=\"og:locale\" content=\"en_US\" \/>\n<meta property=\"og:type\" content=\"article\" \/>\n<meta property=\"og:title\" content=\"Chassis Nuevos Evans Trailers -\" \/>\n<meta property=\"og:description\" content=\"Distribuidor y Exportador Autorizado de Trailers marca Evans Plataformas (Flatbed trailers) y Camas bajas (Lowboy Trailers) International Commerce Co. es un dealer &#8211; distribuidor autorizado de trailers marca EVANS. Los modelos de nuestras plataformas rectas y plataformas drop deck, ofrecen a nuestros clientes la mayor productividad al menor costo. Nosotros [&hellip;]\" \/>\n<meta property=\"og:url\" content=\"https:\/\/www.imgcontainerchassis.com\/es\/chassis-nuevos-evans-trailers\/\" \/>\n<meta property=\"article:modified_time\" content=\"2016-07-24T16:44:27+00:00\" \/>\n<meta property=\"og:image\" content=\"https:\/\/www.imgcontainerchassis.com\/es\/wp-content\/uploads\/2013\/08\/img-commerce-co-portacontenedores.jpg\" \/>\n<meta name=\"twitter:label1\" content=\"Est. reading time\" \/>\n\t<meta name=\"twitter:data1\" content=\"2 minutes\" \/>\n<script type=\"application\/ld+json\" class=\"yoast-schema-graph\">{\"@context\":\"https:\\\/\\\/schema.org\",\"@graph\":[{\"@type\":\"WebPage\",\"@id\":\"https:\\\/\\\/www.imgcontainerchassis.com\\\/es\\\/chassis-nuevos-evans-trailers\\\/\",\"url\":\"https:\\\/\\\/www.imgcontainerchassis.com\\\/es\\\/chassis-nuevos-evans-trailers\\\/\",\"name\":\"Chassis Nuevos Evans Trailers -\",\"isPartOf\":{\"@id\":\"https:\\\/\\\/www.imgcontainerchassis.com\\\/es\\\/#website\"},\"primaryImageOfPage\":{\"@id\":\"https:\\\/\\\/www.imgcontainerchassis.com\\\/es\\\/chassis-nuevos-evans-trailers\\\/#primaryimage\"},\"image\":{\"@id\":\"https:\\\/\\\/www.imgcontainerchassis.com\\\/es\\\/chassis-nuevos-evans-trailers\\\/#primaryimage\"},\"thumbnailUrl\":\"https:\\\/\\\/www.imgcontainerchassis.com\\\/es\\\/wp-content\\\/uploads\\\/2013\\\/08\\\/img-commerce-co-portacontenedores.jpg\",\"datePublished\":\"2013-08-27T19:54:53+00:00\",\"dateModified\":\"2016-07-24T16:44:27+00:00\",\"breadcrumb\":{\"@id\":\"https:\\\/\\\/www.imgcontainerchassis.com\\\/es\\\/chassis-nuevos-evans-trailers\\\/#breadcrumb\"},\"inLanguage\":\"en-US\",\"potentialAction\":[{\"@type\":\"ReadAction\",\"target\":[\"https:\\\/\\\/www.imgcontainerchassis.com\\\/es\\\/chassis-nuevos-evans-trailers\\\/\"]}]},{\"@type\":\"ImageObject\",\"inLanguage\":\"en-US\",\"@id\":\"https:\\\/\\\/www.imgcontainerchassis.com\\\/es\\\/chassis-nuevos-evans-trailers\\\/#primaryimage\",\"url\":\"https:\\\/\\\/www.imgcontainerchassis.com\\\/es\\\/wp-content\\\/uploads\\\/2013\\\/08\\\/img-commerce-co-portacontenedores.jpg\",\"contentUrl\":\"https:\\\/\\\/www.imgcontainerchassis.com\\\/es\\\/wp-content\\\/uploads\\\/2013\\\/08\\\/img-commerce-co-portacontenedores.jpg\",\"width\":942,\"height\":150},{\"@type\":\"BreadcrumbList\",\"@id\":\"https:\\\/\\\/www.imgcontainerchassis.com\\\/es\\\/chassis-nuevos-evans-trailers\\\/#breadcrumb\",\"itemListElement\":[{\"@type\":\"ListItem\",\"position\":1,\"name\":\"Home\",\"item\":\"https:\\\/\\\/www.imgcontainerchassis.com\\\/es\\\/\"},{\"@type\":\"ListItem\",\"position\":2,\"name\":\"Chassis Nuevos Evans Trailers\"}]},{\"@type\":\"WebSite\",\"@id\":\"https:\\\/\\\/www.imgcontainerchassis.com\\\/es\\\/#website\",\"url\":\"https:\\\/\\\/www.imgcontainerchassis.com\\\/es\\\/\",\"name\":\"\",\"description\":\"\",\"potentialAction\":[{\"@type\":\"SearchAction\",\"target\":{\"@type\":\"EntryPoint\",\"urlTemplate\":\"https:\\\/\\\/www.imgcontainerchassis.com\\\/es\\\/?s={search_term_string}\"},\"query-input\":{\"@type\":\"PropertyValueSpecification\",\"valueRequired\":true,\"valueName\":\"search_term_string\"}}],\"inLanguage\":\"en-US\"}]}<\/script>\n<!-- \/ Yoast SEO plugin. -->","yoast_head_json":{"title":"Chassis Nuevos Evans Trailers -","robots":{"index":"noindex","follow":"follow"},"og_locale":"en_US","og_type":"article","og_title":"Chassis Nuevos Evans Trailers -","og_description":"Distribuidor y Exportador Autorizado de Trailers marca Evans Plataformas (Flatbed trailers) y Camas bajas (Lowboy Trailers) International Commerce Co. es un dealer &#8211; distribuidor autorizado de trailers marca EVANS. Los modelos de nuestras plataformas rectas y plataformas drop deck, ofrecen a nuestros clientes la mayor productividad al menor costo. Nosotros [&hellip;]","og_url":"https:\/\/www.imgcontainerchassis.com\/es\/chassis-nuevos-evans-trailers\/","article_modified_time":"2016-07-24T16:44:27+00:00","og_image":[{"url":"https:\/\/www.imgcontainerchassis.com\/es\/wp-content\/uploads\/2013\/08\/img-commerce-co-portacontenedores.jpg","type":"","width":"","height":""}],"twitter_misc":{"Est. reading time":"2 minutes"},"schema":{"@context":"https:\/\/schema.org","@graph":[{"@type":"WebPage","@id":"https:\/\/www.imgcontainerchassis.com\/es\/chassis-nuevos-evans-trailers\/","url":"https:\/\/www.imgcontainerchassis.com\/es\/chassis-nuevos-evans-trailers\/","name":"Chassis Nuevos Evans Trailers -","isPartOf":{"@id":"https:\/\/www.imgcontainerchassis.com\/es\/#website"},"primaryImageOfPage":{"@id":"https:\/\/www.imgcontainerchassis.com\/es\/chassis-nuevos-evans-trailers\/#primaryimage"},"image":{"@id":"https:\/\/www.imgcontainerchassis.com\/es\/chassis-nuevos-evans-trailers\/#primaryimage"},"thumbnailUrl":"https:\/\/www.imgcontainerchassis.com\/es\/wp-content\/uploads\/2013\/08\/img-commerce-co-portacontenedores.jpg","datePublished":"2013-08-27T19:54:53+00:00","dateModified":"2016-07-24T16:44:27+00:00","breadcrumb":{"@id":"https:\/\/www.imgcontainerchassis.com\/es\/chassis-nuevos-evans-trailers\/#breadcrumb"},"inLanguage":"en-US","potentialAction":[{"@type":"ReadAction","target":["https:\/\/www.imgcontainerchassis.com\/es\/chassis-nuevos-evans-trailers\/"]}]},{"@type":"ImageObject","inLanguage":"en-US","@id":"https:\/\/www.imgcontainerchassis.com\/es\/chassis-nuevos-evans-trailers\/#primaryimage","url":"https:\/\/www.imgcontainerchassis.com\/es\/wp-content\/uploads\/2013\/08\/img-commerce-co-portacontenedores.jpg","contentUrl":"https:\/\/www.imgcontainerchassis.com\/es\/wp-content\/uploads\/2013\/08\/img-commerce-co-portacontenedores.jpg","width":942,"height":150},{"@type":"BreadcrumbList","@id":"https:\/\/www.imgcontainerchassis.com\/es\/chassis-nuevos-evans-trailers\/#breadcrumb","itemListElement":[{"@type":"ListItem","position":1,"name":"Home","item":"https:\/\/www.imgcontainerchassis.com\/es\/"},{"@type":"ListItem","position":2,"name":"Chassis Nuevos Evans Trailers"}]},{"@type":"WebSite","@id":"https:\/\/www.imgcontainerchassis.com\/es\/#website","url":"https:\/\/www.imgcontainerchassis.com\/es\/","name":"","description":"","potentialAction":[{"@type":"SearchAction","target":{"@type":"EntryPoint","urlTemplate":"https:\/\/www.imgcontainerchassis.com\/es\/?s={search_term_string}"},"query-input":{"@type":"PropertyValueSpecification","valueRequired":true,"valueName":"search_term_string"}}],"inLanguage":"en-US"}]}},"_links":{"self":[{"href":"https:\/\/www.imgcontainerchassis.com\/es\/wp-json\/wp\/v2\/pages\/451","targetHints":{"allow":["GET"]}}],"collection":[{"href":"https:\/\/www.imgcontainerchassis.com\/es\/wp-json\/wp\/v2\/pages"}],"about":[{"href":"https:\/\/www.imgcontainerchassis.com\/es\/wp-json\/wp\/v2\/types\/page"}],"author":[{"embeddable":true,"href":"https:\/\/www.imgcontainerchassis.com\/es\/wp-json\/wp\/v2\/users\/5"}],"replies":[{"embeddable":true,"href":"https:\/\/www.imgcontainerchassis.com\/es\/wp-json\/wp\/v2\/comments?post=451"}],"version-history":[{"count":0,"href":"https:\/\/www.imgcontainerchassis.com\/es\/wp-json\/wp\/v2\/pages\/451\/revisions"}],"wp:attachment":[{"href":"https:\/\/www.imgcontainerchassis.com\/es\/wp-json\/wp\/v2\/media?parent=451"}],"curies":[{"name":"wp","href":"https:\/\/api.w.org\/{rel}","templated":true}]}}