{"id":70,"date":"2013-08-12T20:16:18","date_gmt":"2013-08-12T20:16:18","guid":{"rendered":"https:\/\/imgcontainerchassis.com\/es\/?page_id=70"},"modified":"2016-07-25T14:05:47","modified_gmt":"2016-07-25T14:05:47","slug":"chassis-porta-contenedores-usados","status":"publish","type":"page","link":"https:\/\/www.imgcontainerchassis.com\/es\/chassis-porta-contenedores-usados\/","title":{"rendered":"Chassis Porta Contenedores Usados"},"content":{"rendered":"<pre><div class=\"demo-sep sep-none\" style=\"margin-top:-60px;\"><\/div><\/pre>\n<h1 style=\"text-align: center;\"><span style=\"color: #0000ff;\">Chassis Porta Contenedores Usados<\/span><\/h1>\n<pre><div class=\"demo-sep sep-none\" style=\"margin-top:-20px;\"><\/div><\/pre>\n<h2 style=\"text-align: center;\">Chassis Porta Contenedores Usados (portacontenedores usados) modelo cuello de ganzo, de estructura recta (estructura plana), chassis con ejes fijos, chassis con ejes re-corredizos, chassis extensibles (chassis extensibles, chassis expandibles), multiprop\u00f3sito modelo combo, chassis para mover ISO tanques.<\/h2>\n<hr \/>\n<h3><span class=\"dropcap\">IMG<\/span><span style=\"color: #000000;\"><strong>International Commerce Co.<\/strong><\/span> es una compa\u00f1\u00eda seria y profesional, una de las m\u00e1s grandes vendedoras y exportadoras de Chassis porta contenedores Usados desde los Estados Unidos. Nosotros mantenemos un gran inventario de todo tipo de chassis en el patio (yarda, lote) en Miami Florida y en el patio (yarda, lote) en Laredo Texas.  Tambi\u00e9n mantenemos un gran inventario de chassis portacontenedores en varias ciudades de Estados Unidos.<\/h3>\n<div class=\"flexslider\" style=\"overflow:hidden;max-width:100%;height:100%;\"><ul class=\"slides\">\n<li class=\"image\"><img decoding=\"async\" src=\"https:\/\/imgcontainerchassis.com\/es\/wp-content\/uploads\/2013\/08\/chassis-porta-contenedores-usados-1.jpg\" alt=\"\" \/><\/li>\n<li class=\"image\"><img decoding=\"async\" src=\"https:\/\/imgcontainerchassis.com\/es\/wp-content\/uploads\/2013\/08\/chassis-porta-contenedores-usados-2.jpg\" alt=\"\" \/><\/li>\n<li class=\"image\"><img decoding=\"async\" src=\"https:\/\/imgcontainerchassis.com\/es\/wp-content\/uploads\/2013\/08\/chassis-porta-contenedores-usados-3.jpg\" alt=\"\" \/><\/li>\n<li class=\"image\"><img decoding=\"async\" src=\"https:\/\/imgcontainerchassis.com\/es\/wp-content\/uploads\/2013\/08\/chassis-porta-contenedores-usados-4.jpg\" alt=\"\" \/><\/li>\n<li class=\"image\"><img decoding=\"async\" src=\"https:\/\/imgcontainerchassis.com\/es\/wp-content\/uploads\/2013\/08\/chassis-porta-contenedores-usados-5.jpg\" alt=\"\" \/><\/li>\n<li class=\"image\"><img decoding=\"async\" src=\"https:\/\/imgcontainerchassis.com\/es\/wp-content\/uploads\/2013\/08\/chassis-porta-contenedores-usados-6.jpg\" alt=\"\" \/><\/li>\n<li class=\"image\"><img decoding=\"async\" src=\"https:\/\/imgcontainerchassis.com\/es\/wp-content\/uploads\/2013\/08\/chassis-porta-contenedores-usados-7.jpg\" alt=\"\" \/><\/li>\n<li class=\"image\"><img decoding=\"async\" src=\"https:\/\/imgcontainerchassis.com\/es\/wp-content\/uploads\/2013\/08\/chassis-porta-contenedores-usados-8.jpg\" alt=\"\" \/><\/li>\n<li class=\"image\"><img decoding=\"async\" src=\"https:\/\/imgcontainerchassis.com\/es\/wp-content\/uploads\/2013\/08\/chassis-porta-contenedores-usados-9.jpg\" alt=\"\" \/><\/li>\n<li class=\"image\"><img decoding=\"async\" src=\"https:\/\/imgcontainerchassis.com\/es\/wp-content\/uploads\/2013\/08\/chassis-porta-contenedores-usados-10.jpg\" alt=\"\" \/><\/li><\/ul><\/div>\n<pre><div class=\"demo-sep sep-none\" style=\"margin-top:-40px;\"><\/div><\/pre>\n<h3><span class=\"dropcap\">IMG<\/span><span style=\"color: #000000;\"><strong>International Commerce Co.<\/strong><\/span> vende y exporta todo tipo de Chassis Porta Contenedores Usados (portacontenedores usados) tales como chassis de 20 pies, chassis de 40 pies, chassis Extensibles (chassis extensibles, chassis expandibles) 20-40 pies, chassis extensibles 40-45-48-53 pies, chassis multiprop\u00f3sito modelo combo de 8 pins,  chassis multiprop\u00f3sito modelo combo de 12 pins, chassis tanques (chassis para ISO tanques),  chassis de dos ejes y chassis de tres ejes. Tenemos en inventario chassis de diferentes fabricantes o manufacturadores como: Strick, Cheetah, Hyundai, Monon, Stoughton, Manac, Loadcraft, Dorsey, Wabash, Bertolini, Ajax, etc.<\/h3>\n<blockquote>\n<h4>Para exportaci\u00f3n usualmente embarcamos paquetes-bultos- atados de 5 chassis. Sin embargo, nos acomodaremos a su necesidad, podr\u00edamos hacer paquetes-bultos- atados combinados con chassis de 40 pies y de 20 pies. Quiz\u00e1 paquetes-bultos- atados con plataformas, chassis  gensets, etc. O quiz\u00e1s podr\u00edamos cargar los chassis dentro de un contenedor. <\/h4>\n<\/blockquote>\n<h2 style=\"text-align: center;\"><span style=\"background-color: #c5c7c6;\"><strong><span style=\"color: #ffffff;\">Please Check the Links Below, to See Current Inventory.<\/span><\/strong><\/span><\/h2>\n<div class=\"one_half\">\n<h2><strong><span style=\"color: #0000ff;\">Chassis Usados de 20 Pies<\/span><\/strong><\/h2>\n<ul>\n<li><a href=\"\/es\/chassis-porta-contenedores-usados-20-pies-ejes-fijos\/\">Chassis usados de 20 Pies con ejes fijos<\/a><\/li>\n<li><a href=\"\/es\/chassis-porta-contenedores-usados-20-pies-ejes-re-corredizos-deslizables\/\">Chassis usados de 20 pies con ejes re-corredizos<\/a><\/li>\n<li><a href=\"\/es\/chassis-porta-contenedores-usados-20-pies-tres-ejes\/\">Chassis usados de 20 pies de tres ejes<\/a><\/li>\n<\/ul>\n<h2><strong><span style=\"color: #0000ff;\">Chassis Usados de 40 Pies<\/span><\/strong><\/h2>\n<ul>\n<li><a href=\"\/es\/chassis-porta-contenedores-usados-cuello-ganzo-40-pies\/\">Chassis usados modelo cuello de ganzo de 40 Pies<\/a><\/li>\n<li><a href=\"\/es\/chassis-porta-contenedores-usados-estructura-recta-plana-40-pies\/\">Chassis usados estructura recta (plana) de 40 Pies<\/a><\/li>\n<li><a href=\"\/es\/chassis-porta-contenedores-usados-cuello-ganzo-40-pies-tres-ejes\/\">Chassis usados cuello de ganzo 40 Pies tres ejes<\/a><\/li>\n<\/ul>\n<h2><strong><span style=\"color: #0000ff;\">Chassis Usados de 45 Pies<\/span><\/strong><\/h2>\n<ul>\n<li><a href=\"\/es\/chassis-porta-contenedores-usados-cuello-ganzo-45-pies\/\">Chassis usados cuello de ganzo de 45 Pies <\/a><\/li>\n<\/ul>\n<h2><strong><span style=\"color: #0000ff;\">Chassis Usados de 48 Pies<\/span><\/strong><\/h2>\n<ul>\n<li><a href=\"\/es\/chassis-porta-contenedores-usados-cuello-ganzo-48-pies\/\">Chassis usados cuello de ganzo de 48 Pies<\/a><\/li>\n<\/ul>\n<p><\/div>\n<div class=\"one_half last\">\n<h2><strong><span style=\"color: #0000ff;\">Chassis Usados de 53 Pies<\/span><\/strong><\/h2>\n<ul>\n<li><a href=\"https:\/\/www.imgcontainerchassis.com\/used-53-foot-container-chassis\/\">Chassis usados cuello de ganzo de 53 Pies<\/a><\/li>\n<\/ul>\n<h2><strong><span style=\"color: #0000ff;\">Chassis Usados de 20-40<\/span><\/strong><\/h2>\n<ul>\n<li><a href=\"\/es\/chassis-porta-contenedores-usados-combo-8-pins\/\">Chassis usados Combo de 8 pins<\/a><\/li>\n<li><a href=\"\/es\/chassis-porta-contenedores-usados-combo-12-pins\/\">Chassis usados Combo de 12 pins<\/a><\/li>\n<\/ul>\n<h2><strong><span style=\"color: #0000ff;\">Chassis Usados ISO Tanque<\/span><\/strong><\/h2>\n<ul>\n<li><a href=\"\/es\/chassis-porta-contenedores-usados-iso-tanque\/\">Chassis Usados ISO Tanque<\/a><\/li>\n<\/ul>\n<h2><strong><span style=\"color: #0000ff;\">Chassis Usados Extensibles<\/span><\/strong><\/h2>\n<ul>\n<li><a href=\"\/es\/chassis-porta-contenedores-extensible-usados-20-40-pies\/\">Chassis Usados Extensibles 20-40 pies<\/a><\/li>\n<li><a href=\"\/es\/chassis-porta-contenedores-extensible-usados-20-40-45-pies\/\">Chassis Usados Extensibles 20-40-45 pies<\/a><\/li>\n<li><a href=\"\/es\/chassis-porta-contenedores-extensible-usados-40-45-pies\/\">Chassis Usados Extensibles 40-45 pies<\/a><\/li>\n<li><a href=\"\/es\/chassis-porta-contenedores-extensible-usados-40-45-48-pies\/\">Chassis Usados Extensibles 40-45-48 pies<\/a><\/li>\n<li><a href=\"\/es\/chassis-porta-contenedores-extensible-usados-48-53-pies\/\">Chassis Usados Extensibles 48-53 pies<\/a><\/li>\n<\/ul>\n<p><\/div><div class=\"clearboth\"><\/div>\n<h3><strong>IMG International Commerce Co.<\/strong> vende y exporta Chassis Porta Contenedores Extensible Usados 48-53 Pies, \u201cchassis usados tal y como est\u00e1n\u201d  o \u201cchassis usados ya remanufacturados\u201d.<\/h3>\n<h3><strong>\u201cTal y como est\u00e1n\u201d:<\/strong> Un chassis porta contenedor usado que necesita m\u00ednima reparaci\u00f3n o necesita ser pintado. Algunos chassis portacontenedores pueden tener la certificaci\u00f3n FHWA.  <\/h3>\n<h3><strong>\u201cReconstruido o Remanufacturado\u201d:<\/strong> Un chassis que ya ha sido reparado y\/o repintado, es decir listo para ponerlo a trabajar, estos chassis podr\u00edan tener la certificaci\u00f3n FHWA.<\/h3>\n<pre><img loading=\"lazy\" decoding=\"async\" class=\"aligncenter size-full wp-image-4721\" alt=\"Chassis Porta Contenedores Usados\" src=\"https:\/\/imgcontainerchassis.com\/es\/wp-content\/uploads\/2013\/08\/img-commerce-co-portacontenedores.jpg\" width=\"942\" height=\"150\" \/>\r\n<div class=\"demo-sep sep-none\" style=\"margin-top:-40px;\"><\/div><\/pre>\n","protected":false},"excerpt":{"rendered":"<p>Chassis Porta Contenedores Usados Chassis Porta Contenedores Usados (portacontenedores usados) modelo cuello de ganzo, de estructura recta (estructura plana), chassis con ejes fijos, chassis con ejes re-corredizos, chassis extensibles (chassis extensibles, chassis expandibles), multiprop\u00f3sito modelo combo, chassis para mover ISO tanques. International Commerce Co. es una compa\u00f1\u00eda seria y profesional, [&hellip;]<\/p>\n","protected":false},"author":5,"featured_media":0,"parent":0,"menu_order":0,"comment_status":"closed","ping_status":"closed","template":"","meta":{"_exactmetrics_skip_tracking":false,"_exactmetrics_sitenote_active":false,"_exactmetrics_sitenote_note":"","_exactmetrics_sitenote_category":0,"footnotes":""},"class_list":["post-70","page","type-page","status-publish","hentry"],"yoast_head":"<!-- This site is optimized with the Yoast SEO plugin v27.4 - https:\/\/yoast.com\/product\/yoast-seo-wordpress\/ -->\n<title>Venta de Chassis Porta Contenedores Usados para Latino America y USA<\/title>\n<meta name=\"description\" content=\"Chassis Porta Contenedores Usados para la venta. Cuello de Ganzo Exportador de Chassis Porta Contenedores usados de Cheetah, Evans y Strick\" \/>\n<meta name=\"robots\" content=\"index, follow, max-snippet:-1, max-image-preview:large, max-video-preview:-1\" \/>\n<link rel=\"canonical\" href=\"https:\/\/www.imgcontainerchassis.com\/es\/chassis-porta-contenedores-usados\/\" \/>\n<meta property=\"og:locale\" content=\"en_US\" \/>\n<meta property=\"og:type\" content=\"article\" \/>\n<meta property=\"og:title\" content=\"Venta de Chassis Porta Contenedores Usados para Latino America y USA\" \/>\n<meta property=\"og:description\" content=\"Chassis Porta Contenedores Usados para la venta. Cuello de Ganzo Exportador de Chassis Porta Contenedores usados de Cheetah, Evans y Strick\" \/>\n<meta property=\"og:url\" content=\"https:\/\/www.imgcontainerchassis.com\/es\/chassis-porta-contenedores-usados\/\" \/>\n<meta property=\"article:modified_time\" content=\"2016-07-25T14:05:47+00:00\" \/>\n<meta property=\"og:image\" content=\"https:\/\/imgcontainerchassis.com\/es\/wp-content\/uploads\/2013\/08\/img-commerce-co-portacontenedores.jpg\" \/>\n<meta name=\"twitter:label1\" content=\"Est. reading time\" \/>\n\t<meta name=\"twitter:data1\" content=\"3 minutes\" \/>\n<script type=\"application\/ld+json\" class=\"yoast-schema-graph\">{\"@context\":\"https:\\\/\\\/schema.org\",\"@graph\":[{\"@type\":\"WebPage\",\"@id\":\"https:\\\/\\\/www.imgcontainerchassis.com\\\/es\\\/chassis-porta-contenedores-usados\\\/\",\"url\":\"https:\\\/\\\/www.imgcontainerchassis.com\\\/es\\\/chassis-porta-contenedores-usados\\\/\",\"name\":\"Venta de Chassis Porta Contenedores Usados para Latino America y USA\",\"isPartOf\":{\"@id\":\"https:\\\/\\\/www.imgcontainerchassis.com\\\/es\\\/#website\"},\"primaryImageOfPage\":{\"@id\":\"https:\\\/\\\/www.imgcontainerchassis.com\\\/es\\\/chassis-porta-contenedores-usados\\\/#primaryimage\"},\"image\":{\"@id\":\"https:\\\/\\\/www.imgcontainerchassis.com\\\/es\\\/chassis-porta-contenedores-usados\\\/#primaryimage\"},\"thumbnailUrl\":\"https:\\\/\\\/imgcontainerchassis.com\\\/es\\\/wp-content\\\/uploads\\\/2013\\\/08\\\/img-commerce-co-portacontenedores.jpg\",\"datePublished\":\"2013-08-12T20:16:18+00:00\",\"dateModified\":\"2016-07-25T14:05:47+00:00\",\"description\":\"Chassis Porta Contenedores Usados para la venta. Cuello de Ganzo Exportador de Chassis Porta Contenedores usados de Cheetah, Evans y Strick\",\"breadcrumb\":{\"@id\":\"https:\\\/\\\/www.imgcontainerchassis.com\\\/es\\\/chassis-porta-contenedores-usados\\\/#breadcrumb\"},\"inLanguage\":\"en-US\",\"potentialAction\":[{\"@type\":\"ReadAction\",\"target\":[\"https:\\\/\\\/www.imgcontainerchassis.com\\\/es\\\/chassis-porta-contenedores-usados\\\/\"]}]},{\"@type\":\"ImageObject\",\"inLanguage\":\"en-US\",\"@id\":\"https:\\\/\\\/www.imgcontainerchassis.com\\\/es\\\/chassis-porta-contenedores-usados\\\/#primaryimage\",\"url\":\"https:\\\/\\\/imgcontainerchassis.com\\\/es\\\/wp-content\\\/uploads\\\/2013\\\/08\\\/img-commerce-co-portacontenedores.jpg\",\"contentUrl\":\"https:\\\/\\\/imgcontainerchassis.com\\\/es\\\/wp-content\\\/uploads\\\/2013\\\/08\\\/img-commerce-co-portacontenedores.jpg\"},{\"@type\":\"BreadcrumbList\",\"@id\":\"https:\\\/\\\/www.imgcontainerchassis.com\\\/es\\\/chassis-porta-contenedores-usados\\\/#breadcrumb\",\"itemListElement\":[{\"@type\":\"ListItem\",\"position\":1,\"name\":\"Home\",\"item\":\"https:\\\/\\\/www.imgcontainerchassis.com\\\/es\\\/\"},{\"@type\":\"ListItem\",\"position\":2,\"name\":\"Chassis Porta Contenedores Usados\"}]},{\"@type\":\"WebSite\",\"@id\":\"https:\\\/\\\/www.imgcontainerchassis.com\\\/es\\\/#website\",\"url\":\"https:\\\/\\\/www.imgcontainerchassis.com\\\/es\\\/\",\"name\":\"\",\"description\":\"\",\"potentialAction\":[{\"@type\":\"SearchAction\",\"target\":{\"@type\":\"EntryPoint\",\"urlTemplate\":\"https:\\\/\\\/www.imgcontainerchassis.com\\\/es\\\/?s={search_term_string}\"},\"query-input\":{\"@type\":\"PropertyValueSpecification\",\"valueRequired\":true,\"valueName\":\"search_term_string\"}}],\"inLanguage\":\"en-US\"}]}<\/script>\n<!-- \/ Yoast SEO plugin. -->","yoast_head_json":{"title":"Venta de Chassis Porta Contenedores Usados para Latino America y USA","description":"Chassis Porta Contenedores Usados para la venta. Cuello de Ganzo Exportador de Chassis Porta Contenedores usados de Cheetah, Evans y Strick","robots":{"index":"index","follow":"follow","max-snippet":"max-snippet:-1","max-image-preview":"max-image-preview:large","max-video-preview":"max-video-preview:-1"},"canonical":"https:\/\/www.imgcontainerchassis.com\/es\/chassis-porta-contenedores-usados\/","og_locale":"en_US","og_type":"article","og_title":"Venta de Chassis Porta Contenedores Usados para Latino America y USA","og_description":"Chassis Porta Contenedores Usados para la venta. Cuello de Ganzo Exportador de Chassis Porta Contenedores usados de Cheetah, Evans y Strick","og_url":"https:\/\/www.imgcontainerchassis.com\/es\/chassis-porta-contenedores-usados\/","article_modified_time":"2016-07-25T14:05:47+00:00","og_image":[{"url":"https:\/\/imgcontainerchassis.com\/es\/wp-content\/uploads\/2013\/08\/img-commerce-co-portacontenedores.jpg","type":"","width":"","height":""}],"twitter_misc":{"Est. reading time":"3 minutes"},"schema":{"@context":"https:\/\/schema.org","@graph":[{"@type":"WebPage","@id":"https:\/\/www.imgcontainerchassis.com\/es\/chassis-porta-contenedores-usados\/","url":"https:\/\/www.imgcontainerchassis.com\/es\/chassis-porta-contenedores-usados\/","name":"Venta de Chassis Porta Contenedores Usados para Latino America y USA","isPartOf":{"@id":"https:\/\/www.imgcontainerchassis.com\/es\/#website"},"primaryImageOfPage":{"@id":"https:\/\/www.imgcontainerchassis.com\/es\/chassis-porta-contenedores-usados\/#primaryimage"},"image":{"@id":"https:\/\/www.imgcontainerchassis.com\/es\/chassis-porta-contenedores-usados\/#primaryimage"},"thumbnailUrl":"https:\/\/imgcontainerchassis.com\/es\/wp-content\/uploads\/2013\/08\/img-commerce-co-portacontenedores.jpg","datePublished":"2013-08-12T20:16:18+00:00","dateModified":"2016-07-25T14:05:47+00:00","description":"Chassis Porta Contenedores Usados para la venta. Cuello de Ganzo Exportador de Chassis Porta Contenedores usados de Cheetah, Evans y Strick","breadcrumb":{"@id":"https:\/\/www.imgcontainerchassis.com\/es\/chassis-porta-contenedores-usados\/#breadcrumb"},"inLanguage":"en-US","potentialAction":[{"@type":"ReadAction","target":["https:\/\/www.imgcontainerchassis.com\/es\/chassis-porta-contenedores-usados\/"]}]},{"@type":"ImageObject","inLanguage":"en-US","@id":"https:\/\/www.imgcontainerchassis.com\/es\/chassis-porta-contenedores-usados\/#primaryimage","url":"https:\/\/imgcontainerchassis.com\/es\/wp-content\/uploads\/2013\/08\/img-commerce-co-portacontenedores.jpg","contentUrl":"https:\/\/imgcontainerchassis.com\/es\/wp-content\/uploads\/2013\/08\/img-commerce-co-portacontenedores.jpg"},{"@type":"BreadcrumbList","@id":"https:\/\/www.imgcontainerchassis.com\/es\/chassis-porta-contenedores-usados\/#breadcrumb","itemListElement":[{"@type":"ListItem","position":1,"name":"Home","item":"https:\/\/www.imgcontainerchassis.com\/es\/"},{"@type":"ListItem","position":2,"name":"Chassis Porta Contenedores Usados"}]},{"@type":"WebSite","@id":"https:\/\/www.imgcontainerchassis.com\/es\/#website","url":"https:\/\/www.imgcontainerchassis.com\/es\/","name":"","description":"","potentialAction":[{"@type":"SearchAction","target":{"@type":"EntryPoint","urlTemplate":"https:\/\/www.imgcontainerchassis.com\/es\/?s={search_term_string}"},"query-input":{"@type":"PropertyValueSpecification","valueRequired":true,"valueName":"search_term_string"}}],"inLanguage":"en-US"}]}},"_links":{"self":[{"href":"https:\/\/www.imgcontainerchassis.com\/es\/wp-json\/wp\/v2\/pages\/70","targetHints":{"allow":["GET"]}}],"collection":[{"href":"https:\/\/www.imgcontainerchassis.com\/es\/wp-json\/wp\/v2\/pages"}],"about":[{"href":"https:\/\/www.imgcontainerchassis.com\/es\/wp-json\/wp\/v2\/types\/page"}],"author":[{"embeddable":true,"href":"https:\/\/www.imgcontainerchassis.com\/es\/wp-json\/wp\/v2\/users\/5"}],"replies":[{"embeddable":true,"href":"https:\/\/www.imgcontainerchassis.com\/es\/wp-json\/wp\/v2\/comments?post=70"}],"version-history":[{"count":0,"href":"https:\/\/www.imgcontainerchassis.com\/es\/wp-json\/wp\/v2\/pages\/70\/revisions"}],"wp:attachment":[{"href":"https:\/\/www.imgcontainerchassis.com\/es\/wp-json\/wp\/v2\/media?parent=70"}],"curies":[{"name":"wp","href":"https:\/\/api.w.org\/{rel}","templated":true}]}}