{"id":72,"date":"2013-08-12T20:16:28","date_gmt":"2013-08-12T20:16:28","guid":{"rendered":"https:\/\/imgcontainerchassis.com\/es\/?page_id=72"},"modified":"2016-07-24T16:38:53","modified_gmt":"2016-07-24T16:38:53","slug":"chassis-porta-contenedores-nuevos","status":"publish","type":"page","link":"https:\/\/www.imgcontainerchassis.com\/es\/chassis-porta-contenedores-nuevos\/","title":{"rendered":"Chassis Porta Contenedores Nuevos"},"content":{"rendered":"<pre><div class=\"demo-sep sep-none\" style=\"margin-top:-60px;\"><\/div><\/pre>\n<h1 style=\"text-align: center;\"><span style=\"color: #0000ff;\">Dealer-Distribuidor autorizado de Chassis Porta Contenedores Nuevos \u201cGrupo Strick\u201d<\/span><\/h1>\n<pre><div class=\"demo-sep sep-none\" style=\"margin-top:-20px;\"><\/div><\/pre>\n<h2 style=\"text-align: center;\"><span style=\"color: #ff0606;\"><strong>CHEETAH CHASSIS &#8211;<\/strong><\/span>\u00a0<span style=\"color: #349627;\"><strong>STRICK TRAILERS &#8211;<\/strong><\/span>\u00a0<span style=\"color: #f4ae01;\"><strong>EVANS TRAILERS<\/strong><\/span><\/h2>\n<pre><div class=\"demo-sep sep-none\" style=\"margin-top:-20px;\"><\/div><\/pre>\n<h2 style=\"text-align: center;\">Chassis porta contenedores nuevos, Dollies, Plataformas &#8211; Flatbeds, Trailers Secos (Dry Vans), Camas Bajas (Low Boys) y otros equipos de transporte intermodal.<\/h2>\n<hr \/>\n<h3><span class=\"dropcap\">IMG<\/span><span style=\"color: #000000;\"><strong>International Commerce Co.<\/strong><\/span> est\u00e1 orgulloso de ser un Distribuidor Autorizado del Grupo Strick (Cheetah Chassis, Strick Trailers &amp; Evans Trailers), nos complace representar al mejor y m\u00e1s grande fabricante de chassis portacontenedores en Estados Unidos. \u201cCheetah\u201d es el nuevo nombre de los famosos chassis marca Strick, los chassis Cheetah son fabricados con la mejor tecnolog\u00eda en Estados Unidos.<\/h3>\n<div class=\"flexslider\" style=\"overflow:hidden;max-width:100%;height:100%;\"><ul class=\"slides\">\n<li class=\"image\"><img decoding=\"async\" src=\"https:\/\/imgcontainerchassis.com\/es\/wp-content\/uploads\/2013\/08\/chassis-porta-contenedores-nuevos-1.jpg\" alt=\"\" \/><\/li>\n<li class=\"image\"><img decoding=\"async\" src=\"https:\/\/imgcontainerchassis.com\/es\/wp-content\/uploads\/2013\/08\/chassis-porta-contenedores-nuevos-2.jpg\" alt=\"\" \/><\/li>\n<li class=\"image\"><img decoding=\"async\" src=\"https:\/\/imgcontainerchassis.com\/es\/wp-content\/uploads\/2013\/08\/chassis-porta-contenedores-nuevos-3.jpg\" alt=\"\" \/><\/li>\n<li class=\"image\"><img decoding=\"async\" src=\"https:\/\/imgcontainerchassis.com\/es\/wp-content\/uploads\/2013\/08\/chassis-porta-contenedores-nuevos-4.jpg\" alt=\"\" \/><\/li>\n<li class=\"image\"><img decoding=\"async\" src=\"https:\/\/imgcontainerchassis.com\/es\/wp-content\/uploads\/2013\/08\/chassis-porta-contenedores-nuevos-5.jpg\" alt=\"\" \/><\/li>\n<li class=\"image\"><img decoding=\"async\" src=\"https:\/\/imgcontainerchassis.com\/es\/wp-content\/uploads\/2013\/08\/chassis-porta-contenedores-nuevos-6.jpg\" alt=\"\" \/><\/li><\/ul><\/div>\n<pre><div class=\"demo-sep sep-none\" style=\"margin-top:-30px;\"><\/div><\/pre>\n<h3>Tambi\u00e9n somos distribuidores de Strick Trailers (vendemos Trailers Secos y Dollies), adem\u00e1s somos distribuidores de Evans Trailers (vendemos Plataformas y Camas bajas)<\/h3>\n<h3 style=\"text-align: Left;\"><strong><a title=\"Go New Cheetah Container Chassis\" href=\"https:\/\/www.imgcontainerchassis.com\/es\/chassis-porta-contenedores-nuevos-cheetah-para-la-venta\/\"><span style=\"color: #0000ff;\">Vendemos y Exportamos Chassis Portacontenedores Nuevos Cheetah. <\/span><\/a><\/strong><\/h3>\n<p><a href=\"https:\/\/www.imgcontainerchassis.com\/es\/chassis-porta-contenedores-nuevos-cheetah-para-la-venta\/\"><img loading=\"lazy\" decoding=\"async\" class=\"alignleft size-full wp-image-4522\" alt=\"cheetah-chassis-logo\" src=\"https:\/\/imgcontainerchassis.com\/es\/wp-content\/uploads\/2013\/08\/cheetah-chassis-logo.png\" width=\"160\" height=\"50\" \/><\/a>IMG International Commerce Co. es un Distribuidor Autorizado de Chassis Porta Contenedores marca Cheetah. La f\u00e1brica Cheetah ofrece m\u00e1s de 30 modelos de chassis portacontenedores, Cheetah es el mayor fabricante de chasis porta contenedores en Estados Unidos, las m\u00e1s importantes navieras y compa\u00f1\u00edas de transporte utilizan los chassis marca Cheetah. La calidad y durabilidad de nuestros chassis son muy conocidas en todo el mundo. \u201cCheetah\u201d es el nuevo nombre de los famosos chassis marca Strick La f\u00e1brica est\u00e1 ubicada en Berwick Pennsylvania.<br \/>\n<a href=\"https:\/\/www.imgcontainerchassis.com\/es\/chassis-porta-contenedores-nuevos-cheetah-para-la-venta\/\"><strong>MIRE LA LISTA COMPLETA DE CHASSIS NUEVOS CHEETAH<\/strong><\/a><\/p>\n<hr \/>\n<h3 style=\"text-align: Left;\"><strong><a title=\"Go New Evans Trailers\" href=\"https:\/\/www.imgcontainerchassis.com\/es\/chassis-nuevos-evans-trailers\/\"><span style=\"color: #0000ff;\">Vendemos y ExportamosTrailers Evans (Plataformas y Camas Bajas).<\/span><\/a><\/strong><\/h3>\n<p><a href=\"https:\/\/www.imgcontainerchassis.com\/es\/chassis-nuevos-evans-trailers\/\"><img loading=\"lazy\" decoding=\"async\" class=\"alignleft size-full wp-image-4522\" alt=\"evans-chassis-logo\" src=\"https:\/\/imgcontainerchassis.com\/es\/wp-content\/uploads\/2013\/08\/evans-chassis-logo.jpg\" width=\"160\" height=\"50\" \/><\/a>IMG International Commerce Co. es un Distribuidor Autorizado de Trailers marca Evans. Evans Trailers fabrica una gran variedad de trailers, como Plataformas, Camas bajas, nosotros fabricamos trailers a la medida del cliente. Evans produce trailer de alta calidad \u00fanicamente, estamos listos para atender todas sus necesidades en transporte intermodal.<br \/>\n<a href=\"https:\/\/www.imgcontainerchassis.com\/es\/chassis-nuevos-evans-trailers\/\"><strong>MIRE LA LISTA COMPLETA DE TRAILERS NUEVOS EVANS<\/strong><\/a><\/p>\n<hr \/>\n<h3 style=\"text-align: Left;\"><strong><a title=\"Go New Strick Trailers\" href=\"https:\/\/www.imgcontainerchassis.com\/es\/chassis-nuevos-strick-trailers\/\"><span style=\"color: #0000ff;\">Vendemos y Exportamos Trailers Strick (Trailers Secos \u2013 Dry Vans y Dollies).<\/span><\/a><\/strong><\/h3>\n<p><a href=\"https:\/\/www.imgcontainerchassis.com\/es\/chassis-nuevos-strick-trailers\/\"><img loading=\"lazy\" decoding=\"async\" class=\"alignleft size-full wp-image-4522\" alt=\"strick-chassis-logo\" src=\"https:\/\/imgcontainerchassis.com\/es\/wp-content\/uploads\/2013\/08\/strick-chassis-logo.jpg\" width=\"160\" height=\"50\" \/><\/a>IMG International Commerce Co. es un Distribuidor autorizado de Trailers marca Strick. Los profesionales en el \u00e1rea del transporte de todo el mundo conocen y prefieren los trailers marca Strick, la calidad y alta tecnolog\u00eda en la fabricaci\u00f3n, son la clave para la fama de los Trailers Strick. Por ello, Strick es considerado el \u201cPrimer fabricante de Trailers en Estados Unidos\u201d. La f\u00e1brica est\u00e1 ubicada en Monroe Indiana. Nosotros vendemos Trailers Secos &#8211; Dry vans y Dollies.<br \/>\n<a href=\"https:\/\/www.imgcontainerchassis.com\/es\/chassis-nuevos-strick-trailers\/\"><strong>MIRE LA LISTA COMPLETA DE TRAILERS NUEVOS STRICK<\/strong><\/a><\/p>\n<hr \/>\n<pre><img loading=\"lazy\" decoding=\"async\" class=\"aligncenter size-full wp-image-4721\" alt=\"img-commerce-co-portacontenedores\" src=\"https:\/\/imgcontainerchassis.com\/es\/wp-content\/uploads\/2013\/08\/img-commerce-co-portacontenedores.jpg\" width=\"942\" height=\"150\" \/>\r\n<div class=\"demo-sep sep-none\" style=\"margin-top:-40px;\"><\/div><\/pre>\n","protected":false},"excerpt":{"rendered":"<p>Dealer-Distribuidor autorizado de Chassis Porta Contenedores Nuevos \u201cGrupo Strick\u201d CHEETAH CHASSIS &#8211;\u00a0STRICK TRAILERS &#8211;\u00a0EVANS TRAILERS Chassis porta contenedores nuevos, Dollies, Plataformas &#8211; Flatbeds, Trailers Secos (Dry Vans), Camas Bajas (Low Boys) y otros equipos de transporte intermodal. International Commerce Co. est\u00e1 orgulloso de ser un Distribuidor Autorizado del Grupo Strick [&hellip;]<\/p>\n","protected":false},"author":5,"featured_media":0,"parent":0,"menu_order":0,"comment_status":"closed","ping_status":"closed","template":"","meta":{"_exactmetrics_skip_tracking":false,"_exactmetrics_sitenote_active":false,"_exactmetrics_sitenote_note":"","_exactmetrics_sitenote_category":0,"footnotes":""},"class_list":["post-72","page","type-page","status-publish","hentry"],"yoast_head":"<!-- This site is optimized with the Yoast SEO plugin v27.4 - https:\/\/yoast.com\/product\/yoast-seo-wordpress\/ -->\n<title>Chassis Porta Contenedores Nuevos -<\/title>\n<meta name=\"robots\" content=\"noindex, follow\" \/>\n<meta property=\"og:locale\" content=\"en_US\" \/>\n<meta property=\"og:type\" content=\"article\" \/>\n<meta property=\"og:title\" content=\"Chassis Porta Contenedores Nuevos -\" \/>\n<meta property=\"og:description\" content=\"Dealer-Distribuidor autorizado de Chassis Porta Contenedores Nuevos \u201cGrupo Strick\u201d CHEETAH CHASSIS &#8211;\u00a0STRICK TRAILERS &#8211;\u00a0EVANS TRAILERS Chassis porta contenedores nuevos, Dollies, Plataformas &#8211; Flatbeds, Trailers Secos (Dry Vans), Camas Bajas (Low Boys) y otros equipos de transporte intermodal. International Commerce Co. est\u00e1 orgulloso de ser un Distribuidor Autorizado del Grupo Strick [&hellip;]\" \/>\n<meta property=\"og:url\" content=\"https:\/\/www.imgcontainerchassis.com\/es\/chassis-porta-contenedores-nuevos\/\" \/>\n<meta property=\"article:modified_time\" content=\"2016-07-24T16:38:53+00:00\" \/>\n<meta property=\"og:image\" content=\"https:\/\/imgcontainerchassis.com\/es\/wp-content\/uploads\/2013\/08\/cheetah-chassis-logo.png\" \/>\n<meta name=\"twitter:label1\" content=\"Est. reading time\" \/>\n\t<meta name=\"twitter:data1\" content=\"2 minutes\" \/>\n<script type=\"application\/ld+json\" class=\"yoast-schema-graph\">{\"@context\":\"https:\\\/\\\/schema.org\",\"@graph\":[{\"@type\":\"WebPage\",\"@id\":\"https:\\\/\\\/www.imgcontainerchassis.com\\\/es\\\/chassis-porta-contenedores-nuevos\\\/\",\"url\":\"https:\\\/\\\/www.imgcontainerchassis.com\\\/es\\\/chassis-porta-contenedores-nuevos\\\/\",\"name\":\"Chassis Porta Contenedores Nuevos -\",\"isPartOf\":{\"@id\":\"https:\\\/\\\/www.imgcontainerchassis.com\\\/es\\\/#website\"},\"primaryImageOfPage\":{\"@id\":\"https:\\\/\\\/www.imgcontainerchassis.com\\\/es\\\/chassis-porta-contenedores-nuevos\\\/#primaryimage\"},\"image\":{\"@id\":\"https:\\\/\\\/www.imgcontainerchassis.com\\\/es\\\/chassis-porta-contenedores-nuevos\\\/#primaryimage\"},\"thumbnailUrl\":\"https:\\\/\\\/imgcontainerchassis.com\\\/es\\\/wp-content\\\/uploads\\\/2013\\\/08\\\/cheetah-chassis-logo.png\",\"datePublished\":\"2013-08-12T20:16:28+00:00\",\"dateModified\":\"2016-07-24T16:38:53+00:00\",\"breadcrumb\":{\"@id\":\"https:\\\/\\\/www.imgcontainerchassis.com\\\/es\\\/chassis-porta-contenedores-nuevos\\\/#breadcrumb\"},\"inLanguage\":\"en-US\",\"potentialAction\":[{\"@type\":\"ReadAction\",\"target\":[\"https:\\\/\\\/www.imgcontainerchassis.com\\\/es\\\/chassis-porta-contenedores-nuevos\\\/\"]}]},{\"@type\":\"ImageObject\",\"inLanguage\":\"en-US\",\"@id\":\"https:\\\/\\\/www.imgcontainerchassis.com\\\/es\\\/chassis-porta-contenedores-nuevos\\\/#primaryimage\",\"url\":\"https:\\\/\\\/imgcontainerchassis.com\\\/es\\\/wp-content\\\/uploads\\\/2013\\\/08\\\/cheetah-chassis-logo.png\",\"contentUrl\":\"https:\\\/\\\/imgcontainerchassis.com\\\/es\\\/wp-content\\\/uploads\\\/2013\\\/08\\\/cheetah-chassis-logo.png\"},{\"@type\":\"BreadcrumbList\",\"@id\":\"https:\\\/\\\/www.imgcontainerchassis.com\\\/es\\\/chassis-porta-contenedores-nuevos\\\/#breadcrumb\",\"itemListElement\":[{\"@type\":\"ListItem\",\"position\":1,\"name\":\"Home\",\"item\":\"https:\\\/\\\/www.imgcontainerchassis.com\\\/es\\\/\"},{\"@type\":\"ListItem\",\"position\":2,\"name\":\"Chassis Porta Contenedores Nuevos\"}]},{\"@type\":\"WebSite\",\"@id\":\"https:\\\/\\\/www.imgcontainerchassis.com\\\/es\\\/#website\",\"url\":\"https:\\\/\\\/www.imgcontainerchassis.com\\\/es\\\/\",\"name\":\"\",\"description\":\"\",\"potentialAction\":[{\"@type\":\"SearchAction\",\"target\":{\"@type\":\"EntryPoint\",\"urlTemplate\":\"https:\\\/\\\/www.imgcontainerchassis.com\\\/es\\\/?s={search_term_string}\"},\"query-input\":{\"@type\":\"PropertyValueSpecification\",\"valueRequired\":true,\"valueName\":\"search_term_string\"}}],\"inLanguage\":\"en-US\"}]}<\/script>\n<!-- \/ Yoast SEO plugin. -->","yoast_head_json":{"title":"Chassis Porta Contenedores Nuevos -","robots":{"index":"noindex","follow":"follow"},"og_locale":"en_US","og_type":"article","og_title":"Chassis Porta Contenedores Nuevos -","og_description":"Dealer-Distribuidor autorizado de Chassis Porta Contenedores Nuevos \u201cGrupo Strick\u201d CHEETAH CHASSIS &#8211;\u00a0STRICK TRAILERS &#8211;\u00a0EVANS TRAILERS Chassis porta contenedores nuevos, Dollies, Plataformas &#8211; Flatbeds, Trailers Secos (Dry Vans), Camas Bajas (Low Boys) y otros equipos de transporte intermodal. International Commerce Co. est\u00e1 orgulloso de ser un Distribuidor Autorizado del Grupo Strick [&hellip;]","og_url":"https:\/\/www.imgcontainerchassis.com\/es\/chassis-porta-contenedores-nuevos\/","article_modified_time":"2016-07-24T16:38:53+00:00","og_image":[{"url":"https:\/\/imgcontainerchassis.com\/es\/wp-content\/uploads\/2013\/08\/cheetah-chassis-logo.png","type":"","width":"","height":""}],"twitter_misc":{"Est. reading time":"2 minutes"},"schema":{"@context":"https:\/\/schema.org","@graph":[{"@type":"WebPage","@id":"https:\/\/www.imgcontainerchassis.com\/es\/chassis-porta-contenedores-nuevos\/","url":"https:\/\/www.imgcontainerchassis.com\/es\/chassis-porta-contenedores-nuevos\/","name":"Chassis Porta Contenedores Nuevos -","isPartOf":{"@id":"https:\/\/www.imgcontainerchassis.com\/es\/#website"},"primaryImageOfPage":{"@id":"https:\/\/www.imgcontainerchassis.com\/es\/chassis-porta-contenedores-nuevos\/#primaryimage"},"image":{"@id":"https:\/\/www.imgcontainerchassis.com\/es\/chassis-porta-contenedores-nuevos\/#primaryimage"},"thumbnailUrl":"https:\/\/imgcontainerchassis.com\/es\/wp-content\/uploads\/2013\/08\/cheetah-chassis-logo.png","datePublished":"2013-08-12T20:16:28+00:00","dateModified":"2016-07-24T16:38:53+00:00","breadcrumb":{"@id":"https:\/\/www.imgcontainerchassis.com\/es\/chassis-porta-contenedores-nuevos\/#breadcrumb"},"inLanguage":"en-US","potentialAction":[{"@type":"ReadAction","target":["https:\/\/www.imgcontainerchassis.com\/es\/chassis-porta-contenedores-nuevos\/"]}]},{"@type":"ImageObject","inLanguage":"en-US","@id":"https:\/\/www.imgcontainerchassis.com\/es\/chassis-porta-contenedores-nuevos\/#primaryimage","url":"https:\/\/imgcontainerchassis.com\/es\/wp-content\/uploads\/2013\/08\/cheetah-chassis-logo.png","contentUrl":"https:\/\/imgcontainerchassis.com\/es\/wp-content\/uploads\/2013\/08\/cheetah-chassis-logo.png"},{"@type":"BreadcrumbList","@id":"https:\/\/www.imgcontainerchassis.com\/es\/chassis-porta-contenedores-nuevos\/#breadcrumb","itemListElement":[{"@type":"ListItem","position":1,"name":"Home","item":"https:\/\/www.imgcontainerchassis.com\/es\/"},{"@type":"ListItem","position":2,"name":"Chassis Porta Contenedores Nuevos"}]},{"@type":"WebSite","@id":"https:\/\/www.imgcontainerchassis.com\/es\/#website","url":"https:\/\/www.imgcontainerchassis.com\/es\/","name":"","description":"","potentialAction":[{"@type":"SearchAction","target":{"@type":"EntryPoint","urlTemplate":"https:\/\/www.imgcontainerchassis.com\/es\/?s={search_term_string}"},"query-input":{"@type":"PropertyValueSpecification","valueRequired":true,"valueName":"search_term_string"}}],"inLanguage":"en-US"}]}},"_links":{"self":[{"href":"https:\/\/www.imgcontainerchassis.com\/es\/wp-json\/wp\/v2\/pages\/72","targetHints":{"allow":["GET"]}}],"collection":[{"href":"https:\/\/www.imgcontainerchassis.com\/es\/wp-json\/wp\/v2\/pages"}],"about":[{"href":"https:\/\/www.imgcontainerchassis.com\/es\/wp-json\/wp\/v2\/types\/page"}],"author":[{"embeddable":true,"href":"https:\/\/www.imgcontainerchassis.com\/es\/wp-json\/wp\/v2\/users\/5"}],"replies":[{"embeddable":true,"href":"https:\/\/www.imgcontainerchassis.com\/es\/wp-json\/wp\/v2\/comments?post=72"}],"version-history":[{"count":0,"href":"https:\/\/www.imgcontainerchassis.com\/es\/wp-json\/wp\/v2\/pages\/72\/revisions"}],"wp:attachment":[{"href":"https:\/\/www.imgcontainerchassis.com\/es\/wp-json\/wp\/v2\/media?parent=72"}],"curies":[{"name":"wp","href":"https:\/\/api.w.org\/{rel}","templated":true}]}}