{"id":74,"date":"2013-08-12T20:16:41","date_gmt":"2013-08-12T20:16:41","guid":{"rendered":"https:\/\/imgcontainerchassis.com\/es\/?page_id=74"},"modified":"2016-07-24T16:55:06","modified_gmt":"2016-07-24T16:55:06","slug":"plataformas-usadas","status":"publish","type":"page","link":"https:\/\/www.imgcontainerchassis.com\/es\/plataformas-usadas\/","title":{"rendered":"Plataformas Usadas"},"content":{"rendered":"<pre><div class=\"demo-sep sep-none\" style=\"margin-top:-60px;\"><\/div><\/pre>\n<h1 style=\"text-align: center;\"><span style=\"color: #0000ff;\">Plataformas Usadas<\/span><\/h1>\n<pre><div class=\"demo-sep sep-none\" style=\"margin-top:-20px;\"><\/div><\/pre>\n<h2 style=\"text-align: center;\">Plataformas usadas con suspensi\u00f3n de muelles o suspensi\u00f3n de aire .<\/h2>\n<hr \/>\n<h3><span class=\"dropcap\">IMG<\/span><span style=\"color: #000000;\"><strong>International Commerce Co.<\/strong><\/span> vende y exporta Plataformas usadas en varios tama\u00f1os y caracter\u00edsticas. Plataformas son trailers con piso de madera o piso de metal, las cuales sirven para transportar diferentes tipos de carga como (carga paletizada, carga suelta, carga larga, carga pesada, maquinaria, etc). Para la venta tenemos Plataformas de 45 pies, plataformas de 48 pies, plataformas de 53 pies y plataformas expandibles. Las Plataformas vienen de varios manufacturadores como: Strick, Evans, Great Dane, Utility, Wabash, Dorsey, Hyundai, Fontaine, etc. <\/h3>\n<div class=\"flexslider\" style=\"overflow:hidden;max-width:100%;height:100%;\"><ul class=\"slides\">\n<li class=\"image\"><img decoding=\"async\" src=\"https:\/\/imgcontainerchassis.com\/es\/wp-content\/uploads\/2013\/08\/plataformas-usadas-1.jpg\" alt=\"\" \/><\/li>\n<li class=\"image\"><img decoding=\"async\" src=\"https:\/\/imgcontainerchassis.com\/es\/wp-content\/uploads\/2013\/08\/plataformas-usadas-2.jpg\" alt=\"\" \/><\/li>\n<li class=\"image\"><img decoding=\"async\" src=\"https:\/\/imgcontainerchassis.com\/es\/wp-content\/uploads\/2013\/08\/plataformas-usadas-3.jpg\" alt=\"\" \/><\/li>\n<li class=\"image\"><img decoding=\"async\" src=\"https:\/\/imgcontainerchassis.com\/es\/wp-content\/uploads\/2013\/08\/plataformas-usadas-4.jpg\" alt=\"\" \/><\/li>\n<li class=\"image\"><img decoding=\"async\" src=\"https:\/\/imgcontainerchassis.com\/es\/wp-content\/uploads\/2013\/08\/plataformas-usadas-5.jpg\" alt=\"\" \/><\/li>\n<li class=\"image\"><img decoding=\"async\" src=\"https:\/\/imgcontainerchassis.com\/es\/wp-content\/uploads\/2013\/08\/plataformas-usadas-6.jpg\" alt=\"\" \/><\/li><\/ul><\/div>\n<pre><div class=\"demo-sep sep-none\" style=\"margin-top:-40px;\"><\/div><\/pre>\n<blockquote>\n<h3>Vendemos y exportamos Plataformas usadas con 8 twist locks (pins), las cuales sirven para transportar carga en general o contenedores, estas plataformas pueden transportar un contenedor de 40 pies o dos contenedores de 20 pies. Plataformas listas para trabajar.<\/h3>\n<\/blockquote>\n<h3>Somos una compa\u00f1\u00eda profesional sirviendo a clientes en Estados Unidos y en todo el mundo, actualmente estamos exportando Plataformas Usadas a Chile, Rep\u00fablica Dominicana, Puerto Rico, Bahamas, Islas del Caribe, M\u00e9xico, Costa Rica, Guatemala, Honduras, Nicaragua, Panam\u00e1, Colombia, Ecuador, Per\u00fa, Bolivia, Paraguay, Angola, Nigeria, Costa de Marfil, Kenya, Saud\u00ed Arabia, etc.<\/h3>\n<blockquote>\n<h3>Tenemos una gran selecci\u00f3n de Plataformas usadas, plataformas marca Strick, Evans, Great Dane, Utility, Wabash, Dorsey, Hyundai, Fontaine.<\/h3>\n<\/blockquote>\n<p style=\"text-align: center;\"><strong>\u00a0<\/strong><\/p>\n<\/h3>\n<div class=\"one_third\"><div class=\"accordian\"><\/div>\n\n<ul class=\"list-icon circle-yes list-icon-color-light list-icon-arrow\">\n<li>Plataformas con aros de disco y plataformas con aros artilleros <\/li>\n<li>Plataformas con suspensi\u00f3n de Muelles y Plataformas con suspensi\u00f3n de aire.<\/li>\n<li>Plataformas de 45 pies, de 48 pies y de 53 pies.<\/li>\n<li>Plataformas de 96 pulgadas de ancho o de 102\u201d de ancho..<\/li>\n<\/ul>\n\n<\/div>\n<p style=\"text-align: center;\"><div class=\"one_third\">\n<div class=\"accordian\"><h5 class=\"toggle \"><a href=\"#\"><span class=\"arrow\"><\/span>ENGLISH CONTENT<\/a><\/h5><div class=\"toggle-content \" style=\"\">You can find all this content in English. <a href=\"https:\/\/www.imgcontainerchassis.com\"><strong>Learn More.<\/strong><\/a><\/div>\n<h5 class=\"toggle active\"><a href=\"#\"><span class=\"arrow\"><\/span>INVENTARIO PARA VENTA<\/a><\/h5><div class=\"toggle-content default-open\" style=\"display: block;\">Vendemos y exportamos porta contenedores y tr\u00e1ilers usados en muy buenas condiciones. Conozca mas sobre nuestro amplio Inventario <a href=\"https:\/\/www.imgcontainerchassis.com\/es\/chassis-porta-contenedores-usados-para-venta\/\"><strong>Leer M\u00e1s<\/strong><\/a><\/div>\n<\/div>\n<\/div>\n<div class=\"one_third last\"><img loading=\"lazy\" decoding=\"async\" class=\"aligncenter size-full wp-image-4718\" alt=\"img-commerce-co-logistica\" src=\"https:\/\/imgcontainerchassis.com\/es\/wp-content\/uploads\/2013\/08\/fotocentro3.jpg\" width=\"704\" height=\"391\" \/><\/p>\n<\/div><div class=\"clearboth\"><\/div>\n<div class=\"demo-sep sep-none\" style=\"margin-top:-20px;\"><\/div>\n<pre><img loading=\"lazy\" decoding=\"async\" class=\"aligncenter size-full wp-image-4721\" alt=\"img-commerce-co-portacontenedores\" src=\"https:\/\/imgcontainerchassis.com\/es\/wp-content\/uploads\/2013\/08\/img-commerce-co-portacontenedores.jpg\" width=\"942\" height=\"150\" \/>\r\n<div class=\"demo-sep sep-none\" style=\"margin-top:-40px;\"><\/div><\/pre>\n","protected":false},"excerpt":{"rendered":"<p>Plataformas Usadas Plataformas usadas con suspensi\u00f3n de muelles o suspensi\u00f3n de aire . International Commerce Co. vende y exporta Plataformas usadas en varios tama\u00f1os y caracter\u00edsticas. Plataformas son trailers con piso de madera o piso de metal, las cuales sirven para transportar diferentes tipos de carga como (carga paletizada, carga [&hellip;]<\/p>\n","protected":false},"author":5,"featured_media":0,"parent":0,"menu_order":0,"comment_status":"closed","ping_status":"closed","template":"","meta":{"_exactmetrics_skip_tracking":false,"_exactmetrics_sitenote_active":false,"_exactmetrics_sitenote_note":"","_exactmetrics_sitenote_category":0,"footnotes":""},"class_list":["post-74","page","type-page","status-publish","hentry"],"yoast_head":"<!-- This site is optimized with the Yoast SEO plugin v27.4 - https:\/\/yoast.com\/product\/yoast-seo-wordpress\/ -->\n<title>Plataformas Usadas -<\/title>\n<meta name=\"robots\" content=\"noindex, follow\" \/>\n<meta property=\"og:locale\" content=\"en_US\" \/>\n<meta property=\"og:type\" content=\"article\" \/>\n<meta property=\"og:title\" content=\"Plataformas Usadas -\" \/>\n<meta property=\"og:description\" content=\"Plataformas Usadas Plataformas usadas con suspensi\u00f3n de muelles o suspensi\u00f3n de aire . International Commerce Co. vende y exporta Plataformas usadas en varios tama\u00f1os y caracter\u00edsticas. Plataformas son trailers con piso de madera o piso de metal, las cuales sirven para transportar diferentes tipos de carga como (carga paletizada, carga [&hellip;]\" \/>\n<meta property=\"og:url\" content=\"https:\/\/www.imgcontainerchassis.com\/es\/plataformas-usadas\/\" \/>\n<meta property=\"article:modified_time\" content=\"2016-07-24T16:55:06+00:00\" \/>\n<meta property=\"og:image\" content=\"https:\/\/imgcontainerchassis.com\/es\/wp-content\/uploads\/2013\/08\/fotocentro3.jpg\" \/>\n<meta name=\"twitter:label1\" content=\"Est. reading time\" \/>\n\t<meta name=\"twitter:data1\" content=\"2 minutes\" \/>\n<script type=\"application\/ld+json\" class=\"yoast-schema-graph\">{\"@context\":\"https:\\\/\\\/schema.org\",\"@graph\":[{\"@type\":\"WebPage\",\"@id\":\"https:\\\/\\\/www.imgcontainerchassis.com\\\/es\\\/plataformas-usadas\\\/\",\"url\":\"https:\\\/\\\/www.imgcontainerchassis.com\\\/es\\\/plataformas-usadas\\\/\",\"name\":\"Plataformas Usadas -\",\"isPartOf\":{\"@id\":\"https:\\\/\\\/www.imgcontainerchassis.com\\\/es\\\/#website\"},\"primaryImageOfPage\":{\"@id\":\"https:\\\/\\\/www.imgcontainerchassis.com\\\/es\\\/plataformas-usadas\\\/#primaryimage\"},\"image\":{\"@id\":\"https:\\\/\\\/www.imgcontainerchassis.com\\\/es\\\/plataformas-usadas\\\/#primaryimage\"},\"thumbnailUrl\":\"https:\\\/\\\/imgcontainerchassis.com\\\/es\\\/wp-content\\\/uploads\\\/2013\\\/08\\\/fotocentro3.jpg\",\"datePublished\":\"2013-08-12T20:16:41+00:00\",\"dateModified\":\"2016-07-24T16:55:06+00:00\",\"breadcrumb\":{\"@id\":\"https:\\\/\\\/www.imgcontainerchassis.com\\\/es\\\/plataformas-usadas\\\/#breadcrumb\"},\"inLanguage\":\"en-US\",\"potentialAction\":[{\"@type\":\"ReadAction\",\"target\":[\"https:\\\/\\\/www.imgcontainerchassis.com\\\/es\\\/plataformas-usadas\\\/\"]}]},{\"@type\":\"ImageObject\",\"inLanguage\":\"en-US\",\"@id\":\"https:\\\/\\\/www.imgcontainerchassis.com\\\/es\\\/plataformas-usadas\\\/#primaryimage\",\"url\":\"https:\\\/\\\/imgcontainerchassis.com\\\/es\\\/wp-content\\\/uploads\\\/2013\\\/08\\\/fotocentro3.jpg\",\"contentUrl\":\"https:\\\/\\\/imgcontainerchassis.com\\\/es\\\/wp-content\\\/uploads\\\/2013\\\/08\\\/fotocentro3.jpg\"},{\"@type\":\"BreadcrumbList\",\"@id\":\"https:\\\/\\\/www.imgcontainerchassis.com\\\/es\\\/plataformas-usadas\\\/#breadcrumb\",\"itemListElement\":[{\"@type\":\"ListItem\",\"position\":1,\"name\":\"Home\",\"item\":\"https:\\\/\\\/www.imgcontainerchassis.com\\\/es\\\/\"},{\"@type\":\"ListItem\",\"position\":2,\"name\":\"Plataformas Usadas\"}]},{\"@type\":\"WebSite\",\"@id\":\"https:\\\/\\\/www.imgcontainerchassis.com\\\/es\\\/#website\",\"url\":\"https:\\\/\\\/www.imgcontainerchassis.com\\\/es\\\/\",\"name\":\"\",\"description\":\"\",\"potentialAction\":[{\"@type\":\"SearchAction\",\"target\":{\"@type\":\"EntryPoint\",\"urlTemplate\":\"https:\\\/\\\/www.imgcontainerchassis.com\\\/es\\\/?s={search_term_string}\"},\"query-input\":{\"@type\":\"PropertyValueSpecification\",\"valueRequired\":true,\"valueName\":\"search_term_string\"}}],\"inLanguage\":\"en-US\"}]}<\/script>\n<!-- \/ Yoast SEO plugin. -->","yoast_head_json":{"title":"Plataformas Usadas -","robots":{"index":"noindex","follow":"follow"},"og_locale":"en_US","og_type":"article","og_title":"Plataformas Usadas -","og_description":"Plataformas Usadas Plataformas usadas con suspensi\u00f3n de muelles o suspensi\u00f3n de aire . International Commerce Co. vende y exporta Plataformas usadas en varios tama\u00f1os y caracter\u00edsticas. Plataformas son trailers con piso de madera o piso de metal, las cuales sirven para transportar diferentes tipos de carga como (carga paletizada, carga [&hellip;]","og_url":"https:\/\/www.imgcontainerchassis.com\/es\/plataformas-usadas\/","article_modified_time":"2016-07-24T16:55:06+00:00","og_image":[{"url":"https:\/\/imgcontainerchassis.com\/es\/wp-content\/uploads\/2013\/08\/fotocentro3.jpg","type":"","width":"","height":""}],"twitter_misc":{"Est. reading time":"2 minutes"},"schema":{"@context":"https:\/\/schema.org","@graph":[{"@type":"WebPage","@id":"https:\/\/www.imgcontainerchassis.com\/es\/plataformas-usadas\/","url":"https:\/\/www.imgcontainerchassis.com\/es\/plataformas-usadas\/","name":"Plataformas Usadas -","isPartOf":{"@id":"https:\/\/www.imgcontainerchassis.com\/es\/#website"},"primaryImageOfPage":{"@id":"https:\/\/www.imgcontainerchassis.com\/es\/plataformas-usadas\/#primaryimage"},"image":{"@id":"https:\/\/www.imgcontainerchassis.com\/es\/plataformas-usadas\/#primaryimage"},"thumbnailUrl":"https:\/\/imgcontainerchassis.com\/es\/wp-content\/uploads\/2013\/08\/fotocentro3.jpg","datePublished":"2013-08-12T20:16:41+00:00","dateModified":"2016-07-24T16:55:06+00:00","breadcrumb":{"@id":"https:\/\/www.imgcontainerchassis.com\/es\/plataformas-usadas\/#breadcrumb"},"inLanguage":"en-US","potentialAction":[{"@type":"ReadAction","target":["https:\/\/www.imgcontainerchassis.com\/es\/plataformas-usadas\/"]}]},{"@type":"ImageObject","inLanguage":"en-US","@id":"https:\/\/www.imgcontainerchassis.com\/es\/plataformas-usadas\/#primaryimage","url":"https:\/\/imgcontainerchassis.com\/es\/wp-content\/uploads\/2013\/08\/fotocentro3.jpg","contentUrl":"https:\/\/imgcontainerchassis.com\/es\/wp-content\/uploads\/2013\/08\/fotocentro3.jpg"},{"@type":"BreadcrumbList","@id":"https:\/\/www.imgcontainerchassis.com\/es\/plataformas-usadas\/#breadcrumb","itemListElement":[{"@type":"ListItem","position":1,"name":"Home","item":"https:\/\/www.imgcontainerchassis.com\/es\/"},{"@type":"ListItem","position":2,"name":"Plataformas Usadas"}]},{"@type":"WebSite","@id":"https:\/\/www.imgcontainerchassis.com\/es\/#website","url":"https:\/\/www.imgcontainerchassis.com\/es\/","name":"","description":"","potentialAction":[{"@type":"SearchAction","target":{"@type":"EntryPoint","urlTemplate":"https:\/\/www.imgcontainerchassis.com\/es\/?s={search_term_string}"},"query-input":{"@type":"PropertyValueSpecification","valueRequired":true,"valueName":"search_term_string"}}],"inLanguage":"en-US"}]}},"_links":{"self":[{"href":"https:\/\/www.imgcontainerchassis.com\/es\/wp-json\/wp\/v2\/pages\/74","targetHints":{"allow":["GET"]}}],"collection":[{"href":"https:\/\/www.imgcontainerchassis.com\/es\/wp-json\/wp\/v2\/pages"}],"about":[{"href":"https:\/\/www.imgcontainerchassis.com\/es\/wp-json\/wp\/v2\/types\/page"}],"author":[{"embeddable":true,"href":"https:\/\/www.imgcontainerchassis.com\/es\/wp-json\/wp\/v2\/users\/5"}],"replies":[{"embeddable":true,"href":"https:\/\/www.imgcontainerchassis.com\/es\/wp-json\/wp\/v2\/comments?post=74"}],"version-history":[{"count":0,"href":"https:\/\/www.imgcontainerchassis.com\/es\/wp-json\/wp\/v2\/pages\/74\/revisions"}],"wp:attachment":[{"href":"https:\/\/www.imgcontainerchassis.com\/es\/wp-json\/wp\/v2\/media?parent=74"}],"curies":[{"name":"wp","href":"https:\/\/api.w.org\/{rel}","templated":true}]}}