{"id":76,"date":"2013-08-12T20:17:52","date_gmt":"2013-08-12T20:17:52","guid":{"rendered":"https:\/\/imgcontainerchassis.com\/es\/?page_id=76"},"modified":"2016-07-24T16:54:21","modified_gmt":"2016-07-24T16:54:21","slug":"gensets-usados","status":"publish","type":"page","link":"https:\/\/www.imgcontainerchassis.com\/es\/gensets-usados\/","title":{"rendered":"Gensets Usados"},"content":{"rendered":"<pre><div class=\"demo-sep sep-none\" style=\"margin-top:-60px;\"><\/div><\/pre>\n<h1 style=\"text-align: center;\"><span style=\"color: #0000ff;\">Gensets Usados \u2013 Gen sets Usados<\/span><\/h1>\n<pre><div class=\"demo-sep sep-none\" style=\"margin-top:-20px;\"><\/div><\/pre>\n<h2 style=\"text-align: center;\">Gensets Usados &#8211; Generadores usados fabricados por Thermo King, Carrier o Taylor.<\/h2>\n<hr \/>\n<h3><span class=\"dropcap\">IMG<\/span><span style=\"color: #000000;\"><strong>International Commerce Co.<\/strong><\/span> tiene una gran selecci\u00f3n de Gensets \u2013 Generadores Usados, principalmente vendemos Gensets modelo \u201cunderslung\u201d tambi\u00e9n llamados \u201cundermount\u201d, los que van debajo de los chassis portacontenedores. En inventario tambi\u00e9n tenemos Gensets modelo \u201cClip On\u201d los que van al frente del contenedor. Los gensets son marca Thermo King, Taylor o Carrier. <\/h3>\n<div class=\"flexslider\" style=\"overflow:hidden;max-width:100%;height:100%;\"><ul class=\"slides\">\n<li class=\"image\"><img decoding=\"async\" src=\"https:\/\/imgcontainerchassis.com\/es\/wp-content\/uploads\/2013\/08\/gen-sets-usados-1.jpg\" alt=\"\" \/><\/li>\n<li class=\"image\"><img decoding=\"async\" src=\"https:\/\/imgcontainerchassis.com\/es\/wp-content\/uploads\/2013\/08\/gen-sets-usados-2.jpg\" alt=\"\" \/><\/li>\n<li class=\"image\"><img decoding=\"async\" src=\"https:\/\/imgcontainerchassis.com\/es\/wp-content\/uploads\/2013\/08\/gen-sets-usados-3.jpg\" alt=\"\" \/><\/li>\n<li class=\"image\"><img decoding=\"async\" src=\"https:\/\/imgcontainerchassis.com\/es\/wp-content\/uploads\/2013\/08\/gen-sets-usados-4.jpg\" alt=\"\" \/><\/li>\n<li class=\"image\"><img decoding=\"async\" src=\"https:\/\/imgcontainerchassis.com\/es\/wp-content\/uploads\/2013\/08\/gen-sets-usados-5.jpg\" alt=\"\" \/><\/li>\n<li class=\"image\"><img decoding=\"async\" src=\"https:\/\/imgcontainerchassis.com\/es\/wp-content\/uploads\/2013\/08\/gen-sets-usados-6.jpg\" alt=\"\" \/><\/li>\n<li class=\"image\"><img decoding=\"async\" src=\"https:\/\/imgcontainerchassis.com\/es\/wp-content\/uploads\/2013\/08\/gen-sets-usados-7.jpg\" alt=\"\" \/><\/li><\/ul><\/div>\n<pre><div class=\"demo-sep sep-none\" style=\"margin-top:-40px;\"><\/div><\/pre>\n<h3>Los gensets son inspeccionados profesionalmente, hacemos el pre trip y los entregamos LISTOS PARA TRABAJAR.  Los gensets son generadores que proveen energ\u00eda el\u00e9ctrica a la unidad de refrigeraci\u00f3n del contenedor, para que esta unidad genere frio y los productos dentro del contenedor permanezcan fr\u00edos o congelados.<\/h3>\n<blockquote>\n<h3> Los gensets usados son inspeccionados profesionalmente, hacemos el pre trip  y los entregamos LISTOS PARA TRABAJAR.<\/h3>\n<\/blockquote>\n<h3>Somos una compa\u00f1\u00eda profesional sirviendo a clientes en Estados Unidos y en todo el mundo, actualmente estamos exportando Gensets Usados a Chile, Rep\u00fablica Dominicana, Puerto Rico, Bahamas, Islas del Caribe, M\u00e9xico, Costa Rica, Guatemala, Honduras, Nicaragua, Panam\u00e1, Colombia, Ecuador, Per\u00fa, Bolivia, Paraguay, Angola, Nigeria, Costa de Marfil, Kenya, Saud\u00ed Arabia, etc.<\/h3>\n<p style=\"text-align: center;\"><strong>\u00a0<\/strong><\/p>\n<\/h3>\n<div class=\"one_third\"><div class=\"accordian\"><\/div>\n\n<ul class=\"list-icon circle-yes list-icon-color-light list-icon-arrow\">\n<li>Modelo: Underslung o modelo Undermount (los que van debajo de los chassis) <\/li>\n<li>Control: Manual o Electr\u00f3nico<br \/>\nA\u00f1os: 1994 hasta 2010 <\/li>\n<li>Voltaje: 460 volt<br \/>\nCombustible: Di\u00e9sel<\/li>\n<\/ul>\n\n<\/div>\n<p style=\"text-align: center;\"><div class=\"one_third\">\n<div class=\"accordian\"><h5 class=\"toggle \"><a href=\"#\"><span class=\"arrow\"><\/span>ENGLISH CONTENT<\/a><\/h5><div class=\"toggle-content \" style=\"\">You can find all this content in English. <a href=\"https:\/\/www.imgcontainerchassis.com\"><strong>Learn More.<\/strong><\/a><\/div>\n<h5 class=\"toggle active\"><a href=\"#\"><span class=\"arrow\"><\/span>INVENTARIO PARA VENTA<\/a><\/h5><div class=\"toggle-content default-open\" style=\"display: block;\">Vendemos y exportamos porta contenedores y tr\u00e1ilers usados. <a href=\"https:\/\/www.imgcontainerchassis.com\/es\/chassis-porta-contenedores-usados-para-venta\/\"><strong>Leer M\u00e1s<\/strong><\/a><\/div>\n<\/div>\n<\/div>\n<div class=\"one_third last\"><img loading=\"lazy\" decoding=\"async\" class=\"aligncenter size-full wp-image-4718\" alt=\"img-commerce-co-logistica\" src=\"https:\/\/imgcontainerchassis.com\/es\/wp-content\/uploads\/2013\/08\/fotocentro3.jpg\" width=\"704\" height=\"391\" \/><\/p>\n<\/div><div class=\"clearboth\"><\/div>\n<div class=\"demo-sep sep-none\" style=\"margin-top:-20px;\"><\/div>\n<pre><img loading=\"lazy\" decoding=\"async\" class=\"aligncenter size-full wp-image-4721\" alt=\"img-commerce-co-portacontenedores\" src=\"https:\/\/imgcontainerchassis.com\/es\/wp-content\/uploads\/2013\/08\/img-commerce-co-portacontenedores.jpg\" width=\"942\" height=\"150\" \/>\r\n<div class=\"demo-sep sep-none\" style=\"margin-top:-40px;\"><\/div><\/pre>\n","protected":false},"excerpt":{"rendered":"<p>Gensets Usados \u2013 Gen sets Usados Gensets Usados &#8211; Generadores usados fabricados por Thermo King, Carrier o Taylor. International Commerce Co. tiene una gran selecci\u00f3n de Gensets \u2013 Generadores Usados, principalmente vendemos Gensets modelo \u201cunderslung\u201d tambi\u00e9n llamados \u201cundermount\u201d, los que van debajo de los chassis portacontenedores. En inventario tambi\u00e9n tenemos [&hellip;]<\/p>\n","protected":false},"author":5,"featured_media":0,"parent":0,"menu_order":0,"comment_status":"closed","ping_status":"closed","template":"","meta":{"_exactmetrics_skip_tracking":false,"_exactmetrics_sitenote_active":false,"_exactmetrics_sitenote_note":"","_exactmetrics_sitenote_category":0,"footnotes":""},"class_list":["post-76","page","type-page","status-publish","hentry"],"yoast_head":"<!-- This site is optimized with the Yoast SEO plugin v27.4 - https:\/\/yoast.com\/product\/yoast-seo-wordpress\/ -->\n<title>Gensets Usados -<\/title>\n<meta name=\"robots\" content=\"noindex, follow\" \/>\n<meta property=\"og:locale\" content=\"en_US\" \/>\n<meta property=\"og:type\" content=\"article\" \/>\n<meta property=\"og:title\" content=\"Gensets Usados -\" \/>\n<meta property=\"og:description\" content=\"Gensets Usados \u2013 Gen sets Usados Gensets Usados &#8211; Generadores usados fabricados por Thermo King, Carrier o Taylor. International Commerce Co. tiene una gran selecci\u00f3n de Gensets \u2013 Generadores Usados, principalmente vendemos Gensets modelo \u201cunderslung\u201d tambi\u00e9n llamados \u201cundermount\u201d, los que van debajo de los chassis portacontenedores. En inventario tambi\u00e9n tenemos [&hellip;]\" \/>\n<meta property=\"og:url\" content=\"https:\/\/www.imgcontainerchassis.com\/es\/gensets-usados\/\" \/>\n<meta property=\"article:modified_time\" content=\"2016-07-24T16:54:21+00:00\" \/>\n<meta property=\"og:image\" content=\"https:\/\/imgcontainerchassis.com\/es\/wp-content\/uploads\/2013\/08\/fotocentro3.jpg\" \/>\n<meta name=\"twitter:label1\" content=\"Est. reading time\" \/>\n\t<meta name=\"twitter:data1\" content=\"2 minutes\" \/>\n<script type=\"application\/ld+json\" class=\"yoast-schema-graph\">{\"@context\":\"https:\\\/\\\/schema.org\",\"@graph\":[{\"@type\":\"WebPage\",\"@id\":\"https:\\\/\\\/www.imgcontainerchassis.com\\\/es\\\/gensets-usados\\\/\",\"url\":\"https:\\\/\\\/www.imgcontainerchassis.com\\\/es\\\/gensets-usados\\\/\",\"name\":\"Gensets Usados -\",\"isPartOf\":{\"@id\":\"https:\\\/\\\/www.imgcontainerchassis.com\\\/es\\\/#website\"},\"primaryImageOfPage\":{\"@id\":\"https:\\\/\\\/www.imgcontainerchassis.com\\\/es\\\/gensets-usados\\\/#primaryimage\"},\"image\":{\"@id\":\"https:\\\/\\\/www.imgcontainerchassis.com\\\/es\\\/gensets-usados\\\/#primaryimage\"},\"thumbnailUrl\":\"https:\\\/\\\/imgcontainerchassis.com\\\/es\\\/wp-content\\\/uploads\\\/2013\\\/08\\\/fotocentro3.jpg\",\"datePublished\":\"2013-08-12T20:17:52+00:00\",\"dateModified\":\"2016-07-24T16:54:21+00:00\",\"breadcrumb\":{\"@id\":\"https:\\\/\\\/www.imgcontainerchassis.com\\\/es\\\/gensets-usados\\\/#breadcrumb\"},\"inLanguage\":\"en-US\",\"potentialAction\":[{\"@type\":\"ReadAction\",\"target\":[\"https:\\\/\\\/www.imgcontainerchassis.com\\\/es\\\/gensets-usados\\\/\"]}]},{\"@type\":\"ImageObject\",\"inLanguage\":\"en-US\",\"@id\":\"https:\\\/\\\/www.imgcontainerchassis.com\\\/es\\\/gensets-usados\\\/#primaryimage\",\"url\":\"https:\\\/\\\/imgcontainerchassis.com\\\/es\\\/wp-content\\\/uploads\\\/2013\\\/08\\\/fotocentro3.jpg\",\"contentUrl\":\"https:\\\/\\\/imgcontainerchassis.com\\\/es\\\/wp-content\\\/uploads\\\/2013\\\/08\\\/fotocentro3.jpg\"},{\"@type\":\"BreadcrumbList\",\"@id\":\"https:\\\/\\\/www.imgcontainerchassis.com\\\/es\\\/gensets-usados\\\/#breadcrumb\",\"itemListElement\":[{\"@type\":\"ListItem\",\"position\":1,\"name\":\"Home\",\"item\":\"https:\\\/\\\/www.imgcontainerchassis.com\\\/es\\\/\"},{\"@type\":\"ListItem\",\"position\":2,\"name\":\"Gensets Usados\"}]},{\"@type\":\"WebSite\",\"@id\":\"https:\\\/\\\/www.imgcontainerchassis.com\\\/es\\\/#website\",\"url\":\"https:\\\/\\\/www.imgcontainerchassis.com\\\/es\\\/\",\"name\":\"\",\"description\":\"\",\"potentialAction\":[{\"@type\":\"SearchAction\",\"target\":{\"@type\":\"EntryPoint\",\"urlTemplate\":\"https:\\\/\\\/www.imgcontainerchassis.com\\\/es\\\/?s={search_term_string}\"},\"query-input\":{\"@type\":\"PropertyValueSpecification\",\"valueRequired\":true,\"valueName\":\"search_term_string\"}}],\"inLanguage\":\"en-US\"}]}<\/script>\n<!-- \/ Yoast SEO plugin. -->","yoast_head_json":{"title":"Gensets Usados -","robots":{"index":"noindex","follow":"follow"},"og_locale":"en_US","og_type":"article","og_title":"Gensets Usados -","og_description":"Gensets Usados \u2013 Gen sets Usados Gensets Usados &#8211; Generadores usados fabricados por Thermo King, Carrier o Taylor. International Commerce Co. tiene una gran selecci\u00f3n de Gensets \u2013 Generadores Usados, principalmente vendemos Gensets modelo \u201cunderslung\u201d tambi\u00e9n llamados \u201cundermount\u201d, los que van debajo de los chassis portacontenedores. En inventario tambi\u00e9n tenemos [&hellip;]","og_url":"https:\/\/www.imgcontainerchassis.com\/es\/gensets-usados\/","article_modified_time":"2016-07-24T16:54:21+00:00","og_image":[{"url":"https:\/\/imgcontainerchassis.com\/es\/wp-content\/uploads\/2013\/08\/fotocentro3.jpg","type":"","width":"","height":""}],"twitter_misc":{"Est. reading time":"2 minutes"},"schema":{"@context":"https:\/\/schema.org","@graph":[{"@type":"WebPage","@id":"https:\/\/www.imgcontainerchassis.com\/es\/gensets-usados\/","url":"https:\/\/www.imgcontainerchassis.com\/es\/gensets-usados\/","name":"Gensets Usados -","isPartOf":{"@id":"https:\/\/www.imgcontainerchassis.com\/es\/#website"},"primaryImageOfPage":{"@id":"https:\/\/www.imgcontainerchassis.com\/es\/gensets-usados\/#primaryimage"},"image":{"@id":"https:\/\/www.imgcontainerchassis.com\/es\/gensets-usados\/#primaryimage"},"thumbnailUrl":"https:\/\/imgcontainerchassis.com\/es\/wp-content\/uploads\/2013\/08\/fotocentro3.jpg","datePublished":"2013-08-12T20:17:52+00:00","dateModified":"2016-07-24T16:54:21+00:00","breadcrumb":{"@id":"https:\/\/www.imgcontainerchassis.com\/es\/gensets-usados\/#breadcrumb"},"inLanguage":"en-US","potentialAction":[{"@type":"ReadAction","target":["https:\/\/www.imgcontainerchassis.com\/es\/gensets-usados\/"]}]},{"@type":"ImageObject","inLanguage":"en-US","@id":"https:\/\/www.imgcontainerchassis.com\/es\/gensets-usados\/#primaryimage","url":"https:\/\/imgcontainerchassis.com\/es\/wp-content\/uploads\/2013\/08\/fotocentro3.jpg","contentUrl":"https:\/\/imgcontainerchassis.com\/es\/wp-content\/uploads\/2013\/08\/fotocentro3.jpg"},{"@type":"BreadcrumbList","@id":"https:\/\/www.imgcontainerchassis.com\/es\/gensets-usados\/#breadcrumb","itemListElement":[{"@type":"ListItem","position":1,"name":"Home","item":"https:\/\/www.imgcontainerchassis.com\/es\/"},{"@type":"ListItem","position":2,"name":"Gensets Usados"}]},{"@type":"WebSite","@id":"https:\/\/www.imgcontainerchassis.com\/es\/#website","url":"https:\/\/www.imgcontainerchassis.com\/es\/","name":"","description":"","potentialAction":[{"@type":"SearchAction","target":{"@type":"EntryPoint","urlTemplate":"https:\/\/www.imgcontainerchassis.com\/es\/?s={search_term_string}"},"query-input":{"@type":"PropertyValueSpecification","valueRequired":true,"valueName":"search_term_string"}}],"inLanguage":"en-US"}]}},"_links":{"self":[{"href":"https:\/\/www.imgcontainerchassis.com\/es\/wp-json\/wp\/v2\/pages\/76","targetHints":{"allow":["GET"]}}],"collection":[{"href":"https:\/\/www.imgcontainerchassis.com\/es\/wp-json\/wp\/v2\/pages"}],"about":[{"href":"https:\/\/www.imgcontainerchassis.com\/es\/wp-json\/wp\/v2\/types\/page"}],"author":[{"embeddable":true,"href":"https:\/\/www.imgcontainerchassis.com\/es\/wp-json\/wp\/v2\/users\/5"}],"replies":[{"embeddable":true,"href":"https:\/\/www.imgcontainerchassis.com\/es\/wp-json\/wp\/v2\/comments?post=76"}],"version-history":[{"count":0,"href":"https:\/\/www.imgcontainerchassis.com\/es\/wp-json\/wp\/v2\/pages\/76\/revisions"}],"wp:attachment":[{"href":"https:\/\/www.imgcontainerchassis.com\/es\/wp-json\/wp\/v2\/media?parent=76"}],"curies":[{"name":"wp","href":"https:\/\/api.w.org\/{rel}","templated":true}]}}